{"id":32761,"date":"2016-09-25T23:27:48","date_gmt":"2016-09-25T23:27:48","guid":{"rendered":"https:\/\/www.reefshops.com\/product\/2015-novo-produto-180g-bonus-alta-proteina-tartaruga-varas-comida-b01072\/"},"modified":"2025-03-16T08:20:45","modified_gmt":"2025-03-16T08:20:45","slug":"2015-novo-produto-180g-bonus-alta-proteina-tartaruga-varas-comida-b01072","status":"publish","type":"product","link":"https:\/\/www.reefshops.com\/pt-br\/produto\/2015-novo-produto-180g-bonus-alta-proteina-tartaruga-varas-comida-b01072\/","title":{"rendered":"2015 novo produto 180G B\u00d4NUS alta prote\u00edna tartaruga varas comida B01072"},"content":{"rendered":"<article class=\"article richtext richtext-detail AE:disable\" id=\"richTextContainer\">\n<div style=\"clear:both\">\n<p><span style=\"font-size: 18px\">2015 novo produto 180G B\u00d4NUS alta prote\u00edna tartaruga palitos comida B01072 <br \/><\/span><\/p>\n<\/p>\n<p><span style=\"font-size: 18px\">Benef\u00edcio:<\/span><\/p>\n<p><span style=\"color: #333333;font-family: Arial;font-size: large\"><span style=\"line-height: 24px\">1.A f\u00f3rmula que cont\u00e9m grandes quantidades de prote\u00edna animal melhora o crescimento das tartarugas;<\/span><\/span><\/p>\n<p><span style=\"color: #333333;font-size: large\"><span style=\"line-height: 24px\">2.O c\u00e1lcio apropriado torna a carapa\u00e7a e os ossos das tartarugas fortes.<\/span><\/span><\/p>\n<\/p>\n<p><\/span><\/p>\n<div style=\"clear:both\"><\/article>\n","protected":false},"excerpt":{"rendered":"<p>2015 novo produto 180G B\u00d4NUS alta prote\u00edna tartaruga varas comida B01072<\/p>\n","protected":false},"featured_media":2605,"comment_status":"open","ping_status":"closed","template":"","meta":[],"product_brand":[],"product_cat":[627],"product_tag":[],"class_list":{"0":"post-32761","1":"product","2":"type-product","3":"status-publish","4":"has-post-thumbnail","6":"product_cat-filtros-de-aquario","8":"first","9":"instock","10":"shipping-taxable","11":"purchasable","12":"product-type-simple","13":"add-to-wishlist-after_add_to_cart"},"jetpack_sharing_enabled":true,"_links":{"self":[{"href":"https:\/\/www.reefshops.com\/pt-br\/wp-json\/wp\/v2\/product\/32761","targetHints":{"allow":["GET"]}}],"collection":[{"href":"https:\/\/www.reefshops.com\/pt-br\/wp-json\/wp\/v2\/product"}],"about":[{"href":"https:\/\/www.reefshops.com\/pt-br\/wp-json\/wp\/v2\/types\/product"}],"replies":[{"embeddable":true,"href":"https:\/\/www.reefshops.com\/pt-br\/wp-json\/wp\/v2\/comments?post=32761"}],"wp:featuredmedia":[{"embeddable":true,"href":"https:\/\/www.reefshops.com\/pt-br\/wp-json\/wp\/v2\/media\/2605"}],"wp:attachment":[{"href":"https:\/\/www.reefshops.com\/pt-br\/wp-json\/wp\/v2\/media?parent=32761"}],"wp:term":[{"taxonomy":"product_brand","embeddable":true,"href":"https:\/\/www.reefshops.com\/pt-br\/wp-json\/wp\/v2\/product_brand?post=32761"},{"taxonomy":"product_cat","embeddable":true,"href":"https:\/\/www.reefshops.com\/pt-br\/wp-json\/wp\/v2\/product_cat?post=32761"},{"taxonomy":"product_tag","embeddable":true,"href":"https:\/\/www.reefshops.com\/pt-br\/wp-json\/wp\/v2\/product_tag?post=32761"}],"curies":[{"name":"wp","href":"https:\/\/api.w.org\/{rel}","templated":true}]}}