{"id":32789,"date":"2016-09-25T23:27:48","date_gmt":"2016-09-25T23:27:48","guid":{"rendered":"https:\/\/www.reefshops.com\/product\/2014-novo-produto-300g-bonus-comida-de-peixe-aruana-b01043\/"},"modified":"2025-03-16T08:20:51","modified_gmt":"2025-03-16T08:20:51","slug":"2014-novo-produto-300g-bonus-comida-de-peixe-aruana-b01043","status":"publish","type":"product","link":"https:\/\/www.reefshops.com\/pt-br\/produto\/2014-novo-produto-300g-bonus-comida-de-peixe-aruana-b01043\/","title":{"rendered":"2014 novo produto 300G B\u00d4NUS comida de peixe aruan\u00e3 B01043"},"content":{"rendered":"<article class=\"article richtext richtext-detail AE:disable\" id=\"richTextContainer\">\n<div style=\"clear:both\">\n<p><span style=\"font-size: 18px\">2014 novo produto 300G B\u00d4NUS comida de peixe aruan\u00e3 B01043 <br \/><\/span><\/p>\n<\/p>\n<p><span style=\"font-size: 18px\">Benef\u00edcio:<\/span><\/p>\n<p style=\"border: 0px;font-family: Arial,Helvetica;line-height: 0px;font-family: font-size: 18px;isso\">1.A f\u00f3rmula, que cont\u00e9m krill ant\u00e1rtico, inser\u00e7\u00f5es e lula, melhora o crescimento do aruan\u00e3;<\/span><\/p>\n<p><span style=\"font-family: Arial\"><span style=\"line-height: 24px\">2.C\u00e1lcio e fosfato fortalecem o aruan\u00e3 osso<\/span><\/span><span style=\"color: #333333\">;<\/span><br \/><\/span><\/p>\n<p style=\"border: 0px;color: #333333\"><span>3.<\/span><span style=\"vertical-align: baseline\"><span style=\"font-family: Helvetica, Tahoma, Arial, sans-serif\">A espirulina natural e a astacina tornam o aruan\u00e3 bonito e forte.<\/span><\/span><\/p>\n<div style=\"clear:both\"><\/article>\n","protected":false},"excerpt":{"rendered":"<p>2014 novo produto 300G B\u00d4NUS comida de peixe aruan\u00e3 B01043<\/p>\n","protected":false},"featured_media":2665,"comment_status":"open","ping_status":"closed","template":"","meta":[],"product_brand":[],"product_cat":[627],"product_tag":[],"class_list":{"0":"post-32789","1":"product","2":"type-product","3":"status-publish","4":"has-post-thumbnail","6":"product_cat-filtros-de-aquario","8":"first","9":"instock","10":"shipping-taxable","11":"purchasable","12":"product-type-simple","13":"add-to-wishlist-after_add_to_cart"},"jetpack_sharing_enabled":true,"_links":{"self":[{"href":"https:\/\/www.reefshops.com\/pt-br\/wp-json\/wp\/v2\/product\/32789","targetHints":{"allow":["GET"]}}],"collection":[{"href":"https:\/\/www.reefshops.com\/pt-br\/wp-json\/wp\/v2\/product"}],"about":[{"href":"https:\/\/www.reefshops.com\/pt-br\/wp-json\/wp\/v2\/types\/product"}],"replies":[{"embeddable":true,"href":"https:\/\/www.reefshops.com\/pt-br\/wp-json\/wp\/v2\/comments?post=32789"}],"wp:featuredmedia":[{"embeddable":true,"href":"https:\/\/www.reefshops.com\/pt-br\/wp-json\/wp\/v2\/media\/2665"}],"wp:attachment":[{"href":"https:\/\/www.reefshops.com\/pt-br\/wp-json\/wp\/v2\/media?parent=32789"}],"wp:term":[{"taxonomy":"product_brand","embeddable":true,"href":"https:\/\/www.reefshops.com\/pt-br\/wp-json\/wp\/v2\/product_brand?post=32789"},{"taxonomy":"product_cat","embeddable":true,"href":"https:\/\/www.reefshops.com\/pt-br\/wp-json\/wp\/v2\/product_cat?post=32789"},{"taxonomy":"product_tag","embeddable":true,"href":"https:\/\/www.reefshops.com\/pt-br\/wp-json\/wp\/v2\/product_tag?post=32789"}],"curies":[{"name":"wp","href":"https:\/\/api.w.org\/{rel}","templated":true}]}}