{"id":32801,"date":"2016-09-25T23:27:48","date_gmt":"2016-09-25T23:27:48","guid":{"rendered":"https:\/\/www.reefshops.com\/product\/promocao-de-vendas-jebao-wave-maker-com-bomba-de-helice-de-controlador-sem-fio-rw4\/"},"modified":"2025-03-16T08:20:53","modified_gmt":"2025-03-16T08:20:53","slug":"promocao-de-vendas-jebao-wave-maker-com-bomba-de-helice-de-controlador-sem-fio-rw4","status":"publish","type":"product","link":"https:\/\/www.reefshops.com\/pt-br\/produto\/promocao-de-vendas-jebao-wave-maker-com-bomba-de-helice-de-controlador-sem-fio-rw4\/","title":{"rendered":"Promo\u00e7\u00e3o de vendas Jebao wave maker com bomba de h\u00e9lice de controlador sem fio RW4"},"content":{"rendered":"<article class=\"article richtext richtext-detail AE:disable\" id=\"richTextContainer\">\n<div style=\"clear:both\">\n<p><span style=\"font-size: 18px\">Promo\u00e7\u00e3o de vendas Jebao wave maker com bomba de h\u00e9lice de controle sem fio RW4 <\/span><\/p>\n<\/p>\n<p><span style=\"font-size: 18px\">Benef\u00edcio:<\/span><\/p>\n<p style=\"border: 0px;font-family: Arial,Helvetica;line-height: 15px;vertical-align: linha de base;color: #333333\"><span style=\"margin: 0px;padding: 0px;border: 0px;font-family: Arial;font-size: 18px;font-style: herdar;font-weight: herdar;line-height: 24px\"> 1,40% maior que o criador de ondas normal; 18px; estilo da fonte: herdar; peso da fonte: herdar; altura da linha: 24px; alinhamento vertical: linha de base;&#8221;&gt;<span style=\"font-family: Arial\"><span style=\"line-height: 24px\">2.<\/span><\/span><span style=\"color: #333333;line-height: 15px\">Consumo de energia super baixo, economia de energia de 30%;<\/span><br \/><\/span><\/p>\n<p style=\"border: 0px;color: #333333\"><span>3.<span style=\"color: #333333;line-height: 15px\">Excelente qualidade com o melhor pre\u00e7o<\/span>;<\/span><\/p>\n<p style=\"border: 0px;color: #333333\"><span>4.Rotor de eixo cer\u00e2mico fixo, silencioso e us\u00e1vel;<\/span><\/p>\n<p style=\"border: 0px;color: #333333\"><span>5. Unidade magn\u00e9tica sem \u00f3leo;<\/span><\/p>\n<p style=\"border: 0px;color: #333333\"><span>6.Adequado para \u00e1gua doce e \u00e1gua do mar;<\/span><\/p>\n<p style=\"border: 0px;color: #333333\"><span>7. Incluindo um controlador sem fio, pode usar qualquer combina\u00e7\u00e3o de pluralidade de bombas.<\/span><\/p>\n<div style=\"clear:both\"><\/article>\n","protected":false},"excerpt":{"rendered":"<p>Promo\u00e7\u00e3o de vendas Jebao wave maker com bomba de h\u00e9lice de controlador sem fio RW4<\/p>\n","protected":false},"featured_media":2686,"comment_status":"open","ping_status":"closed","template":"","meta":[],"product_brand":[],"product_cat":[627],"product_tag":[],"class_list":{"0":"post-32801","1":"product","2":"type-product","3":"status-publish","4":"has-post-thumbnail","6":"product_cat-filtros-de-aquario","8":"first","9":"instock","10":"shipping-taxable","11":"purchasable","12":"product-type-simple","13":"add-to-wishlist-after_add_to_cart"},"jetpack_sharing_enabled":true,"_links":{"self":[{"href":"https:\/\/www.reefshops.com\/pt-br\/wp-json\/wp\/v2\/product\/32801","targetHints":{"allow":["GET"]}}],"collection":[{"href":"https:\/\/www.reefshops.com\/pt-br\/wp-json\/wp\/v2\/product"}],"about":[{"href":"https:\/\/www.reefshops.com\/pt-br\/wp-json\/wp\/v2\/types\/product"}],"replies":[{"embeddable":true,"href":"https:\/\/www.reefshops.com\/pt-br\/wp-json\/wp\/v2\/comments?post=32801"}],"wp:featuredmedia":[{"embeddable":true,"href":"https:\/\/www.reefshops.com\/pt-br\/wp-json\/wp\/v2\/media\/2686"}],"wp:attachment":[{"href":"https:\/\/www.reefshops.com\/pt-br\/wp-json\/wp\/v2\/media?parent=32801"}],"wp:term":[{"taxonomy":"product_brand","embeddable":true,"href":"https:\/\/www.reefshops.com\/pt-br\/wp-json\/wp\/v2\/product_brand?post=32801"},{"taxonomy":"product_cat","embeddable":true,"href":"https:\/\/www.reefshops.com\/pt-br\/wp-json\/wp\/v2\/product_cat?post=32801"},{"taxonomy":"product_tag","embeddable":true,"href":"https:\/\/www.reefshops.com\/pt-br\/wp-json\/wp\/v2\/product_tag?post=32801"}],"curies":[{"name":"wp","href":"https:\/\/api.w.org\/{rel}","templated":true}]}}