{"id":32818,"date":"2016-09-25T23:27:49","date_gmt":"2016-09-25T23:27:49","guid":{"rendered":"https:\/\/www.reefshops.com\/product\/135g-250ml-sera-alimento-granulado-para-peixes-de-aquario-para-ciclideos\/"},"modified":"2025-03-16T08:20:57","modified_gmt":"2025-03-16T08:20:57","slug":"135g-250ml-sera-alimento-granulado-para-peixes-de-aquario-para-ciclideos","status":"publish","type":"product","link":"https:\/\/www.reefshops.com\/pt-br\/produto\/135g-250ml-sera-alimento-granulado-para-peixes-de-aquario-para-ciclideos\/","title":{"rendered":"135g 250ml sera alimento granulado para peixes de aqu\u00e1rio para cicl\u00eddeos"},"content":{"rendered":"<article class=\"article richtext richtext-detail AE:disable\" id=\"richTextContainer\">\n<div style=\"clear:both\">\n<p><span style=\"font-family: 'times new roman', times;font-size: 24px\"> 135g 250ml SERA alimento granulado para peixes de aqu\u00e1rio para cicl\u00eddeos<\/span><br \/><span style=\"font-family: 'times new roman', times\">1. excelente qualidade<\/span><br \/><span style=\"font-family: 'times new roman', times;font-size: 24px;color: #000000\">2. pre\u00e7o razo\u00e1vel<\/span><br \/><span style=\"font-family: 'times new roman', times\">3.volume \u00e9 135G\/250ML<\/span><\/p>\n<p><span style=\"font-family: 'times new roman', times\">4. <span style=\"line-height: 18.1875px\">Este alimento granulado cont\u00e9m uma grande percentagem de prote\u00ednas de alta qualidade provenientes de organismos aqu\u00e1ticos e, portanto, destina-se principalmente a cicl\u00eddeos predadores. Quando combinado com granugreen, o granulado \u00e9 uma varia\u00e7\u00e3o interessante tamb\u00e9m para peixes on\u00edvoros. Os peixes rec\u00e9m-importados aceitam prontamente a comida. Ele mant\u00e9m sua forma e, portanto, permanece atraente tamb\u00e9m depois de afundar.<\/span><br \/><\/span><\/p>\n<p><span style=\"font-family: 'times new roman', times;font-size: 24px;color: #000000\">5.a embalagem \u00e9 de 24 barris\/caixa <\/span><\/p>\n<div style=\"clear:both\"><\/article>\n","protected":false},"excerpt":{"rendered":"<p>135g 250ml sera alimento granulado para peixes de aqu\u00e1rio para cicl\u00eddeos<\/p>\n","protected":false},"featured_media":2716,"comment_status":"open","ping_status":"closed","template":"","meta":[],"product_brand":[],"product_cat":[627],"product_tag":[],"class_list":{"0":"post-32818","1":"product","2":"type-product","3":"status-publish","4":"has-post-thumbnail","6":"product_cat-filtros-de-aquario","8":"first","9":"instock","10":"shipping-taxable","11":"purchasable","12":"product-type-simple","13":"add-to-wishlist-after_add_to_cart"},"jetpack_sharing_enabled":true,"_links":{"self":[{"href":"https:\/\/www.reefshops.com\/pt-br\/wp-json\/wp\/v2\/product\/32818","targetHints":{"allow":["GET"]}}],"collection":[{"href":"https:\/\/www.reefshops.com\/pt-br\/wp-json\/wp\/v2\/product"}],"about":[{"href":"https:\/\/www.reefshops.com\/pt-br\/wp-json\/wp\/v2\/types\/product"}],"replies":[{"embeddable":true,"href":"https:\/\/www.reefshops.com\/pt-br\/wp-json\/wp\/v2\/comments?post=32818"}],"wp:featuredmedia":[{"embeddable":true,"href":"https:\/\/www.reefshops.com\/pt-br\/wp-json\/wp\/v2\/media\/2716"}],"wp:attachment":[{"href":"https:\/\/www.reefshops.com\/pt-br\/wp-json\/wp\/v2\/media?parent=32818"}],"wp:term":[{"taxonomy":"product_brand","embeddable":true,"href":"https:\/\/www.reefshops.com\/pt-br\/wp-json\/wp\/v2\/product_brand?post=32818"},{"taxonomy":"product_cat","embeddable":true,"href":"https:\/\/www.reefshops.com\/pt-br\/wp-json\/wp\/v2\/product_cat?post=32818"},{"taxonomy":"product_tag","embeddable":true,"href":"https:\/\/www.reefshops.com\/pt-br\/wp-json\/wp\/v2\/product_tag?post=32818"}],"curies":[{"name":"wp","href":"https:\/\/api.w.org\/{rel}","templated":true}]}}