{"id":32836,"date":"2016-09-25T23:27:49","date_gmt":"2016-09-25T23:27:49","guid":{"rendered":"https:\/\/www.reefshops.com\/product\/bomba-de-ar-super-silenciosa-para-aquario-hopar-ac-dc-7w-ad8000\/"},"modified":"2025-03-16T08:21:01","modified_gmt":"2025-03-16T08:21:01","slug":"bomba-de-ar-super-silenciosa-para-aquario-hopar-ac-dc-7w-ad8000","status":"publish","type":"product","link":"https:\/\/www.reefshops.com\/pt-br\/produto\/bomba-de-ar-super-silenciosa-para-aquario-hopar-ac-dc-7w-ad8000\/","title":{"rendered":"Bomba de ar super silenciosa para aqu\u00e1rio Hopar AC\/DC 7W AD8000"},"content":{"rendered":"<article class=\"article richtext richtext-detail AE:disable\" id=\"richTextContainer\">\n<div style=\"clear:both\">\n<div><span style=\"font-family: 'times new roman', times;font-size: 24px\"> 7W Hopar AC\/DC aqu\u00e1rio super silencioso bomba de ar AD8000<\/span><\/div>\n<div><span style=\"font-family: 'times new roman', times;font-size: 24px\">1.Micro regulador est\u00e1 dispon\u00edvel no modo de opera\u00e7\u00e3o AC.A sa\u00edda de ar pode ser ajustada conforme desejado.<\/span><br \/><span style=\"font-family: 'times new roman', times;font-size: 24px\">2.Design de abafamento duplo, baixo ru\u00eddo, grande sa\u00edda de ar e alta press\u00e3o.<\/span><br \/><span style=\"font-family: 'times new roman', times;24px\">3.Controle inteligente de microcomputador e circuitos de prote\u00e7\u00e3o da bateria.<\/span><br \/><span style=\"font-family: 'times new roman', times;font-size: 24px\">4.A bateria pode ser carregada quando a bomba estiver conectada \u00e0 fonte de alimenta\u00e7\u00e3o CA.<\/span><br \/>&lt;span style=&quot;font-family: &#039;times new roman&#039;, times; para CC quando a CA est\u00e1 desligada. A alimenta\u00e7\u00e3o CC pode funcionar por at\u00e9 6 horas quando a alimenta\u00e7\u00e3o CA falhar e pode operar com 4 baterias UN-1 alternadamente.<\/span><\/div>\n<div style=\"clear:both\"><\/article>\n","protected":false},"excerpt":{"rendered":"<p>Bomba de ar super silenciosa para aqu\u00e1rio Hopar AC\/DC 7W AD8000<\/p>\n","protected":false},"featured_media":2751,"comment_status":"open","ping_status":"closed","template":"","meta":[],"product_brand":[],"product_cat":[627],"product_tag":[],"class_list":{"0":"post-32836","1":"product","2":"type-product","3":"status-publish","4":"has-post-thumbnail","6":"product_cat-filtros-de-aquario","8":"first","9":"instock","10":"shipping-taxable","11":"purchasable","12":"product-type-simple","13":"add-to-wishlist-after_add_to_cart"},"jetpack_sharing_enabled":true,"_links":{"self":[{"href":"https:\/\/www.reefshops.com\/pt-br\/wp-json\/wp\/v2\/product\/32836","targetHints":{"allow":["GET"]}}],"collection":[{"href":"https:\/\/www.reefshops.com\/pt-br\/wp-json\/wp\/v2\/product"}],"about":[{"href":"https:\/\/www.reefshops.com\/pt-br\/wp-json\/wp\/v2\/types\/product"}],"replies":[{"embeddable":true,"href":"https:\/\/www.reefshops.com\/pt-br\/wp-json\/wp\/v2\/comments?post=32836"}],"wp:featuredmedia":[{"embeddable":true,"href":"https:\/\/www.reefshops.com\/pt-br\/wp-json\/wp\/v2\/media\/2751"}],"wp:attachment":[{"href":"https:\/\/www.reefshops.com\/pt-br\/wp-json\/wp\/v2\/media?parent=32836"}],"wp:term":[{"taxonomy":"product_brand","embeddable":true,"href":"https:\/\/www.reefshops.com\/pt-br\/wp-json\/wp\/v2\/product_brand?post=32836"},{"taxonomy":"product_cat","embeddable":true,"href":"https:\/\/www.reefshops.com\/pt-br\/wp-json\/wp\/v2\/product_cat?post=32836"},{"taxonomy":"product_tag","embeddable":true,"href":"https:\/\/www.reefshops.com\/pt-br\/wp-json\/wp\/v2\/product_tag?post=32836"}],"curies":[{"name":"wp","href":"https:\/\/api.w.org\/{rel}","templated":true}]}}