{"id":32904,"date":"2016-09-25T23:27:52","date_gmt":"2016-09-25T23:27:52","guid":{"rendered":"https:\/\/www.reefshops.com\/product\/filtro-canister-externo-para-aquario-jebao-e203u\/"},"modified":"2025-03-16T08:21:16","modified_gmt":"2025-03-16T08:21:16","slug":"filtro-canister-externo-para-aquario-jebao-e203u","status":"publish","type":"product","link":"https:\/\/www.reefshops.com\/pt-br\/produto\/filtro-canister-externo-para-aquario-jebao-e203u\/","title":{"rendered":"Filtro canister externo para aqu\u00e1rio Jebao E203U"},"content":{"rendered":"<article class=\"article richtext richtext-detail AE:disable\" id=\"richTextContainer\">\n<div style=\"clear:both\">\n<p><span style=\"font-family: Times New Roman\"><span style=\"font-size: 14pt\"> Filtro de recipiente externo para aqu\u00e1rio Jebao E203U<br \/>1 Distintivamente um sistema de filtragem superior, energeticamente eficiente e poderoso<br \/>2 Design modular para uma variedade de filtros medianas<br \/>3 Configura\u00e7\u00e3o simples e f\u00e1cil instala\u00e7\u00e3o<\/span><\/span><\/p>\n<p><span style=\"font-family: Times New Roman\"><span style=\"font-size: 14pt\">4 Distintamente um sistema de filtragem superior<\/span><\/span><\/p>\n<p><span style=\"font-family: Times New Roman\"><span style=\"font-size: 14pt\">5 Par\u00e2metros (220V 50Hz)<\/span><\/span><\/p>\n<p><span style=\"font-family: Times New Roman\"><span style=\"font-size: 14pt\">6 Adequado para sistema de circula\u00e7\u00e3o fora do tanque, que n\u00e3o compartilharia espa\u00e7o dentro do tanque.<\/span><\/span><\/p>\n<p><span style=\"font-family: Times New Roman\"><span style=\"font-size: 14pt\">7 Distintamente um sistema de filtragem superior<\/span><\/span><\/p>\n<div style=\"clear:both\"><\/article>\n","protected":false},"excerpt":{"rendered":"<p>Filtro canister externo para aqu\u00e1rio Jebao E203U<\/p>\n","protected":false},"featured_media":2888,"comment_status":"open","ping_status":"closed","template":"","meta":[],"product_brand":[],"product_cat":[627],"product_tag":[],"class_list":{"0":"post-32904","1":"product","2":"type-product","3":"status-publish","4":"has-post-thumbnail","6":"product_cat-filtros-de-aquario","8":"first","9":"instock","10":"shipping-taxable","11":"purchasable","12":"product-type-simple","13":"add-to-wishlist-after_add_to_cart"},"jetpack_sharing_enabled":true,"_links":{"self":[{"href":"https:\/\/www.reefshops.com\/pt-br\/wp-json\/wp\/v2\/product\/32904","targetHints":{"allow":["GET"]}}],"collection":[{"href":"https:\/\/www.reefshops.com\/pt-br\/wp-json\/wp\/v2\/product"}],"about":[{"href":"https:\/\/www.reefshops.com\/pt-br\/wp-json\/wp\/v2\/types\/product"}],"replies":[{"embeddable":true,"href":"https:\/\/www.reefshops.com\/pt-br\/wp-json\/wp\/v2\/comments?post=32904"}],"wp:featuredmedia":[{"embeddable":true,"href":"https:\/\/www.reefshops.com\/pt-br\/wp-json\/wp\/v2\/media\/2888"}],"wp:attachment":[{"href":"https:\/\/www.reefshops.com\/pt-br\/wp-json\/wp\/v2\/media?parent=32904"}],"wp:term":[{"taxonomy":"product_brand","embeddable":true,"href":"https:\/\/www.reefshops.com\/pt-br\/wp-json\/wp\/v2\/product_brand?post=32904"},{"taxonomy":"product_cat","embeddable":true,"href":"https:\/\/www.reefshops.com\/pt-br\/wp-json\/wp\/v2\/product_cat?post=32904"},{"taxonomy":"product_tag","embeddable":true,"href":"https:\/\/www.reefshops.com\/pt-br\/wp-json\/wp\/v2\/product_tag?post=32904"}],"curies":[{"name":"wp","href":"https:\/\/api.w.org\/{rel}","templated":true}]}}