{"id":32928,"date":"2016-09-25T23:27:52","date_gmt":"2016-09-25T23:27:52","guid":{"rendered":"https:\/\/www.reefshops.com\/product\/1-kg-de-racao-para-peixe-sera-aruana-de-2-mm\/"},"modified":"2025-03-16T08:21:22","modified_gmt":"2025-03-16T08:21:22","slug":"1-kg-de-racao-para-peixe-sera-aruana-de-2-mm","status":"publish","type":"product","link":"https:\/\/www.reefshops.com\/pt-br\/produto\/1-kg-de-racao-para-peixe-sera-aruana-de-2-mm\/","title":{"rendered":"1 kg de ra\u00e7\u00e3o para peixe SERA aruan\u00e3 de 2 mm"},"content":{"rendered":"<article class=\"article richtext richtext-detail AE:disable\" id=\"richTextContainer\">\n<div style=\"clear:both\">\n<p><span style=\"font-family: 'times new roman', times;font-size: 24px\"> 1kg 2mm SERA arowana fish food<\/span><br \/><span style=\"font-family: 'times new roman', times;font-size: 24px\">1.excelente qualidade<\/span><br \/><span style=\"font-family: 'times new roman', times;font-size: 24px\">2.pre\u00e7o razo\u00e1vel<\/span><br \/><span style=\"font-family: 'times new roman', times;font-size: 24px\">3.peso \u00e9 1KG, tamanho \u00e9 2mm<\/span><br \/><span style=\"font-family: 'times new roman', times;font-size: 24px\">4.terno para aruan\u00e3s, cicl\u00eddeos e outros peixes carn\u00edvoros anteriores de tamanho m\u00e9dio<\/span><\/p>\n<p><span style=\"font-family: 'times new roman', times\">5.a embalagem \u00e9 de 6 barris\/caixa <\/span><\/p>\n<div style=\"clear:both\"><\/article>\n","protected":false},"excerpt":{"rendered":"<p>1 kg de ra\u00e7\u00e3o para peixe SERA aruan\u00e3 de 2 mm<\/p>\n","protected":false},"featured_media":2936,"comment_status":"open","ping_status":"closed","template":"","meta":[],"product_brand":[],"product_cat":[627],"product_tag":[],"class_list":{"0":"post-32928","1":"product","2":"type-product","3":"status-publish","4":"has-post-thumbnail","6":"product_cat-filtros-de-aquario","8":"first","9":"instock","10":"shipping-taxable","11":"purchasable","12":"product-type-simple","13":"add-to-wishlist-after_add_to_cart"},"jetpack_sharing_enabled":true,"_links":{"self":[{"href":"https:\/\/www.reefshops.com\/pt-br\/wp-json\/wp\/v2\/product\/32928","targetHints":{"allow":["GET"]}}],"collection":[{"href":"https:\/\/www.reefshops.com\/pt-br\/wp-json\/wp\/v2\/product"}],"about":[{"href":"https:\/\/www.reefshops.com\/pt-br\/wp-json\/wp\/v2\/types\/product"}],"replies":[{"embeddable":true,"href":"https:\/\/www.reefshops.com\/pt-br\/wp-json\/wp\/v2\/comments?post=32928"}],"wp:featuredmedia":[{"embeddable":true,"href":"https:\/\/www.reefshops.com\/pt-br\/wp-json\/wp\/v2\/media\/2936"}],"wp:attachment":[{"href":"https:\/\/www.reefshops.com\/pt-br\/wp-json\/wp\/v2\/media?parent=32928"}],"wp:term":[{"taxonomy":"product_brand","embeddable":true,"href":"https:\/\/www.reefshops.com\/pt-br\/wp-json\/wp\/v2\/product_brand?post=32928"},{"taxonomy":"product_cat","embeddable":true,"href":"https:\/\/www.reefshops.com\/pt-br\/wp-json\/wp\/v2\/product_cat?post=32928"},{"taxonomy":"product_tag","embeddable":true,"href":"https:\/\/www.reefshops.com\/pt-br\/wp-json\/wp\/v2\/product_tag?post=32928"}],"curies":[{"name":"wp","href":"https:\/\/api.w.org\/{rel}","templated":true}]}}