{"id":32975,"date":"2016-09-25T23:27:54","date_gmt":"2016-09-25T23:27:54","guid":{"rendered":"https:\/\/www.reefshops.com\/product\/380g-2mm-de-comida-para-peixe-sera-aruana\/"},"modified":"2025-03-16T08:21:33","modified_gmt":"2025-03-16T08:21:33","slug":"380g-2mm-de-comida-para-peixe-sera-aruana","status":"publish","type":"product","link":"https:\/\/www.reefshops.com\/pt-br\/produto\/380g-2mm-de-comida-para-peixe-sera-aruana\/","title":{"rendered":"380g 2mm de comida para peixe sera aruan\u00e3"},"content":{"rendered":"<article class=\"article richtext richtext-detail AE:disable\" id=\"richTextContainer\">\n<div style=\"clear:both\">\n<p><span style=\"font-family: 'times new roman', times;font-size: 24px\"> 380g 2mm SERA arowana fish food<\/span><br \/><span style=\"font-family: 'times new roman', times;font-size: 24px\">1. excelente qualidade<\/span><br \/><span style=\"font-family: 'times new roman', times;font-size: 24px\">2. pre\u00e7o razo\u00e1vel<\/span><br \/><span style=\"font-family: 'times new roman', times;font-size: 24px\">3.volume \u00e9 380G,tamanho \u00e9 2mm<\/span><br \/><span style=\"font-family: 'times new roman', times;font-size: 24px\">4.suit para aruan\u00e3s de pequeno a m\u00e9dio porte, cicl\u00eddeos e outros carn\u00edvoros anteriores peixe<\/span><\/p>\n<div style=\"clear:both\"><\/article>\n","protected":false},"excerpt":{"rendered":"<p>380g 2mm de comida para peixe sera aruan\u00e3<\/p>\n","protected":false},"featured_media":3030,"comment_status":"open","ping_status":"closed","template":"","meta":[],"product_brand":[],"product_cat":[627],"product_tag":[],"class_list":{"0":"post-32975","1":"product","2":"type-product","3":"status-publish","4":"has-post-thumbnail","6":"product_cat-filtros-de-aquario","8":"first","9":"instock","10":"shipping-taxable","11":"purchasable","12":"product-type-simple","13":"add-to-wishlist-after_add_to_cart"},"jetpack_sharing_enabled":true,"_links":{"self":[{"href":"https:\/\/www.reefshops.com\/pt-br\/wp-json\/wp\/v2\/product\/32975","targetHints":{"allow":["GET"]}}],"collection":[{"href":"https:\/\/www.reefshops.com\/pt-br\/wp-json\/wp\/v2\/product"}],"about":[{"href":"https:\/\/www.reefshops.com\/pt-br\/wp-json\/wp\/v2\/types\/product"}],"replies":[{"embeddable":true,"href":"https:\/\/www.reefshops.com\/pt-br\/wp-json\/wp\/v2\/comments?post=32975"}],"wp:featuredmedia":[{"embeddable":true,"href":"https:\/\/www.reefshops.com\/pt-br\/wp-json\/wp\/v2\/media\/3030"}],"wp:attachment":[{"href":"https:\/\/www.reefshops.com\/pt-br\/wp-json\/wp\/v2\/media?parent=32975"}],"wp:term":[{"taxonomy":"product_brand","embeddable":true,"href":"https:\/\/www.reefshops.com\/pt-br\/wp-json\/wp\/v2\/product_brand?post=32975"},{"taxonomy":"product_cat","embeddable":true,"href":"https:\/\/www.reefshops.com\/pt-br\/wp-json\/wp\/v2\/product_cat?post=32975"},{"taxonomy":"product_tag","embeddable":true,"href":"https:\/\/www.reefshops.com\/pt-br\/wp-json\/wp\/v2\/product_tag?post=32975"}],"curies":[{"name":"wp","href":"https:\/\/api.w.org\/{rel}","templated":true}]}}