{"id":33027,"date":"2016-09-25T23:27:55","date_gmt":"2016-09-25T23:27:55","guid":{"rendered":"https:\/\/www.reefshops.com\/product\/aquecedor-de-aquario-anti-rachadura-150w-j223\/"},"modified":"2025-03-16T08:21:45","modified_gmt":"2025-03-16T08:21:45","slug":"aquecedor-de-aquario-anti-rachadura-150w-j223","status":"publish","type":"product","link":"https:\/\/www.reefshops.com\/pt-br\/produto\/aquecedor-de-aquario-anti-rachadura-150w-j223\/","title":{"rendered":"Aquecedor de aqu\u00e1rio anti-rachadura 150W J223"},"content":{"rendered":"<article class=\"article richtext richtext-detail AE:disable\" id=\"richTextContainer\">\n<h2 class=\"article-title\">Especifica\u00e7\u00f5es<\/h2>\n<div style=\"clear:both\"> Aquecedor de aqu\u00e1rio anti-rachadura de 150W J223 <br \/>1 configura\u00e7\u00e3o f\u00e1cil e precisa da temperatura desejada <br \/>2 indicadores de temperatura de estilo s\u00e3o vis\u00edveis <\/p>\n<div style=\"clear:both\">\n<p>150W Aquecedor de aqu\u00e1rio anti-rachadura J223<\/p>\n<p>1 configura\u00e7\u00e3o f\u00e1cil e precisa da temperatura desejada<br \/>2 indicadores de temperatura de estilo s\u00e3o vis\u00edveis <\/p>\n<p>3 termostatos sens\u00edveis e confi\u00e1veis \u200b\u200bmant\u00eam a temperatura uniforme<\/p>\n<p>4 elementos de aquecimento s\u00e3o altamente eficientes e compactos<\/p>\n<p>5 projetados para uso prolongado e seguran\u00e7a completa<\/p>\n<div style=\"clear:both\"><\/article>\n","protected":false},"excerpt":{"rendered":"<p>Aquecedor de aqu\u00e1rio anti-rachadura 150W J223<\/p>\n","protected":false},"featured_media":3134,"comment_status":"open","ping_status":"closed","template":"","meta":[],"product_brand":[],"product_cat":[627],"product_tag":[],"class_list":{"0":"post-33027","1":"product","2":"type-product","3":"status-publish","4":"has-post-thumbnail","6":"product_cat-filtros-de-aquario","8":"first","9":"instock","10":"shipping-taxable","11":"purchasable","12":"product-type-simple","13":"add-to-wishlist-after_add_to_cart"},"jetpack_sharing_enabled":true,"_links":{"self":[{"href":"https:\/\/www.reefshops.com\/pt-br\/wp-json\/wp\/v2\/product\/33027","targetHints":{"allow":["GET"]}}],"collection":[{"href":"https:\/\/www.reefshops.com\/pt-br\/wp-json\/wp\/v2\/product"}],"about":[{"href":"https:\/\/www.reefshops.com\/pt-br\/wp-json\/wp\/v2\/types\/product"}],"replies":[{"embeddable":true,"href":"https:\/\/www.reefshops.com\/pt-br\/wp-json\/wp\/v2\/comments?post=33027"}],"wp:featuredmedia":[{"embeddable":true,"href":"https:\/\/www.reefshops.com\/pt-br\/wp-json\/wp\/v2\/media\/3134"}],"wp:attachment":[{"href":"https:\/\/www.reefshops.com\/pt-br\/wp-json\/wp\/v2\/media?parent=33027"}],"wp:term":[{"taxonomy":"product_brand","embeddable":true,"href":"https:\/\/www.reefshops.com\/pt-br\/wp-json\/wp\/v2\/product_brand?post=33027"},{"taxonomy":"product_cat","embeddable":true,"href":"https:\/\/www.reefshops.com\/pt-br\/wp-json\/wp\/v2\/product_cat?post=33027"},{"taxonomy":"product_tag","embeddable":true,"href":"https:\/\/www.reefshops.com\/pt-br\/wp-json\/wp\/v2\/product_tag?post=33027"}],"curies":[{"name":"wp","href":"https:\/\/api.w.org\/{rel}","templated":true}]}}