{"id":33056,"date":"2016-09-25T23:27:57","date_gmt":"2016-09-25T23:27:57","guid":{"rendered":"https:\/\/www.reefshops.com\/product\/amazon-cria-espirito-de-tartaruga\/"},"modified":"2025-03-16T08:21:52","modified_gmt":"2025-03-16T08:21:52","slug":"amazon-cria-espirito-de-tartaruga","status":"publish","type":"product","link":"https:\/\/www.reefshops.com\/pt-br\/produto\/amazon-cria-espirito-de-tartaruga\/","title":{"rendered":"Amazon cria esp\u00edrito de tartaruga"},"content":{"rendered":"<article class=\"article richtext richtext-detail AE:disable\" id=\"richTextContainer\">\n<h2 class=\"article-title\">Especifica\u00e7\u00f5es<\/h2>\n<div style=\"clear:both\"> Amazon Raise Tortoise Spirit <br \/>1. especialmente para tartaruga brasileira<br \/>2. tratamento muito \u00f3bvio e o papel da prote\u00e7\u00e3o \u00e0 sa\u00fade <\/p>\n<div style=\"clear:both\">\n<div><span style=\"font-size: small\">Amazon Raise Tortoise Spirit<br \/>1 Raise tortise spirit \u00e9 um tipo de l\u00edquido medicinal desenvolvido especialmente para a tartaruga brasileira. etc.doen\u00e7a do sistema digestivo, tem um tratamento muito \u00f3bvio e o papel da prote\u00e7\u00e3o da sa\u00fade. <\/span><\/div>\n<p><span><span><span style=\"font-size: small\">2 se a tartaruga tiver condi\u00e7\u00e3o de malha de couro, pode usar rem\u00e9dio com etiqueta de algod\u00e3o, lavar diretamente para aplicar problemas, colocar.\u00e9 todos os dias tr\u00eas, usr 2-3 dias de rem\u00e9dios continuamente. se tiver nojo de comer, olho meng etc. pode pingar diretamente na \u00e1gua, 15 minutos trocar \u00e1gua nova. tartaruga mililitro r\u00e1pido.<\/span><\/span><\/span><\/p>\n<dl>\n<dt><span><span><span style=\"font-size: small\"> <\/span><\/span><\/span><\/dt>\n<\/dl>\n<div style=\"clear:both\"><\/article>\n","protected":false},"excerpt":{"rendered":"<p>Amazon cria esp\u00edrito de tartaruga<\/p>\n","protected":false},"featured_media":3192,"comment_status":"open","ping_status":"closed","template":"","meta":[],"product_brand":[],"product_cat":[627],"product_tag":[],"class_list":{"0":"post-33056","1":"product","2":"type-product","3":"status-publish","4":"has-post-thumbnail","6":"product_cat-filtros-de-aquario","8":"first","9":"instock","10":"shipping-taxable","11":"purchasable","12":"product-type-simple","13":"add-to-wishlist-after_add_to_cart"},"jetpack_sharing_enabled":true,"_links":{"self":[{"href":"https:\/\/www.reefshops.com\/pt-br\/wp-json\/wp\/v2\/product\/33056","targetHints":{"allow":["GET"]}}],"collection":[{"href":"https:\/\/www.reefshops.com\/pt-br\/wp-json\/wp\/v2\/product"}],"about":[{"href":"https:\/\/www.reefshops.com\/pt-br\/wp-json\/wp\/v2\/types\/product"}],"replies":[{"embeddable":true,"href":"https:\/\/www.reefshops.com\/pt-br\/wp-json\/wp\/v2\/comments?post=33056"}],"wp:featuredmedia":[{"embeddable":true,"href":"https:\/\/www.reefshops.com\/pt-br\/wp-json\/wp\/v2\/media\/3192"}],"wp:attachment":[{"href":"https:\/\/www.reefshops.com\/pt-br\/wp-json\/wp\/v2\/media?parent=33056"}],"wp:term":[{"taxonomy":"product_brand","embeddable":true,"href":"https:\/\/www.reefshops.com\/pt-br\/wp-json\/wp\/v2\/product_brand?post=33056"},{"taxonomy":"product_cat","embeddable":true,"href":"https:\/\/www.reefshops.com\/pt-br\/wp-json\/wp\/v2\/product_cat?post=33056"},{"taxonomy":"product_tag","embeddable":true,"href":"https:\/\/www.reefshops.com\/pt-br\/wp-json\/wp\/v2\/product_tag?post=33056"}],"curies":[{"name":"wp","href":"https:\/\/api.w.org\/{rel}","templated":true}]}}