{"id":33430,"date":"2016-09-25T23:27:58","date_gmt":"2016-09-25T23:27:58","guid":{"rendered":"https:\/\/www.reefshops.com\/product\/unidade-de-resfriamento-boyu-1-8hp-c160\/"},"modified":"2025-03-16T08:28:06","modified_gmt":"2025-03-16T08:28:06","slug":"unidade-de-resfriamento-boyu-1-8hp-c160","status":"publish","type":"product","link":"https:\/\/www.reefshops.com\/pt-br\/produto\/unidade-de-resfriamento-boyu-1-8hp-c160\/","title":{"rendered":"Unidade de resfriamento BOYU 1\/8HP C160"},"content":{"rendered":"<article class=\"article richtext richtext-detail AE:disable\" id=\"richTextContainer\">\n<div style=\"clear:both\">\n<p><span style=\"color: #666666;font-family: 'times new roman', times;font-size: 24px\">Unidade de resfriamento BOYU C160 de 1\/8 HP<br \/><\/span><\/p>\n<p><span style=\"color: #666666;font-family: 'times new roman', times;font-size: 24px\">1.A super-refrigera\u00e7\u00e3o pode diminuir a temperatura da \u00e1gua de 35\u00b0C para 18\u00b0C \u200b\u200brapidamente. style=&#8221;clear:both;&#8221;&gt;<\/article>\n","protected":false},"excerpt":{"rendered":"<p>Unidade de resfriamento BOYU 1\/8HP C160<\/p>\n","protected":false},"featured_media":3321,"comment_status":"open","ping_status":"closed","template":"","meta":[],"product_brand":[],"product_cat":[627],"product_tag":[],"class_list":{"0":"post-33430","1":"product","2":"type-product","3":"status-publish","4":"has-post-thumbnail","6":"product_cat-filtros-de-aquario","8":"first","9":"instock","10":"shipping-taxable","11":"purchasable","12":"product-type-simple","13":"add-to-wishlist-after_add_to_cart"},"jetpack_sharing_enabled":true,"_links":{"self":[{"href":"https:\/\/www.reefshops.com\/pt-br\/wp-json\/wp\/v2\/product\/33430","targetHints":{"allow":["GET"]}}],"collection":[{"href":"https:\/\/www.reefshops.com\/pt-br\/wp-json\/wp\/v2\/product"}],"about":[{"href":"https:\/\/www.reefshops.com\/pt-br\/wp-json\/wp\/v2\/types\/product"}],"replies":[{"embeddable":true,"href":"https:\/\/www.reefshops.com\/pt-br\/wp-json\/wp\/v2\/comments?post=33430"}],"wp:featuredmedia":[{"embeddable":true,"href":"https:\/\/www.reefshops.com\/pt-br\/wp-json\/wp\/v2\/media\/3321"}],"wp:attachment":[{"href":"https:\/\/www.reefshops.com\/pt-br\/wp-json\/wp\/v2\/media?parent=33430"}],"wp:term":[{"taxonomy":"product_brand","embeddable":true,"href":"https:\/\/www.reefshops.com\/pt-br\/wp-json\/wp\/v2\/product_brand?post=33430"},{"taxonomy":"product_cat","embeddable":true,"href":"https:\/\/www.reefshops.com\/pt-br\/wp-json\/wp\/v2\/product_cat?post=33430"},{"taxonomy":"product_tag","embeddable":true,"href":"https:\/\/www.reefshops.com\/pt-br\/wp-json\/wp\/v2\/product_tag?post=33430"}],"curies":[{"name":"wp","href":"https:\/\/api.w.org\/{rel}","templated":true}]}}