{"id":33434,"date":"2016-09-25T23:27:58","date_gmt":"2016-09-25T23:27:58","guid":{"rendered":"https:\/\/www.reefshops.com\/product\/320w-resun-eletrico-poderoso-compressor-de-ar-portatil-ca-aco-012\/"},"modified":"2025-03-16T08:28:06","modified_gmt":"2025-03-16T08:28:06","slug":"320w-resun-eletrico-poderoso-compressor-de-ar-portatil-ca-aco-012","status":"publish","type":"product","link":"https:\/\/www.reefshops.com\/pt-br\/produto\/320w-resun-eletrico-poderoso-compressor-de-ar-portatil-ca-aco-012\/","title":{"rendered":"320w resun el\u00e9trico poderoso compressor de ar port\u00e1til CA ACO-012"},"content":{"rendered":"<article class=\"article richtext richtext-detail AE:disable\" id=\"richTextContainer\">\n<div style=\"clear:both\">\n<p align=\"left\"><span style=\"font-family: 'times new roman', times;font-size: 24px\"> 320w resun el\u00e9trico poderoso compressor de ar CA port\u00e1til ACO-012 <\/span><\/p>\n<p><span style=\"font-family: 'times new roman', vezes\">a. Conveniente para operar e sem necessidade de \u00f3leo lubrificante.<\/span><\/p>\n<p><span style=\"font-family: 'times new roman', times;font-size: 24px\">b. Cilindro e pist\u00e3o fortes e dur\u00e1veis \u200b\u200bresultam em alta press\u00e3o e economia de energia<\/span><\/p>\n<p><span style=\"font-family: 'times new roman', times;font-size: 24px\">c. Divisores de ar inclu\u00eddos<\/span><\/p>\n<p><span style=\"font-family: 'times new roman', times;font-size: 24px\">d. Amplamente utilizado em fazendas de peixes, restaurantes de frutos do mar e aqu\u00e1rios para fins de oxigena\u00e7\u00e3o.<\/p>\n","protected":false},"excerpt":{"rendered":"<p>320w resun el\u00e9trico poderoso compressor de ar port\u00e1til CA ACO-012<\/p>\n","protected":false},"featured_media":3329,"comment_status":"open","ping_status":"closed","template":"","meta":[],"product_brand":[],"product_cat":[627],"product_tag":[],"class_list":{"0":"post-33434","1":"product","2":"type-product","3":"status-publish","4":"has-post-thumbnail","6":"product_cat-filtros-de-aquario","8":"first","9":"instock","10":"shipping-taxable","11":"purchasable","12":"product-type-simple","13":"add-to-wishlist-after_add_to_cart"},"jetpack_sharing_enabled":true,"_links":{"self":[{"href":"https:\/\/www.reefshops.com\/pt-br\/wp-json\/wp\/v2\/product\/33434","targetHints":{"allow":["GET"]}}],"collection":[{"href":"https:\/\/www.reefshops.com\/pt-br\/wp-json\/wp\/v2\/product"}],"about":[{"href":"https:\/\/www.reefshops.com\/pt-br\/wp-json\/wp\/v2\/types\/product"}],"replies":[{"embeddable":true,"href":"https:\/\/www.reefshops.com\/pt-br\/wp-json\/wp\/v2\/comments?post=33434"}],"wp:featuredmedia":[{"embeddable":true,"href":"https:\/\/www.reefshops.com\/pt-br\/wp-json\/wp\/v2\/media\/3329"}],"wp:attachment":[{"href":"https:\/\/www.reefshops.com\/pt-br\/wp-json\/wp\/v2\/media?parent=33434"}],"wp:term":[{"taxonomy":"product_brand","embeddable":true,"href":"https:\/\/www.reefshops.com\/pt-br\/wp-json\/wp\/v2\/product_brand?post=33434"},{"taxonomy":"product_cat","embeddable":true,"href":"https:\/\/www.reefshops.com\/pt-br\/wp-json\/wp\/v2\/product_cat?post=33434"},{"taxonomy":"product_tag","embeddable":true,"href":"https:\/\/www.reefshops.com\/pt-br\/wp-json\/wp\/v2\/product_tag?post=33434"}],"curies":[{"name":"wp","href":"https:\/\/api.w.org\/{rel}","templated":true}]}}