{"id":33537,"date":"2016-09-25T23:28:02","date_gmt":"2016-09-25T23:28:02","guid":{"rendered":"https:\/\/www.reefshops.com\/product\/bomba-de-agua-submersivel-140w-resun-s7000\/"},"modified":"2025-03-16T08:28:27","modified_gmt":"2025-03-16T08:28:27","slug":"bomba-de-agua-submersivel-140w-resun-s7000","status":"publish","type":"product","link":"https:\/\/www.reefshops.com\/pt-br\/produto\/bomba-de-agua-submersivel-140w-resun-s7000\/","title":{"rendered":"Bomba de \u00e1gua submers\u00edvel 140W RESUN s7000"},"content":{"rendered":"<article class=\"article richtext richtext-detail AE:disable\" id=\"richTextContainer\">\n<div style=\"clear:both\">\n<p><span style=\"font-family: 'times new roman', times;font-size: 24px\"> Bomba de \u00e1gua submers\u00edvel 140W RESUN s7000 <\/span><\/p>\n<p><span style=\"font-family: 'times new roman', times\">a. Design patenteado elegante e exclusivo<\/span><\/p>\n<p><span style=\"font-family: 'times new roman', times;font-size: 24px\">b. Tamanho compacto e f\u00e1cil de instalar<\/span><\/p>\n<p><span style=\"font-family: 'times new roman', times;font-size: 24px\">c. Adequado para \u00e1gua doce e marinha<\/span><\/p>\n<p><span style=\"font-family: 'times new roman', times;font-size: 24px\">d. Fornecido com esponja de filtro<\/span><\/p>\n<p><span style=\"font-family: 'times new roman', times;font-size: 24px\">e. Ideal para exibi\u00e7\u00e3o de aqu\u00e1rios, lagos, fontes e cachoeiras<\/span><\/p>\n<p><span style=\"font-family: 'times new roman', times;font-size: 24px\">f. Uma ampla variedade de fontes opcionais<\/span><\/p>\n<\/p>\n<\/p>\n<div style=\"clear:both\"><\/article>\n","protected":false},"excerpt":{"rendered":"<p>Bomba de \u00e1gua submers\u00edvel 140W RESUN s7000<\/p>\n","protected":false},"featured_media":3526,"comment_status":"open","ping_status":"closed","template":"","meta":[],"product_brand":[],"product_cat":[627],"product_tag":[],"class_list":{"0":"post-33537","1":"product","2":"type-product","3":"status-publish","4":"has-post-thumbnail","6":"product_cat-filtros-de-aquario","8":"first","9":"instock","10":"shipping-taxable","11":"purchasable","12":"product-type-simple","13":"add-to-wishlist-after_add_to_cart"},"jetpack_sharing_enabled":true,"_links":{"self":[{"href":"https:\/\/www.reefshops.com\/pt-br\/wp-json\/wp\/v2\/product\/33537","targetHints":{"allow":["GET"]}}],"collection":[{"href":"https:\/\/www.reefshops.com\/pt-br\/wp-json\/wp\/v2\/product"}],"about":[{"href":"https:\/\/www.reefshops.com\/pt-br\/wp-json\/wp\/v2\/types\/product"}],"replies":[{"embeddable":true,"href":"https:\/\/www.reefshops.com\/pt-br\/wp-json\/wp\/v2\/comments?post=33537"}],"wp:featuredmedia":[{"embeddable":true,"href":"https:\/\/www.reefshops.com\/pt-br\/wp-json\/wp\/v2\/media\/3526"}],"wp:attachment":[{"href":"https:\/\/www.reefshops.com\/pt-br\/wp-json\/wp\/v2\/media?parent=33537"}],"wp:term":[{"taxonomy":"product_brand","embeddable":true,"href":"https:\/\/www.reefshops.com\/pt-br\/wp-json\/wp\/v2\/product_brand?post=33537"},{"taxonomy":"product_cat","embeddable":true,"href":"https:\/\/www.reefshops.com\/pt-br\/wp-json\/wp\/v2\/product_cat?post=33537"},{"taxonomy":"product_tag","embeddable":true,"href":"https:\/\/www.reefshops.com\/pt-br\/wp-json\/wp\/v2\/product_tag?post=33537"}],"curies":[{"name":"wp","href":"https:\/\/api.w.org\/{rel}","templated":true}]}}