{"id":33606,"date":"2016-09-25T23:28:02","date_gmt":"2016-09-25T23:28:02","guid":{"rendered":"https:\/\/www.reefshops.com\/product\/aquecedor-de-aquario-inoxidavel-sobo-200w-hg-200\/"},"modified":"2025-03-16T08:28:41","modified_gmt":"2025-03-16T08:28:41","slug":"aquecedor-de-aquario-inoxidavel-sobo-200w-hg-200","status":"publish","type":"product","link":"https:\/\/www.reefshops.com\/pt-br\/produto\/aquecedor-de-aquario-inoxidavel-sobo-200w-hg-200\/","title":{"rendered":"Aquecedor de aqu\u00e1rio inoxid\u00e1vel SOBO 200W HG-200"},"content":{"rendered":"<article class=\"article richtext richtext-detail AE:disable\" id=\"richTextContainer\">\n<h2 class=\"article-title\">Especifica\u00e7\u00f5es<\/h2>\n<div style=\"clear:both\"> Aquecedor de aqu\u00e1rio inoxid\u00e1vel SOBO 200W HG-200 <br \/>1. tubo de aquecimento autom\u00e1tico <br \/>2.anti-explos\u00e3o <br \/>3.leitura f\u00e1cil <\/p>\n<div style=\"clear:both\">\n<p>Aquecedor de aqu\u00e1rio inoxid\u00e1vel SOBO de 200W HG-200<\/p>\n<p>1.tubo de aquecimento totalmente autom\u00e1tico, vedando muito bem<br \/>2.leitura direta e exibi\u00e7\u00e3o de temperatura de manifesta\u00e7\u00e3o<\/p>\n<p>3.tipo completamente submers\u00edvel<\/p>\n<p>4.muito preciso, uso conveniente<\/p>\n<p>5.embalagem:60 pe\u00e7as\/caixa<\/p>\n<p>6.anti-explos\u00e3o<\/p>\n<div style=\"clear:both\"><\/article>\n","protected":false},"excerpt":{"rendered":"<p>Aquecedor de aqu\u00e1rio inoxid\u00e1vel SOBO 200W HG-200<\/p>\n","protected":false},"featured_media":3665,"comment_status":"open","ping_status":"closed","template":"","meta":[],"product_brand":[],"product_cat":[627],"product_tag":[],"class_list":{"0":"post-33606","1":"product","2":"type-product","3":"status-publish","4":"has-post-thumbnail","6":"product_cat-filtros-de-aquario","8":"first","9":"instock","10":"shipping-taxable","11":"purchasable","12":"product-type-simple","13":"add-to-wishlist-after_add_to_cart"},"jetpack_sharing_enabled":true,"_links":{"self":[{"href":"https:\/\/www.reefshops.com\/pt-br\/wp-json\/wp\/v2\/product\/33606","targetHints":{"allow":["GET"]}}],"collection":[{"href":"https:\/\/www.reefshops.com\/pt-br\/wp-json\/wp\/v2\/product"}],"about":[{"href":"https:\/\/www.reefshops.com\/pt-br\/wp-json\/wp\/v2\/types\/product"}],"replies":[{"embeddable":true,"href":"https:\/\/www.reefshops.com\/pt-br\/wp-json\/wp\/v2\/comments?post=33606"}],"wp:featuredmedia":[{"embeddable":true,"href":"https:\/\/www.reefshops.com\/pt-br\/wp-json\/wp\/v2\/media\/3665"}],"wp:attachment":[{"href":"https:\/\/www.reefshops.com\/pt-br\/wp-json\/wp\/v2\/media?parent=33606"}],"wp:term":[{"taxonomy":"product_brand","embeddable":true,"href":"https:\/\/www.reefshops.com\/pt-br\/wp-json\/wp\/v2\/product_brand?post=33606"},{"taxonomy":"product_cat","embeddable":true,"href":"https:\/\/www.reefshops.com\/pt-br\/wp-json\/wp\/v2\/product_cat?post=33606"},{"taxonomy":"product_tag","embeddable":true,"href":"https:\/\/www.reefshops.com\/pt-br\/wp-json\/wp\/v2\/product_tag?post=33606"}],"curies":[{"name":"wp","href":"https:\/\/api.w.org\/{rel}","templated":true}]}}