{"id":33631,"date":"2016-09-25T23:28:03","date_gmt":"2016-09-25T23:28:03","guid":{"rendered":"https:\/\/www.reefshops.com\/product\/aquecedor-de-aquario-digital-led-300w-sobo\/"},"modified":"2025-03-16T08:28:46","modified_gmt":"2025-03-16T08:28:46","slug":"aquecedor-de-aquario-digital-led-300w-sobo","status":"publish","type":"product","link":"https:\/\/www.reefshops.com\/pt-br\/produto\/aquecedor-de-aquario-digital-led-300w-sobo\/","title":{"rendered":"Aquecedor de aqu\u00e1rio digital LED 300W SOBO"},"content":{"rendered":"<article class=\"article richtext richtext-detail AE:disable\" id=\"richTextContainer\">\n<h2 class=\"article-title\">Especifica\u00e7\u00f5es<\/h2>\n<div style=\"clear:both\"> Aquecedor de aqu\u00e1rio LED digital SOBO 300W <br \/>1. Aquecedor LED <br \/>2. Anti explos\u00e3o temperatura 3.Reliable e leitura f\u00e1cil 4. submers\u00edvel <\/p>\n<div style=\"clear:both\">\n<p>Aquecedor de aqu\u00e1rio LED digital SOBO 300W<br \/>1. Aquecedor LED <\/p>\n<p>2. Anti explos\u00e3o<br \/>temperatura 3.Reliable e leitura f\u00e1cil<br \/>4. submers\u00edvel<\/p>\n<p>5. embalagem: 20 pe\u00e7as por caixa<\/p>\n<\/p>\n<div style=\"clear:both\"><\/article>\n","protected":false},"excerpt":{"rendered":"<p>Aquecedor de aqu\u00e1rio digital LED 300W SOBO<\/p>\n","protected":false},"featured_media":3715,"comment_status":"open","ping_status":"closed","template":"","meta":[],"product_brand":[],"product_cat":[627],"product_tag":[],"class_list":{"0":"post-33631","1":"product","2":"type-product","3":"status-publish","4":"has-post-thumbnail","6":"product_cat-filtros-de-aquario","8":"first","9":"instock","10":"shipping-taxable","11":"purchasable","12":"product-type-simple","13":"add-to-wishlist-after_add_to_cart"},"jetpack_sharing_enabled":true,"_links":{"self":[{"href":"https:\/\/www.reefshops.com\/pt-br\/wp-json\/wp\/v2\/product\/33631","targetHints":{"allow":["GET"]}}],"collection":[{"href":"https:\/\/www.reefshops.com\/pt-br\/wp-json\/wp\/v2\/product"}],"about":[{"href":"https:\/\/www.reefshops.com\/pt-br\/wp-json\/wp\/v2\/types\/product"}],"replies":[{"embeddable":true,"href":"https:\/\/www.reefshops.com\/pt-br\/wp-json\/wp\/v2\/comments?post=33631"}],"wp:featuredmedia":[{"embeddable":true,"href":"https:\/\/www.reefshops.com\/pt-br\/wp-json\/wp\/v2\/media\/3715"}],"wp:attachment":[{"href":"https:\/\/www.reefshops.com\/pt-br\/wp-json\/wp\/v2\/media?parent=33631"}],"wp:term":[{"taxonomy":"product_brand","embeddable":true,"href":"https:\/\/www.reefshops.com\/pt-br\/wp-json\/wp\/v2\/product_brand?post=33631"},{"taxonomy":"product_cat","embeddable":true,"href":"https:\/\/www.reefshops.com\/pt-br\/wp-json\/wp\/v2\/product_cat?post=33631"},{"taxonomy":"product_tag","embeddable":true,"href":"https:\/\/www.reefshops.com\/pt-br\/wp-json\/wp\/v2\/product_tag?post=33631"}],"curies":[{"name":"wp","href":"https:\/\/api.w.org\/{rel}","templated":true}]}}