{"id":33708,"date":"2016-09-25T23:28:05","date_gmt":"2016-09-25T23:28:05","guid":{"rendered":"https:\/\/www.reefshops.com\/product\/luz-solar-vermelha-para-aquario-10w-boyu\/"},"modified":"2025-03-16T08:29:02","modified_gmt":"2025-03-16T08:29:02","slug":"luz-solar-vermelha-para-aquario-10w-boyu","status":"publish","type":"product","link":"https:\/\/www.reefshops.com\/pt-br\/produto\/luz-solar-vermelha-para-aquario-10w-boyu\/","title":{"rendered":"Luz solar vermelha para aqu\u00e1rio 10W BOYU"},"content":{"rendered":"<article class=\"article richtext richtext-detail AE:disable\" id=\"richTextContainer\">\n<h2 class=\"article-title\">Especifica\u00e7\u00f5es<\/h2>\n<div style=\"clear:both\"> Luz solar de aqu\u00e1rio vermelha BOYU 10W <br \/>1.fortalecendo a exporta\u00e7\u00e3o para o espectro \u00f3ptico de vermelho e azul<br \/>2.adequado para peixes tropicais e frasco de vidro <\/p>\n<div style=\"clear:both\">\n<p>Luz solar vermelha de aqu\u00e1rio BOYU de 10W<\/p>\n<p>1. fortalecendo a exporta\u00e7\u00e3o para o espectro \u00f3ptico de vermelho e azul, de modo a criar sua crista de onda equivalente ao vermelho e azul da luz solar, isso dar\u00e1 o melhor resultado para a fotoss\u00edntese, melhorando o brilho do vidro de \u00e1gua, aumentando a fluoresc\u00eancia dos peixes tropicais, enfatizando a cor natural da visualiza\u00e7\u00e3o dos peixes e construindo a atmosfera quente para sua caixa de animais aqu\u00e1ticos.<br \/><span style=\"color: #000066\">2. Gama adequada:<\/span> frasco de vidro para peixes tropicais e \u00e1gua<\/p>\n<p>3. embalagem: 25 pe\u00e7as\/caixa <\/p>\n<\/p>\n<div style=\"clear:both\"><\/article>\n","protected":false},"excerpt":{"rendered":"<p>Luz solar vermelha para aqu\u00e1rio 10W BOYU<\/p>\n","protected":false},"featured_media":3865,"comment_status":"open","ping_status":"closed","template":"","meta":[],"product_brand":[],"product_cat":[627],"product_tag":[],"class_list":{"0":"post-33708","1":"product","2":"type-product","3":"status-publish","4":"has-post-thumbnail","6":"product_cat-filtros-de-aquario","8":"first","9":"instock","10":"shipping-taxable","11":"purchasable","12":"product-type-simple","13":"add-to-wishlist-after_add_to_cart"},"jetpack_sharing_enabled":true,"_links":{"self":[{"href":"https:\/\/www.reefshops.com\/pt-br\/wp-json\/wp\/v2\/product\/33708","targetHints":{"allow":["GET"]}}],"collection":[{"href":"https:\/\/www.reefshops.com\/pt-br\/wp-json\/wp\/v2\/product"}],"about":[{"href":"https:\/\/www.reefshops.com\/pt-br\/wp-json\/wp\/v2\/types\/product"}],"replies":[{"embeddable":true,"href":"https:\/\/www.reefshops.com\/pt-br\/wp-json\/wp\/v2\/comments?post=33708"}],"wp:featuredmedia":[{"embeddable":true,"href":"https:\/\/www.reefshops.com\/pt-br\/wp-json\/wp\/v2\/media\/3865"}],"wp:attachment":[{"href":"https:\/\/www.reefshops.com\/pt-br\/wp-json\/wp\/v2\/media?parent=33708"}],"wp:term":[{"taxonomy":"product_brand","embeddable":true,"href":"https:\/\/www.reefshops.com\/pt-br\/wp-json\/wp\/v2\/product_brand?post=33708"},{"taxonomy":"product_cat","embeddable":true,"href":"https:\/\/www.reefshops.com\/pt-br\/wp-json\/wp\/v2\/product_cat?post=33708"},{"taxonomy":"product_tag","embeddable":true,"href":"https:\/\/www.reefshops.com\/pt-br\/wp-json\/wp\/v2\/product_tag?post=33708"}],"curies":[{"name":"wp","href":"https:\/\/api.w.org\/{rel}","templated":true}]}}