{"id":33745,"date":"2016-09-25T23:28:07","date_gmt":"2016-09-25T23:28:07","guid":{"rendered":"https:\/\/www.reefshops.com\/product\/alimentador-automatico-de-comida-para-peixes-yinsheng-a-0303\/"},"modified":"2025-03-16T08:29:10","modified_gmt":"2025-03-16T08:29:10","slug":"alimentador-automatico-de-comida-para-peixes-yinsheng-a-0303","status":"publish","type":"product","link":"https:\/\/www.reefshops.com\/pt-br\/produto\/alimentador-automatico-de-comida-para-peixes-yinsheng-a-0303\/","title":{"rendered":"Alimentador autom\u00e1tico de comida para peixes YINSHENG A-0303"},"content":{"rendered":"<article class=\"article richtext richtext-detail AE:disable\" id=\"richTextContainer\">\n<div style=\"clear:both\">\n<p><span style=\"font-family: 'times new roman', times;font-size: 24px\">Alimentador autom\u00e1tico de alimentos para peixes YINSHENG A-0303<\/span><\/p>\n<p><span style=\"font-family: 'times new roman', times;font-size: 24px\">1. Alimentos secos e soltos em flocos e pellets podem ser usados<\/span><\/p>\n<p><span style=\"font-family: 'times new roman', times;font-size: 24px\">2. Ideal para v\u00e1rios tamanhos de aqu\u00e1rios<\/span><\/p>\n<p><span style=\"font-family: 'times new roman', times;font-size: 24px\">3. Temporizador digital para configurar programas regulares de alimenta\u00e7\u00e3o<\/span><\/p>\n<p><span style=\"font-family: 'times new roman', times;font-size: 24px\">4. Sistema \u00fanico para evitar que os alimentos fiquem hidratados ou entupidos no dispensador<\/span><\/p>\n<p><span style=\"font-family: 'times new roman', times;font-size: 24px\">5. Pode ser operado autom\u00e1tica ou manualmente, facilitando a manuten\u00e7\u00e3o dos peixes<\/span><\/p>\n<div style=\"clear:both\"><\/article>\n","protected":false},"excerpt":{"rendered":"<p>Alimentador autom\u00e1tico de comida para peixes YINSHENG A-0303<\/p>\n","protected":false},"featured_media":3939,"comment_status":"open","ping_status":"closed","template":"","meta":[],"product_brand":[],"product_cat":[627],"product_tag":[],"class_list":{"0":"post-33745","1":"product","2":"type-product","3":"status-publish","4":"has-post-thumbnail","6":"product_cat-filtros-de-aquario","8":"first","9":"instock","10":"shipping-taxable","11":"purchasable","12":"product-type-simple","13":"add-to-wishlist-after_add_to_cart"},"jetpack_sharing_enabled":true,"_links":{"self":[{"href":"https:\/\/www.reefshops.com\/pt-br\/wp-json\/wp\/v2\/product\/33745","targetHints":{"allow":["GET"]}}],"collection":[{"href":"https:\/\/www.reefshops.com\/pt-br\/wp-json\/wp\/v2\/product"}],"about":[{"href":"https:\/\/www.reefshops.com\/pt-br\/wp-json\/wp\/v2\/types\/product"}],"replies":[{"embeddable":true,"href":"https:\/\/www.reefshops.com\/pt-br\/wp-json\/wp\/v2\/comments?post=33745"}],"wp:featuredmedia":[{"embeddable":true,"href":"https:\/\/www.reefshops.com\/pt-br\/wp-json\/wp\/v2\/media\/3939"}],"wp:attachment":[{"href":"https:\/\/www.reefshops.com\/pt-br\/wp-json\/wp\/v2\/media?parent=33745"}],"wp:term":[{"taxonomy":"product_brand","embeddable":true,"href":"https:\/\/www.reefshops.com\/pt-br\/wp-json\/wp\/v2\/product_brand?post=33745"},{"taxonomy":"product_cat","embeddable":true,"href":"https:\/\/www.reefshops.com\/pt-br\/wp-json\/wp\/v2\/product_cat?post=33745"},{"taxonomy":"product_tag","embeddable":true,"href":"https:\/\/www.reefshops.com\/pt-br\/wp-json\/wp\/v2\/product_tag?post=33745"}],"curies":[{"name":"wp","href":"https:\/\/api.w.org\/{rel}","templated":true}]}}