{"id":35028,"date":"2016-09-25T23:28:12","date_gmt":"2016-09-25T23:28:12","guid":{"rendered":"https:\/\/www.reefshops.com\/product\/aquecedor-de-aquario-ht2150-boyu-para-vedacao-de-plastico\/"},"modified":"2025-03-16T08:36:03","modified_gmt":"2025-03-16T08:36:03","slug":"aquecedor-de-aquario-ht2150-boyu-para-vedacao-de-plastico","status":"publish","type":"product","link":"https:\/\/www.reefshops.com\/pt-br\/produto\/aquecedor-de-aquario-ht2150-boyu-para-vedacao-de-plastico\/","title":{"rendered":"Aquecedor de aqu\u00e1rio HT2150 BOYU para veda\u00e7\u00e3o de pl\u00e1stico"},"content":{"rendered":"<article class=\"article richtext richtext-detail AE:disable\" id=\"richTextContainer\">\n<h2 class=\"article-title\">Especifica\u00e7\u00f5es<\/h2>\n<div style=\"clear:both\"> Aquecedor de aqu\u00e1rio HT2150 BOYU para veda\u00e7\u00e3o de pl\u00e1stico <br \/>1.aquecedor de veda\u00e7\u00e3o <br \/>2. Anti explos\u00e3o <br \/> 3. Temperatura confi\u00e1vel e f\u00e1cil leitura <\/p>\n<div style=\"clear:both\">\n<p>Aquecedor de aqu\u00e1rio HT2150 BOYU para veda\u00e7\u00e3o de pl\u00e1stico<\/p>\n<p>1.aquecedor de veda\u00e7\u00e3o<\/p>\n<p>2. Anti-explos\u00e3o<br \/>3.Temperatura confi\u00e1vel e f\u00e1cil leitura<\/p>\n<p>4.submers\u00edvel.<\/p>\n<p>5.Calibrado em \u00e1gua<\/p>\n<p>6.embalagem:36 pe\u00e7as por caixa<\/p>\n<\/p>\n<div style=\"clear:both\"><\/article>\n","protected":false},"excerpt":{"rendered":"<p>Aquecedor de aqu\u00e1rio HT2150 BOYU para veda\u00e7\u00e3o de pl\u00e1stico<\/p>\n","protected":false},"featured_media":4412,"comment_status":"open","ping_status":"closed","template":"","meta":[],"product_brand":[],"product_cat":[627],"product_tag":[],"class_list":{"0":"post-35028","1":"product","2":"type-product","3":"status-publish","4":"has-post-thumbnail","6":"product_cat-filtros-de-aquario","8":"first","9":"instock","10":"shipping-taxable","11":"purchasable","12":"product-type-simple","13":"add-to-wishlist-after_add_to_cart"},"jetpack_sharing_enabled":true,"_links":{"self":[{"href":"https:\/\/www.reefshops.com\/pt-br\/wp-json\/wp\/v2\/product\/35028","targetHints":{"allow":["GET"]}}],"collection":[{"href":"https:\/\/www.reefshops.com\/pt-br\/wp-json\/wp\/v2\/product"}],"about":[{"href":"https:\/\/www.reefshops.com\/pt-br\/wp-json\/wp\/v2\/types\/product"}],"replies":[{"embeddable":true,"href":"https:\/\/www.reefshops.com\/pt-br\/wp-json\/wp\/v2\/comments?post=35028"}],"wp:featuredmedia":[{"embeddable":true,"href":"https:\/\/www.reefshops.com\/pt-br\/wp-json\/wp\/v2\/media\/4412"}],"wp:attachment":[{"href":"https:\/\/www.reefshops.com\/pt-br\/wp-json\/wp\/v2\/media?parent=35028"}],"wp:term":[{"taxonomy":"product_brand","embeddable":true,"href":"https:\/\/www.reefshops.com\/pt-br\/wp-json\/wp\/v2\/product_brand?post=35028"},{"taxonomy":"product_cat","embeddable":true,"href":"https:\/\/www.reefshops.com\/pt-br\/wp-json\/wp\/v2\/product_cat?post=35028"},{"taxonomy":"product_tag","embeddable":true,"href":"https:\/\/www.reefshops.com\/pt-br\/wp-json\/wp\/v2\/product_tag?post=35028"}],"curies":[{"name":"wp","href":"https:\/\/api.w.org\/{rel}","templated":true}]}}