{"id":35042,"date":"2016-09-25T23:28:12","date_gmt":"2016-09-25T23:28:12","guid":{"rendered":"https:\/\/www.reefshops.com\/product\/bombas-submersiveis-de-agua-atman-65w-para-aquario-at302\/"},"modified":"2025-03-16T08:36:05","modified_gmt":"2025-03-16T08:36:05","slug":"bombas-submersiveis-de-agua-atman-65w-para-aquario-at302","status":"publish","type":"product","link":"https:\/\/www.reefshops.com\/pt-br\/produto\/bombas-submersiveis-de-agua-atman-65w-para-aquario-at302\/","title":{"rendered":"Bombas submers\u00edveis de \u00e1gua Atman 6,5W para aqu\u00e1rio AT302"},"content":{"rendered":"<article class=\"article richtext richtext-detail AE:disable\" id=\"richTextContainer\">\n<h2 class=\"article-title\">Especifica\u00e7\u00f5es<\/h2>\n<div style=\"clear:both\"> Bombas submers\u00edveis de \u00e1gua Atman 6,5W para aqu\u00e1rio AT302 <br \/>1 Silencioso, seguro, eficiente, poderoso <br \/>2 Configura\u00e7\u00e3o simples <br \/>3 ternos para \u00e1gua doce e marinha <\/p>\n<div style=\"clear:both\">\n<p>AT6.5W Atman bombas submers\u00edveis de \u00e1gua para aqu\u00e1rio AT302<\/p>\n<p>1 Silencioso, seguro, energeticamente eficiente e poderoso<br \/>2 Configura\u00e7\u00e3o simples <br \/>3 terno para \u00e1gua doce e marinha<\/p>\n<p>4 Distintivamente um sistema de filtragem superior<\/p>\n<p>5 par\u00e2metros (220V 50Hz)<\/p>\n<\/p>\n<\/p>\n<div style=\"clear:both\"><\/article>\n","protected":false},"excerpt":{"rendered":"<p>Bombas submers\u00edveis de \u00e1gua Atman 6,5W para aqu\u00e1rio AT302<\/p>\n","protected":false},"featured_media":4430,"comment_status":"open","ping_status":"closed","template":"","meta":[],"product_brand":[],"product_cat":[627],"product_tag":[],"class_list":{"0":"post-35042","1":"product","2":"type-product","3":"status-publish","4":"has-post-thumbnail","6":"product_cat-filtros-de-aquario","8":"first","9":"instock","10":"shipping-taxable","11":"purchasable","12":"product-type-simple","13":"add-to-wishlist-after_add_to_cart"},"jetpack_sharing_enabled":true,"_links":{"self":[{"href":"https:\/\/www.reefshops.com\/pt-br\/wp-json\/wp\/v2\/product\/35042","targetHints":{"allow":["GET"]}}],"collection":[{"href":"https:\/\/www.reefshops.com\/pt-br\/wp-json\/wp\/v2\/product"}],"about":[{"href":"https:\/\/www.reefshops.com\/pt-br\/wp-json\/wp\/v2\/types\/product"}],"replies":[{"embeddable":true,"href":"https:\/\/www.reefshops.com\/pt-br\/wp-json\/wp\/v2\/comments?post=35042"}],"wp:featuredmedia":[{"embeddable":true,"href":"https:\/\/www.reefshops.com\/pt-br\/wp-json\/wp\/v2\/media\/4430"}],"wp:attachment":[{"href":"https:\/\/www.reefshops.com\/pt-br\/wp-json\/wp\/v2\/media?parent=35042"}],"wp:term":[{"taxonomy":"product_brand","embeddable":true,"href":"https:\/\/www.reefshops.com\/pt-br\/wp-json\/wp\/v2\/product_brand?post=35042"},{"taxonomy":"product_cat","embeddable":true,"href":"https:\/\/www.reefshops.com\/pt-br\/wp-json\/wp\/v2\/product_cat?post=35042"},{"taxonomy":"product_tag","embeddable":true,"href":"https:\/\/www.reefshops.com\/pt-br\/wp-json\/wp\/v2\/product_tag?post=35042"}],"curies":[{"name":"wp","href":"https:\/\/api.w.org\/{rel}","templated":true}]}}