{"id":35071,"date":"2016-09-25T23:28:13","date_gmt":"2016-09-25T23:28:13","guid":{"rendered":"https:\/\/www.reefshops.com\/product\/suporte-de-lampada-eletrica-25w-dois-tubos-rs-rs-1000s\/"},"modified":"2025-03-16T08:36:12","modified_gmt":"2025-03-16T08:36:12","slug":"suporte-de-lampada-eletrica-25w-dois-tubos-rs-rs-1000s","status":"publish","type":"product","link":"https:\/\/www.reefshops.com\/pt-br\/produto\/suporte-de-lampada-eletrica-25w-dois-tubos-rs-rs-1000s\/","title":{"rendered":"Suporte de l\u00e2mpada el\u00e9trica 25w dois tubos rs RS-1000S"},"content":{"rendered":"<article class=\"article richtext richtext-detail AE:disable\" id=\"richTextContainer\">\n<div style=\"clear:both\">\n<p><span style=\"font-family: 'times new roman', times;font-size: 24px\"> suporte de l\u00e2mpada el\u00e9trica 25w dois tubos rs RS-1000S <\/span><\/p>\n<p><span style=\"font-family: 'times new roman', times\">1. O corpo da l\u00e2mpada adota placa de a\u00e7o de alta qualidade, p\u00f3 est\u00e1tico pulverizado. O refletor adota alumina de alta qualidade<\/span><\/p>\n<p><span style=\"font-family: 'times new roman', times;font-size: 24px\">2. A parte superior do corpo da l\u00e2mpada est\u00e1 vazia, mas uma linha, conveniente para reparo e linha<\/span><\/p>\n<p><span style=\"font-family: 'times new roman', times;font-size: 24px\">3. L\u00e2mpadas integradas, f\u00e1ceis de instalar e manter<\/span><\/p>\n<p><span style=\"font-family: 'times new roman', times;font-size: 24px\">4. Estrutura compacta, especialmente para grandes \u00e1reas como supermercados<\/span><\/p>\n<p><span style=\"font-family: 'times new roman', times;font-size: 24px\">5. Rotproof e leve, estrutura separadora, montagem r\u00e1pida, apar\u00eancia elegante<\/span><\/p>\n<p><span style=\"font-family: 'times new roman', times;font-size: 24px\">6. Terno para tanques de aqu\u00e1rios, mega supermercado e grande \u00e1rea de mercado, corredor, parque subterr\u00e2neo<\/span><\/p>\n<div style=\"clear:both\"><\/article>\n","protected":false},"excerpt":{"rendered":"<p>Suporte de l\u00e2mpada el\u00e9trica 25w dois tubos rs RS-1000S<\/p>\n","protected":false},"featured_media":4489,"comment_status":"open","ping_status":"closed","template":"","meta":[],"product_brand":[],"product_cat":[627],"product_tag":[],"class_list":{"0":"post-35071","1":"product","2":"type-product","3":"status-publish","4":"has-post-thumbnail","6":"product_cat-filtros-de-aquario","8":"first","9":"instock","10":"shipping-taxable","11":"purchasable","12":"product-type-simple","13":"add-to-wishlist-after_add_to_cart"},"jetpack_sharing_enabled":true,"_links":{"self":[{"href":"https:\/\/www.reefshops.com\/pt-br\/wp-json\/wp\/v2\/product\/35071","targetHints":{"allow":["GET"]}}],"collection":[{"href":"https:\/\/www.reefshops.com\/pt-br\/wp-json\/wp\/v2\/product"}],"about":[{"href":"https:\/\/www.reefshops.com\/pt-br\/wp-json\/wp\/v2\/types\/product"}],"replies":[{"embeddable":true,"href":"https:\/\/www.reefshops.com\/pt-br\/wp-json\/wp\/v2\/comments?post=35071"}],"wp:featuredmedia":[{"embeddable":true,"href":"https:\/\/www.reefshops.com\/pt-br\/wp-json\/wp\/v2\/media\/4489"}],"wp:attachment":[{"href":"https:\/\/www.reefshops.com\/pt-br\/wp-json\/wp\/v2\/media?parent=35071"}],"wp:term":[{"taxonomy":"product_brand","embeddable":true,"href":"https:\/\/www.reefshops.com\/pt-br\/wp-json\/wp\/v2\/product_brand?post=35071"},{"taxonomy":"product_cat","embeddable":true,"href":"https:\/\/www.reefshops.com\/pt-br\/wp-json\/wp\/v2\/product_cat?post=35071"},{"taxonomy":"product_tag","embeddable":true,"href":"https:\/\/www.reefshops.com\/pt-br\/wp-json\/wp\/v2\/product_tag?post=35071"}],"curies":[{"name":"wp","href":"https:\/\/api.w.org\/{rel}","templated":true}]}}