{"id":35078,"date":"2016-09-25T23:28:14","date_gmt":"2016-09-25T23:28:14","guid":{"rendered":"https:\/\/www.reefshops.com\/product\/filtro-interno-para-aquario-rs-rs-6001fa\/"},"modified":"2025-03-16T08:36:13","modified_gmt":"2025-03-16T08:36:13","slug":"filtro-interno-para-aquario-rs-rs-6001fa","status":"publish","type":"product","link":"https:\/\/www.reefshops.com\/pt-br\/produto\/filtro-interno-para-aquario-rs-rs-6001fa\/","title":{"rendered":"Filtro interno para aqu\u00e1rio RS RS-6001FA"},"content":{"rendered":"<article class=\"article richtext richtext-detail AE:disable\" id=\"richTextContainer\">\n<h2 class=\"article-title\">Especifica\u00e7\u00f5es<\/h2>\n<div style=\"clear:both\"> Filtro interno para aqu\u00e1rio RS RS-6001FA <br \/>1 filtragem f\u00edsica <br \/>2 excelente combina\u00e7\u00e3o de motor e bomba <br \/>3 maitain f\u00e1cil <\/p>\n<div style=\"clear:both\">\n<p>Interno para aqu\u00e1rio RS filtro RS-6001FA<\/p>\n<p>1 material de filtro tem fun\u00e7\u00e3o de percora\u00e7\u00e3o<br \/>2 excelente combina\u00e7\u00e3o de motor e bomba<br \/>3 instala\u00e7\u00e3o flex\u00edvel e f\u00e1cil de ser mantida<br \/>4 adequado para todos os tanques e aqu\u00e1rios de zoologia, etc<\/p>\n<p>5 econ\u00f4mico e seguro<\/p>\n<p>6 super desempenho<\/p>\n<\/p>\n<div style=\"clear:both\"><\/article>\n","protected":false},"excerpt":{"rendered":"<p>Filtro interno para aqu\u00e1rio RS RS-6001FA<\/p>\n","protected":false},"featured_media":4503,"comment_status":"open","ping_status":"closed","template":"","meta":[],"product_brand":[],"product_cat":[627],"product_tag":[],"class_list":{"0":"post-35078","1":"product","2":"type-product","3":"status-publish","4":"has-post-thumbnail","6":"product_cat-filtros-de-aquario","8":"first","9":"instock","10":"shipping-taxable","11":"purchasable","12":"product-type-simple","13":"add-to-wishlist-after_add_to_cart"},"jetpack_sharing_enabled":true,"_links":{"self":[{"href":"https:\/\/www.reefshops.com\/pt-br\/wp-json\/wp\/v2\/product\/35078","targetHints":{"allow":["GET"]}}],"collection":[{"href":"https:\/\/www.reefshops.com\/pt-br\/wp-json\/wp\/v2\/product"}],"about":[{"href":"https:\/\/www.reefshops.com\/pt-br\/wp-json\/wp\/v2\/types\/product"}],"replies":[{"embeddable":true,"href":"https:\/\/www.reefshops.com\/pt-br\/wp-json\/wp\/v2\/comments?post=35078"}],"wp:featuredmedia":[{"embeddable":true,"href":"https:\/\/www.reefshops.com\/pt-br\/wp-json\/wp\/v2\/media\/4503"}],"wp:attachment":[{"href":"https:\/\/www.reefshops.com\/pt-br\/wp-json\/wp\/v2\/media?parent=35078"}],"wp:term":[{"taxonomy":"product_brand","embeddable":true,"href":"https:\/\/www.reefshops.com\/pt-br\/wp-json\/wp\/v2\/product_brand?post=35078"},{"taxonomy":"product_cat","embeddable":true,"href":"https:\/\/www.reefshops.com\/pt-br\/wp-json\/wp\/v2\/product_cat?post=35078"},{"taxonomy":"product_tag","embeddable":true,"href":"https:\/\/www.reefshops.com\/pt-br\/wp-json\/wp\/v2\/product_tag?post=35078"}],"curies":[{"name":"wp","href":"https:\/\/api.w.org\/{rel}","templated":true}]}}