{"id":35093,"date":"2016-09-25T23:28:14","date_gmt":"2016-09-25T23:28:14","guid":{"rendered":"https:\/\/www.reefshops.com\/product\/lampada-uv-circular-submersivel-1000l-h-sobo\/"},"modified":"2025-03-16T08:36:17","modified_gmt":"2025-03-16T08:36:17","slug":"lampada-uv-circular-submersivel-1000l-h-sobo","status":"publish","type":"product","link":"https:\/\/www.reefshops.com\/pt-br\/produto\/lampada-uv-circular-submersivel-1000l-h-sobo\/","title":{"rendered":"L\u00e2mpada UV circular submers\u00edvel 1000L\/H SOBO"},"content":{"rendered":"<article class=\"article richtext richtext-detail AE:disable\" id=\"richTextContainer\">\n<h2 class=\"article-title\">Especifica\u00e7\u00f5es<\/h2>\n<div style=\"clear:both\"> L\u00e2mpada UV circular submers\u00edvel SOBO 1000L\/H <br \/>1. tubo de vidro de quartzo de alta qualidade, esteriliza\u00e7\u00e3o segura e forte <br \/> 2. longa vida \u00fatil <\/p>\n<div style=\"clear:both\">\n<p> 1000L\/H SOBO l\u00e2mpada UV circular submers\u00edvel <\/p>\n<ol>\n<li>V\u00e1rios modelos e tamanhos dispon\u00edveis para se adequar ao tratamento de \u00e1gua de libras, lagoas, natat\u00f3rios e assim por diante<\/li>\n<li>Adotando tubo de vidro de quartzo de alta qualidade separado da \u00e1gua para aumentar a efic\u00e1cia do UV tratamento e tem boa permea\u00e7\u00e3o de raios.<\/li>\n<li>Adotando radia\u00e7\u00e3o ultravioleta UVC de alta qualidade, boa esteriliza\u00e7\u00e3o e longa vida \u00fatil.<\/li>\n<li>embalagem:8 pe\u00e7as\/caixa<\/li>\n<li>data de entrega:10 dias<\/li>\n<\/ol>\n<div style=\"clear:both\"><\/article>\n","protected":false},"excerpt":{"rendered":"<p>L\u00e2mpada UV circular submers\u00edvel 1000L\/H SOBO<\/p>\n","protected":false},"featured_media":4533,"comment_status":"open","ping_status":"closed","template":"","meta":[],"product_brand":[],"product_cat":[627],"product_tag":[],"class_list":{"0":"post-35093","1":"product","2":"type-product","3":"status-publish","4":"has-post-thumbnail","6":"product_cat-filtros-de-aquario","8":"first","9":"instock","10":"shipping-taxable","11":"purchasable","12":"product-type-simple","13":"add-to-wishlist-after_add_to_cart"},"jetpack_sharing_enabled":true,"_links":{"self":[{"href":"https:\/\/www.reefshops.com\/pt-br\/wp-json\/wp\/v2\/product\/35093","targetHints":{"allow":["GET"]}}],"collection":[{"href":"https:\/\/www.reefshops.com\/pt-br\/wp-json\/wp\/v2\/product"}],"about":[{"href":"https:\/\/www.reefshops.com\/pt-br\/wp-json\/wp\/v2\/types\/product"}],"replies":[{"embeddable":true,"href":"https:\/\/www.reefshops.com\/pt-br\/wp-json\/wp\/v2\/comments?post=35093"}],"wp:featuredmedia":[{"embeddable":true,"href":"https:\/\/www.reefshops.com\/pt-br\/wp-json\/wp\/v2\/media\/4533"}],"wp:attachment":[{"href":"https:\/\/www.reefshops.com\/pt-br\/wp-json\/wp\/v2\/media?parent=35093"}],"wp:term":[{"taxonomy":"product_brand","embeddable":true,"href":"https:\/\/www.reefshops.com\/pt-br\/wp-json\/wp\/v2\/product_brand?post=35093"},{"taxonomy":"product_cat","embeddable":true,"href":"https:\/\/www.reefshops.com\/pt-br\/wp-json\/wp\/v2\/product_cat?post=35093"},{"taxonomy":"product_tag","embeddable":true,"href":"https:\/\/www.reefshops.com\/pt-br\/wp-json\/wp\/v2\/product_tag?post=35093"}],"curies":[{"name":"wp","href":"https:\/\/api.w.org\/{rel}","templated":true}]}}