{"id":35146,"date":"2016-09-25T23:28:15","date_gmt":"2016-09-25T23:28:15","guid":{"rendered":"https:\/\/www.reefshops.com\/product\/filtro-de-luz-uv-para-aquario-fashion-rs-15w-uv-901a\/"},"modified":"2025-03-16T08:36:29","modified_gmt":"2025-03-16T08:36:29","slug":"filtro-de-luz-uv-para-aquario-fashion-rs-15w-uv-901a","status":"publish","type":"product","link":"https:\/\/www.reefshops.com\/pt-br\/produto\/filtro-de-luz-uv-para-aquario-fashion-rs-15w-uv-901a\/","title":{"rendered":"Filtro de luz UV para aqu\u00e1rio fashion RS 15W UV-901A"},"content":{"rendered":"<article class=\"article richtext richtext-detail AE:disable\" id=\"richTextContainer\">\n<div style=\"clear:both\">\n<p><span style=\"font-family: 'times new roman', times;font-size: 24px\"> Filtro de luz UV para aqu\u00e1rio fashion RS 15W UV-901A <\/span><\/p>\n<ol>\n<li><span style=\"font-family: 'times new roman', times;font-size: 24px\">Adotando tubo de vidro de quartzo de alta qualidade separado da \u00e1gua para aumentar a efic\u00e1cia do tratamento UV e ter boa permea\u00e7\u00e3o de raios.<\/span><\/li>\n<li><span style=\"font-family: 'times new roman', times;font-size: 24px\">Adotando radia\u00e7\u00e3o ultravioleta UVC de alta qualidade, boa esteriliza\u00e7\u00e3o<\/span><\/li>\n<li><span style=\"font-family: 'times new roman', times;font-size: 24px\">longa vida \u00fatil.<\/span><\/li>\n<li><span style=\"font-family: 'times new roman', times;font-size: 24px\">embalagem:15 pe\u00e7as\/caixa<\/span><\/li>\n<\/ol>\n<div style=\"clear:both\"><\/article>\n","protected":false},"excerpt":{"rendered":"<p>Filtro de luz UV para aqu\u00e1rio fashion RS 15W UV-901A<\/p>\n","protected":false},"featured_media":4639,"comment_status":"open","ping_status":"closed","template":"","meta":[],"product_brand":[],"product_cat":[627],"product_tag":[],"class_list":{"0":"post-35146","1":"product","2":"type-product","3":"status-publish","4":"has-post-thumbnail","6":"product_cat-filtros-de-aquario","8":"first","9":"instock","10":"shipping-taxable","11":"purchasable","12":"product-type-simple","13":"add-to-wishlist-after_add_to_cart"},"jetpack_sharing_enabled":true,"_links":{"self":[{"href":"https:\/\/www.reefshops.com\/pt-br\/wp-json\/wp\/v2\/product\/35146","targetHints":{"allow":["GET"]}}],"collection":[{"href":"https:\/\/www.reefshops.com\/pt-br\/wp-json\/wp\/v2\/product"}],"about":[{"href":"https:\/\/www.reefshops.com\/pt-br\/wp-json\/wp\/v2\/types\/product"}],"replies":[{"embeddable":true,"href":"https:\/\/www.reefshops.com\/pt-br\/wp-json\/wp\/v2\/comments?post=35146"}],"wp:featuredmedia":[{"embeddable":true,"href":"https:\/\/www.reefshops.com\/pt-br\/wp-json\/wp\/v2\/media\/4639"}],"wp:attachment":[{"href":"https:\/\/www.reefshops.com\/pt-br\/wp-json\/wp\/v2\/media?parent=35146"}],"wp:term":[{"taxonomy":"product_brand","embeddable":true,"href":"https:\/\/www.reefshops.com\/pt-br\/wp-json\/wp\/v2\/product_brand?post=35146"},{"taxonomy":"product_cat","embeddable":true,"href":"https:\/\/www.reefshops.com\/pt-br\/wp-json\/wp\/v2\/product_cat?post=35146"},{"taxonomy":"product_tag","embeddable":true,"href":"https:\/\/www.reefshops.com\/pt-br\/wp-json\/wp\/v2\/product_tag?post=35146"}],"curies":[{"name":"wp","href":"https:\/\/api.w.org\/{rel}","templated":true}]}}