{"id":35187,"date":"2016-09-25T23:28:16","date_gmt":"2016-09-25T23:28:16","guid":{"rendered":"https:\/\/www.reefshops.com\/product\/filtro-superior-para-aquario-atman-17w\/"},"modified":"2025-03-16T08:36:39","modified_gmt":"2025-03-16T08:36:39","slug":"filtro-superior-para-aquario-atman-17w","status":"publish","type":"product","link":"https:\/\/www.reefshops.com\/pt-br\/produto\/filtro-superior-para-aquario-atman-17w\/","title":{"rendered":"Filtro superior para aqu\u00e1rio Atman 17W"},"content":{"rendered":"<article class=\"article richtext richtext-detail AE:disable\" id=\"richTextContainer\">\n<h2 class=\"article-title\">Especifica\u00e7\u00f5es<\/h2>\n<div style=\"clear:both\"> Filtro superior de aqu\u00e1rio Atman 17W <br \/>1 adequado para qualquer tanque <br \/>2 adequado para aqu\u00e1rios frescos e marinhos <br \/>3.bastante e dur\u00e1vel<br \/>4.Adi\u00e7\u00e3o e filtragem de oxig\u00eanio<\/p>\n<div style=\"clear:both\">\n<p>Filtro superior de aqu\u00e1rio Atman de 17W<\/p>\n<p>1.Motor completamente submers\u00edvel<\/p>\n<p>2.Opera\u00e7\u00e3o extremamente silenciosa e dur\u00e1vel.<\/p>\n<p>3.Ventos para caber em qualquer aqu\u00e1rio.<\/p>\n<p>4.Adequado para \u00e1gua doce e marinha.<\/p>\n<p>5.Adi\u00e7\u00e3o e filtragem de oxig\u00eanio.<\/p>\n<p>6.embalagem:24 pe\u00e7as por caixa<\/p>\n<div style=\"clear:both\"><\/article>\n","protected":false},"excerpt":{"rendered":"<p>Filtro superior para aqu\u00e1rio Atman 17W<\/p>\n","protected":false},"featured_media":4721,"comment_status":"open","ping_status":"closed","template":"","meta":[],"product_brand":[],"product_cat":[627],"product_tag":[],"class_list":{"0":"post-35187","1":"product","2":"type-product","3":"status-publish","4":"has-post-thumbnail","6":"product_cat-filtros-de-aquario","8":"first","9":"instock","10":"shipping-taxable","11":"purchasable","12":"product-type-simple","13":"add-to-wishlist-after_add_to_cart"},"jetpack_sharing_enabled":true,"_links":{"self":[{"href":"https:\/\/www.reefshops.com\/pt-br\/wp-json\/wp\/v2\/product\/35187","targetHints":{"allow":["GET"]}}],"collection":[{"href":"https:\/\/www.reefshops.com\/pt-br\/wp-json\/wp\/v2\/product"}],"about":[{"href":"https:\/\/www.reefshops.com\/pt-br\/wp-json\/wp\/v2\/types\/product"}],"replies":[{"embeddable":true,"href":"https:\/\/www.reefshops.com\/pt-br\/wp-json\/wp\/v2\/comments?post=35187"}],"wp:featuredmedia":[{"embeddable":true,"href":"https:\/\/www.reefshops.com\/pt-br\/wp-json\/wp\/v2\/media\/4721"}],"wp:attachment":[{"href":"https:\/\/www.reefshops.com\/pt-br\/wp-json\/wp\/v2\/media?parent=35187"}],"wp:term":[{"taxonomy":"product_brand","embeddable":true,"href":"https:\/\/www.reefshops.com\/pt-br\/wp-json\/wp\/v2\/product_brand?post=35187"},{"taxonomy":"product_cat","embeddable":true,"href":"https:\/\/www.reefshops.com\/pt-br\/wp-json\/wp\/v2\/product_cat?post=35187"},{"taxonomy":"product_tag","embeddable":true,"href":"https:\/\/www.reefshops.com\/pt-br\/wp-json\/wp\/v2\/product_tag?post=35187"}],"curies":[{"name":"wp","href":"https:\/\/api.w.org\/{rel}","templated":true}]}}