{"id":35192,"date":"2016-09-25T23:28:16","date_gmt":"2016-09-25T23:28:16","guid":{"rendered":"https:\/\/www.reefshops.com\/product\/filtro-suspenso-atman-mais-vendido-hf-0800\/"},"modified":"2025-03-16T08:36:40","modified_gmt":"2025-03-16T08:36:40","slug":"filtro-suspenso-atman-mais-vendido-hf-0800","status":"publish","type":"product","link":"https:\/\/www.reefshops.com\/pt-br\/produto\/filtro-suspenso-atman-mais-vendido-hf-0800\/","title":{"rendered":"Filtro suspenso Atman mais vendido HF-0800"},"content":{"rendered":"<article class=\"article richtext richtext-detail AE:disable\" id=\"richTextContainer\">\n<div style=\"clear:both\">\n<p><span style=\"font-family: 'times new roman', times;font-size: 24px\"> filtro suspenso Atman mais vendido HF-0800<\/span><br \/><span style=\"font-family: 'times new roman', times;font-size: 24px\">1. Sistema de filtragem mec\u00e2nica, qu\u00edmica e biol\u00f3gica<\/span><br \/><span style=\"font-family: 'times new roman', times;font-size: 24px\">2 Ideal para aqu\u00e1rios de \u00e1gua doce e marinhos<\/span><\/p>\n<p><span style=\"font-family: 'times new roman', times;font-size: 24px\">3 embalagem:4piecs\/caixa<\/span><\/p>\n<p><span style=\"font-family: 'times new roman', times;font-size: 24px\">4 medida:37,5&#215;33,5&#215;45,5cm<\/span><\/p>\n<p><span style=\"font-family: 'times new roman', times;font-size: 24px\">5 fluxo m\u00e1ximo:930L\/H<\/span><\/p>\n<div style=\"clear:both\"><\/article>\n","protected":false},"excerpt":{"rendered":"<p>Filtro suspenso Atman mais vendido HF-0800<\/p>\n","protected":false},"featured_media":4731,"comment_status":"open","ping_status":"closed","template":"","meta":[],"product_brand":[],"product_cat":[627],"product_tag":[],"class_list":{"0":"post-35192","1":"product","2":"type-product","3":"status-publish","4":"has-post-thumbnail","6":"product_cat-filtros-de-aquario","8":"first","9":"instock","10":"shipping-taxable","11":"purchasable","12":"product-type-simple","13":"add-to-wishlist-after_add_to_cart"},"jetpack_sharing_enabled":true,"_links":{"self":[{"href":"https:\/\/www.reefshops.com\/pt-br\/wp-json\/wp\/v2\/product\/35192","targetHints":{"allow":["GET"]}}],"collection":[{"href":"https:\/\/www.reefshops.com\/pt-br\/wp-json\/wp\/v2\/product"}],"about":[{"href":"https:\/\/www.reefshops.com\/pt-br\/wp-json\/wp\/v2\/types\/product"}],"replies":[{"embeddable":true,"href":"https:\/\/www.reefshops.com\/pt-br\/wp-json\/wp\/v2\/comments?post=35192"}],"wp:featuredmedia":[{"embeddable":true,"href":"https:\/\/www.reefshops.com\/pt-br\/wp-json\/wp\/v2\/media\/4731"}],"wp:attachment":[{"href":"https:\/\/www.reefshops.com\/pt-br\/wp-json\/wp\/v2\/media?parent=35192"}],"wp:term":[{"taxonomy":"product_brand","embeddable":true,"href":"https:\/\/www.reefshops.com\/pt-br\/wp-json\/wp\/v2\/product_brand?post=35192"},{"taxonomy":"product_cat","embeddable":true,"href":"https:\/\/www.reefshops.com\/pt-br\/wp-json\/wp\/v2\/product_cat?post=35192"},{"taxonomy":"product_tag","embeddable":true,"href":"https:\/\/www.reefshops.com\/pt-br\/wp-json\/wp\/v2\/product_tag?post=35192"}],"curies":[{"name":"wp","href":"https:\/\/api.w.org\/{rel}","templated":true}]}}