{"id":35220,"date":"2016-09-25T23:28:16","date_gmt":"2016-09-25T23:28:16","guid":{"rendered":"https:\/\/www.reefshops.com\/product\/compressor-de-ar-estacionario-poderoso-120w-hailea-aco-009e\/"},"modified":"2025-03-16T08:36:47","modified_gmt":"2025-03-16T08:36:47","slug":"compressor-de-ar-estacionario-poderoso-120w-hailea-aco-009e","status":"publish","type":"product","link":"https:\/\/www.reefshops.com\/pt-br\/produto\/compressor-de-ar-estacionario-poderoso-120w-hailea-aco-009e\/","title":{"rendered":"Compressor de ar estacion\u00e1rio poderoso 120W HAILEA ACO-009E"},"content":{"rendered":"<article class=\"article richtext richtext-detail AE:disable\" id=\"richTextContainer\">\n<h2 class=\"article-title\">Especifica\u00e7\u00f5es<\/h2>\n<div style=\"clear:both\"> 120W HAILEA poderoso compressor de ar estacion\u00e1rio ACO-009E <br \/>1.a dissipa\u00e7\u00e3o de calor \u00e9 mais eficaz. <br \/>2.mais ar <\/p>\n<div style=\"clear:both\">\n<p align=\"left\">120W HAILEA poderoso compressor de ar estacion\u00e1rio ACO-009E <\/p>\n<p align=\"left\">1. O case \u00e9 feito de liga de alum\u00ednio ZL 102 de alta qualidade com design aerodin\u00e2mico, a dissipa\u00e7\u00e3o de calor \u00e9 mais eficaz.<\/p>\n<p align=\"left\">2. Acionado por motor magn\u00e9tico el\u00e9trico, adote movimento rec\u00edproco em linha reta para produzir ar e estrutura mais razo\u00e1vel.<\/p>\n<p align=\"left\">3. Adote o novo tipo de material vest\u00edvel SF3 para o cilindro e o pist\u00e3o, que \u00e9 de baixo consumo de energia, grande sa\u00edda de ar e alta press\u00e3o de ar.<\/p>\n<p align=\"left\">4. Design sem lubrifica\u00e7\u00e3o a \u00f3leo, o ar comprimido \u00e9 purificado.<\/p>\n<p align=\"left\">5. embalagem: 6 conjuntos\/caixa<\/p>\n<p align=\"left\">\n<\/p>\n<\/p>\n<div style=\"clear:both\"><\/article>\n","protected":false},"excerpt":{"rendered":"<p>Compressor de ar estacion\u00e1rio poderoso 120W HAILEA ACO-009E<\/p>\n","protected":false},"featured_media":4787,"comment_status":"open","ping_status":"closed","template":"","meta":[],"product_brand":[],"product_cat":[627],"product_tag":[],"class_list":{"0":"post-35220","1":"product","2":"type-product","3":"status-publish","4":"has-post-thumbnail","6":"product_cat-filtros-de-aquario","8":"first","9":"instock","10":"shipping-taxable","11":"purchasable","12":"product-type-simple","13":"add-to-wishlist-after_add_to_cart"},"jetpack_sharing_enabled":true,"_links":{"self":[{"href":"https:\/\/www.reefshops.com\/pt-br\/wp-json\/wp\/v2\/product\/35220","targetHints":{"allow":["GET"]}}],"collection":[{"href":"https:\/\/www.reefshops.com\/pt-br\/wp-json\/wp\/v2\/product"}],"about":[{"href":"https:\/\/www.reefshops.com\/pt-br\/wp-json\/wp\/v2\/types\/product"}],"replies":[{"embeddable":true,"href":"https:\/\/www.reefshops.com\/pt-br\/wp-json\/wp\/v2\/comments?post=35220"}],"wp:featuredmedia":[{"embeddable":true,"href":"https:\/\/www.reefshops.com\/pt-br\/wp-json\/wp\/v2\/media\/4787"}],"wp:attachment":[{"href":"https:\/\/www.reefshops.com\/pt-br\/wp-json\/wp\/v2\/media?parent=35220"}],"wp:term":[{"taxonomy":"product_brand","embeddable":true,"href":"https:\/\/www.reefshops.com\/pt-br\/wp-json\/wp\/v2\/product_brand?post=35220"},{"taxonomy":"product_cat","embeddable":true,"href":"https:\/\/www.reefshops.com\/pt-br\/wp-json\/wp\/v2\/product_cat?post=35220"},{"taxonomy":"product_tag","embeddable":true,"href":"https:\/\/www.reefshops.com\/pt-br\/wp-json\/wp\/v2\/product_tag?post=35220"}],"curies":[{"name":"wp","href":"https:\/\/api.w.org\/{rel}","templated":true}]}}