{"id":35224,"date":"2016-09-25T23:28:16","date_gmt":"2016-09-25T23:28:16","guid":{"rendered":"https:\/\/www.reefshops.com\/product\/ventilador-voretex-poderoso-hailea-600w\/"},"modified":"2025-03-16T08:36:48","modified_gmt":"2025-03-16T08:36:48","slug":"ventilador-voretex-poderoso-hailea-600w","status":"publish","type":"product","link":"https:\/\/www.reefshops.com\/pt-br\/produto\/ventilador-voretex-poderoso-hailea-600w\/","title":{"rendered":"Ventilador Voretex poderoso HAILEA 600W"},"content":{"rendered":"<article class=\"article richtext richtext-detail AE:disable\" id=\"richTextContainer\">\n<h2 class=\"article-title\">Especifica\u00e7\u00f5es<\/h2>\n<div style=\"clear:both\"> Ventilador voretex potente HAILEA de 600W <br \/>1.fluxo de ar suave <br \/>2.baixo ru\u00eddo <br \/>3.longa vida \u00fatil<br \/>4.opera\u00e7\u00e3o est\u00e1vel, economia de energia<\/p>\n<div style=\"clear:both\">\n<p>Ventilador voretex poderoso HAILEA de 600W<\/p>\n<p>1. o impulsor adota o design tridimensional combinado com mudan\u00e7as seccionais nas trajet\u00f3rias de ar circulares, que s\u00e3o suaves para o fluxo de ar e com baixo ru\u00eddo.<\/p>\n<p>2. adota motor especial de alta qualidade que tem torque de partida curto, opera\u00e7\u00e3o est\u00e1vel e baixo consumo de energia, mas excelente desempenho.<\/p>\n<p>3. design de lubrifica\u00e7\u00e3o sem \u00f3leo para produzir ar mais purificado.<\/p>\n<p>4.a apar\u00eancia \u00e9 bonita e moderna, a estrutura \u00e9 razo\u00e1vel e compacta, tem longa vida \u00fatil. <\/p>\n<p>5.embalagem:1 conjunto\/caixa<\/p>\n<div style=\"clear:both\"><\/article>\n","protected":false},"excerpt":{"rendered":"<p>Ventilador Voretex poderoso HAILEA 600W<\/p>\n","protected":false},"featured_media":4795,"comment_status":"open","ping_status":"closed","template":"","meta":[],"product_brand":[],"product_cat":[627],"product_tag":[],"class_list":{"0":"post-35224","1":"product","2":"type-product","3":"status-publish","4":"has-post-thumbnail","6":"product_cat-filtros-de-aquario","8":"first","9":"instock","10":"shipping-taxable","11":"purchasable","12":"product-type-simple","13":"add-to-wishlist-after_add_to_cart"},"jetpack_sharing_enabled":true,"_links":{"self":[{"href":"https:\/\/www.reefshops.com\/pt-br\/wp-json\/wp\/v2\/product\/35224","targetHints":{"allow":["GET"]}}],"collection":[{"href":"https:\/\/www.reefshops.com\/pt-br\/wp-json\/wp\/v2\/product"}],"about":[{"href":"https:\/\/www.reefshops.com\/pt-br\/wp-json\/wp\/v2\/types\/product"}],"replies":[{"embeddable":true,"href":"https:\/\/www.reefshops.com\/pt-br\/wp-json\/wp\/v2\/comments?post=35224"}],"wp:featuredmedia":[{"embeddable":true,"href":"https:\/\/www.reefshops.com\/pt-br\/wp-json\/wp\/v2\/media\/4795"}],"wp:attachment":[{"href":"https:\/\/www.reefshops.com\/pt-br\/wp-json\/wp\/v2\/media?parent=35224"}],"wp:term":[{"taxonomy":"product_brand","embeddable":true,"href":"https:\/\/www.reefshops.com\/pt-br\/wp-json\/wp\/v2\/product_brand?post=35224"},{"taxonomy":"product_cat","embeddable":true,"href":"https:\/\/www.reefshops.com\/pt-br\/wp-json\/wp\/v2\/product_cat?post=35224"},{"taxonomy":"product_tag","embeddable":true,"href":"https:\/\/www.reefshops.com\/pt-br\/wp-json\/wp\/v2\/product_tag?post=35224"}],"curies":[{"name":"wp","href":"https:\/\/api.w.org\/{rel}","templated":true}]}}