{"id":35227,"date":"2016-09-25T23:28:16","date_gmt":"2016-09-25T23:28:16","guid":{"rendered":"https:\/\/www.reefshops.com\/product\/150-w-novo-poderoso-soprador-de-ar-voretex-eletrico-hailea-vb390g\/"},"modified":"2025-03-16T08:36:48","modified_gmt":"2025-03-16T08:36:48","slug":"150-w-novo-poderoso-soprador-de-ar-voretex-eletrico-hailea-vb390g","status":"publish","type":"product","link":"https:\/\/www.reefshops.com\/pt-br\/produto\/150-w-novo-poderoso-soprador-de-ar-voretex-eletrico-hailea-vb390g\/","title":{"rendered":"150 W novo poderoso soprador de ar voretex el\u00e9trico HAILEA VB390G"},"content":{"rendered":"<article class=\"article richtext richtext-detail AE:disable\" id=\"richTextContainer\">\n<div style=\"clear:both\">\n<p><span style=\"font-family: 'times new roman', times;font-size: 24px\"> 150W novo HAILEA poderoso soprador de ar el\u00e9trico voretex VB390G <\/span><\/p>\n<p><span style=\"font-family: 'times new roman', vezes\">1. o impulsor adota o design tridimensional combinado com mudan\u00e7as seccionais nas trajet\u00f3rias de ar circulares, que s\u00e3o suaves para o fluxo de ar e com baixo ru\u00eddo.<\/span><\/p>\n<p><span style=\"font-family: 'times new roman', times;font-size: 24px\">2. adota motor especial de alta qualidade que tem torque de partida curto, opera\u00e7\u00e3o est\u00e1vel e baixo consumo de energia, mas excelente desempenho.<\/span><\/p>\n<p><span style=\"font-family: 'times new roman', times;font-size: 24px\">3. design de lubrifica\u00e7\u00e3o sem \u00f3leo para produzir ar mais purificado.<\/span><\/p>\n<p><span style=\"font-family: 'times new roman', times;font-size: 24px\">4.a apar\u00eancia \u00e9 bonita e moderna, a estrutura \u00e9 razo\u00e1vel e compacta, tem longa vida \u00fatil. <\/span><\/p>\n<p><span style=\"font-family: 'times new roman', times;font-size: 24px\">5.packing:2 conjuntos\/caixa<\/span><\/p>\n<div style=\"clear:both\"><\/article>\n","protected":false},"excerpt":{"rendered":"<p>150 W novo poderoso soprador de ar voretex el\u00e9trico HAILEA VB390G<\/p>\n","protected":false},"featured_media":4801,"comment_status":"open","ping_status":"closed","template":"","meta":[],"product_brand":[],"product_cat":[627],"product_tag":[],"class_list":{"0":"post-35227","1":"product","2":"type-product","3":"status-publish","4":"has-post-thumbnail","6":"product_cat-filtros-de-aquario","8":"first","9":"instock","10":"shipping-taxable","11":"purchasable","12":"product-type-simple","13":"add-to-wishlist-after_add_to_cart"},"jetpack_sharing_enabled":true,"_links":{"self":[{"href":"https:\/\/www.reefshops.com\/pt-br\/wp-json\/wp\/v2\/product\/35227","targetHints":{"allow":["GET"]}}],"collection":[{"href":"https:\/\/www.reefshops.com\/pt-br\/wp-json\/wp\/v2\/product"}],"about":[{"href":"https:\/\/www.reefshops.com\/pt-br\/wp-json\/wp\/v2\/types\/product"}],"replies":[{"embeddable":true,"href":"https:\/\/www.reefshops.com\/pt-br\/wp-json\/wp\/v2\/comments?post=35227"}],"wp:featuredmedia":[{"embeddable":true,"href":"https:\/\/www.reefshops.com\/pt-br\/wp-json\/wp\/v2\/media\/4801"}],"wp:attachment":[{"href":"https:\/\/www.reefshops.com\/pt-br\/wp-json\/wp\/v2\/media?parent=35227"}],"wp:term":[{"taxonomy":"product_brand","embeddable":true,"href":"https:\/\/www.reefshops.com\/pt-br\/wp-json\/wp\/v2\/product_brand?post=35227"},{"taxonomy":"product_cat","embeddable":true,"href":"https:\/\/www.reefshops.com\/pt-br\/wp-json\/wp\/v2\/product_cat?post=35227"},{"taxonomy":"product_tag","embeddable":true,"href":"https:\/\/www.reefshops.com\/pt-br\/wp-json\/wp\/v2\/product_tag?post=35227"}],"curies":[{"name":"wp","href":"https:\/\/api.w.org\/{rel}","templated":true}]}}