{"id":35281,"date":"2016-09-25T23:28:18","date_gmt":"2016-09-25T23:28:18","guid":{"rendered":"https:\/\/www.reefshops.com\/product\/atman-mini-bomba-de-ar-eletrica-de-baixo-ruido-ap25r\/"},"modified":"2025-03-16T08:37:01","modified_gmt":"2025-03-16T08:37:01","slug":"atman-mini-bomba-de-ar-eletrica-de-baixo-ruido-ap25r","status":"publish","type":"product","link":"https:\/\/www.reefshops.com\/pt-br\/produto\/atman-mini-bomba-de-ar-eletrica-de-baixo-ruido-ap25r\/","title":{"rendered":"Atman mini bomba de ar el\u00e9trica de baixo ru\u00eddo AP25R"},"content":{"rendered":"<article class=\"article richtext richtext-detail AE:disable\" id=\"richTextContainer\">\n<div style=\"clear:both\">\n<p><span style=\"font-family: 'times new roman', times;font-size: 24px\"> Mini bomba de ar el\u00e9trica de baixo ru\u00eddo Atman AP25R <\/span><\/p>\n<p><span style=\"font-family: 'times new roman', times;font-size: 24px\"> 1. Alta tecnologia.<\/span><\/p>\n<div><span style=\"font-family: 'times new roman', times;font-size: 24px\"> 2. Qualidade excelente e confi\u00e1vel.<\/span><\/div>\n<div><span> 4. Opera\u00e7\u00e3o satisfat\u00f3ria e silenciosa.<\/p>\n","protected":false},"excerpt":{"rendered":"<p>Atman mini bomba de ar el\u00e9trica de baixo ru\u00eddo AP25R<\/p>\n","protected":false},"featured_media":4907,"comment_status":"open","ping_status":"closed","template":"","meta":[],"product_brand":[],"product_cat":[627],"product_tag":[],"class_list":{"0":"post-35281","1":"product","2":"type-product","3":"status-publish","4":"has-post-thumbnail","6":"product_cat-filtros-de-aquario","8":"first","9":"instock","10":"shipping-taxable","11":"purchasable","12":"product-type-simple","13":"add-to-wishlist-after_add_to_cart"},"jetpack_sharing_enabled":true,"_links":{"self":[{"href":"https:\/\/www.reefshops.com\/pt-br\/wp-json\/wp\/v2\/product\/35281","targetHints":{"allow":["GET"]}}],"collection":[{"href":"https:\/\/www.reefshops.com\/pt-br\/wp-json\/wp\/v2\/product"}],"about":[{"href":"https:\/\/www.reefshops.com\/pt-br\/wp-json\/wp\/v2\/types\/product"}],"replies":[{"embeddable":true,"href":"https:\/\/www.reefshops.com\/pt-br\/wp-json\/wp\/v2\/comments?post=35281"}],"wp:featuredmedia":[{"embeddable":true,"href":"https:\/\/www.reefshops.com\/pt-br\/wp-json\/wp\/v2\/media\/4907"}],"wp:attachment":[{"href":"https:\/\/www.reefshops.com\/pt-br\/wp-json\/wp\/v2\/media?parent=35281"}],"wp:term":[{"taxonomy":"product_brand","embeddable":true,"href":"https:\/\/www.reefshops.com\/pt-br\/wp-json\/wp\/v2\/product_brand?post=35281"},{"taxonomy":"product_cat","embeddable":true,"href":"https:\/\/www.reefshops.com\/pt-br\/wp-json\/wp\/v2\/product_cat?post=35281"},{"taxonomy":"product_tag","embeddable":true,"href":"https:\/\/www.reefshops.com\/pt-br\/wp-json\/wp\/v2\/product_tag?post=35281"}],"curies":[{"name":"wp","href":"https:\/\/api.w.org\/{rel}","templated":true}]}}