{"id":35315,"date":"2016-09-25T23:28:18","date_gmt":"2016-09-25T23:28:18","guid":{"rendered":"https:\/\/www.reefshops.com\/product\/bombas-de-agua-submersiveis-para-aquario-jebo-60w-ap-5000\/"},"modified":"2025-03-16T08:37:10","modified_gmt":"2025-03-16T08:37:10","slug":"bombas-de-agua-submersiveis-para-aquario-jebo-60w-ap-5000","status":"publish","type":"product","link":"https:\/\/www.reefshops.com\/pt-br\/produto\/bombas-de-agua-submersiveis-para-aquario-jebo-60w-ap-5000\/","title":{"rendered":"Bombas de \u00e1gua submers\u00edveis para aqu\u00e1rio JEBO 60w AP-5000"},"content":{"rendered":"<article class=\"article richtext richtext-detail AE:disable\" id=\"richTextContainer\">\n<div style=\"clear:both\">\n<p><span style=\"font-family: 'times new roman', times;font-size: 24px\"> bombas de \u00e1gua submers\u00edveis para aqu\u00e1rio JEBO 60w AP-5000 <\/span><\/p>\n<p><span style=\"font-family: 'times new roman', times;font-size: 24px\">1.O motor e a bomba s\u00e3o melhor projetados para bom desempenho e alta efici\u00eancia<\/span><\/p>\n<p><span style=\"font-family: 'times new roman', times;font-size: 24px\">2.A h\u00e9lice em espiral permite o tamanho da part\u00edcula de sujeira de at\u00e9 6mm.<\/span><\/p>\n<p><span style=\"font-family: 'times new roman', times;24px\">3. Rolamentos cer\u00e2micos usados \u200b\u200bpara opera\u00e7\u00e3o segura e menor ru\u00eddo. 220V~240V 50Hz)<\/span><\/p>\n<p><span style=\"font-family: 'times new roman', times;font-size: 24px\">6. Sua tampa frontal pode funcionar como um filtro e \u00e9 f\u00e1cil de desconectar.<\/span><\/p>\n<div style=\"clear:both\"><\/article>\n","protected":false},"excerpt":{"rendered":"<p>Bombas de \u00e1gua submers\u00edveis para aqu\u00e1rio JEBO 60w AP-5000<\/p>\n","protected":false},"featured_media":4975,"comment_status":"open","ping_status":"closed","template":"","meta":[],"product_brand":[],"product_cat":[627],"product_tag":[],"class_list":{"0":"post-35315","1":"product","2":"type-product","3":"status-publish","4":"has-post-thumbnail","6":"product_cat-filtros-de-aquario","8":"first","9":"instock","10":"shipping-taxable","11":"purchasable","12":"product-type-simple","13":"add-to-wishlist-after_add_to_cart"},"jetpack_sharing_enabled":true,"_links":{"self":[{"href":"https:\/\/www.reefshops.com\/pt-br\/wp-json\/wp\/v2\/product\/35315","targetHints":{"allow":["GET"]}}],"collection":[{"href":"https:\/\/www.reefshops.com\/pt-br\/wp-json\/wp\/v2\/product"}],"about":[{"href":"https:\/\/www.reefshops.com\/pt-br\/wp-json\/wp\/v2\/types\/product"}],"replies":[{"embeddable":true,"href":"https:\/\/www.reefshops.com\/pt-br\/wp-json\/wp\/v2\/comments?post=35315"}],"wp:featuredmedia":[{"embeddable":true,"href":"https:\/\/www.reefshops.com\/pt-br\/wp-json\/wp\/v2\/media\/4975"}],"wp:attachment":[{"href":"https:\/\/www.reefshops.com\/pt-br\/wp-json\/wp\/v2\/media?parent=35315"}],"wp:term":[{"taxonomy":"product_brand","embeddable":true,"href":"https:\/\/www.reefshops.com\/pt-br\/wp-json\/wp\/v2\/product_brand?post=35315"},{"taxonomy":"product_cat","embeddable":true,"href":"https:\/\/www.reefshops.com\/pt-br\/wp-json\/wp\/v2\/product_cat?post=35315"},{"taxonomy":"product_tag","embeddable":true,"href":"https:\/\/www.reefshops.com\/pt-br\/wp-json\/wp\/v2\/product_tag?post=35315"}],"curies":[{"name":"wp","href":"https:\/\/api.w.org\/{rel}","templated":true}]}}