{"id":35369,"date":"2016-09-25T23:28:19","date_gmt":"2016-09-25T23:28:19","guid":{"rendered":"https:\/\/www.reefshops.com\/product\/biofiltro-de-lago-atman-ef6000-funcao-bidirecional-para-limpeza-automatica-de-sujeira-aplicavel-a-projetos-de-filtragem-de-agua-no-lago\/"},"modified":"2025-03-16T08:37:23","modified_gmt":"2025-03-16T08:37:23","slug":"biofiltro-de-lago-atman-ef6000-funcao-bidirecional-para-limpeza-automatica-de-sujeira-aplicavel-a-projetos-de-filtragem-de-agua-no-lago","status":"publish","type":"product","link":"https:\/\/www.reefshops.com\/pt-br\/produto\/biofiltro-de-lago-atman-ef6000-funcao-bidirecional-para-limpeza-automatica-de-sujeira-aplicavel-a-projetos-de-filtragem-de-agua-no-lago\/","title":{"rendered":"Biofiltro de lago Atman EF6000 fun\u00e7\u00e3o bidirecional para limpeza autom\u00e1tica de sujeira Aplic\u00e1vel a projetos de filtragem de \u00e1gua no lago"},"content":{"rendered":"<article class=\"article richtext richtext-detail AE:disable\" id=\"richTextContainer\">\n<h2 class=\"article-title\">Especifica\u00e7\u00f5es<\/h2>\n<div style=\"clear:both\"> Filtro biol\u00f3gico para lagoa Atman EF6000 <br \/>1 fun\u00e7\u00e3o bidirecional para limpeza autom\u00e1tica de sujeira 2Aplic\u00e1vel a projetos de filtragem de \u00e1gua na lagoa <\/p>\n<div style=\"clear:both\">\n<p> Filtro biol\u00f3gico para lago Atman EF6000<br \/>1 Com uma fun\u00e7\u00e3o bidirecional para limpeza autom\u00e1tica de sujeira<br \/>2 Aplic\u00e1vel a projetos de filtragem de \u00e1gua em lagos, jardins e aqu\u00e1rios de grande porte<\/p>\n<p>3 par\u00e2metros (220V ~ 240V 50Hz)<\/p>\n<p>4 embalagem:2 pe\u00e7as por caixa<\/p>\n<div style=\"clear:both\"><\/article>\n","protected":false},"excerpt":{"rendered":"<p>Biofiltro de lago Atman EF6000 fun\u00e7\u00e3o bidirecional para limpeza autom\u00e1tica de sujeira Aplic\u00e1vel a projetos de filtragem de \u00e1gua no lago<\/p>\n","protected":false},"featured_media":5083,"comment_status":"open","ping_status":"closed","template":"","meta":[],"product_brand":[],"product_cat":[627],"product_tag":[],"class_list":{"0":"post-35369","1":"product","2":"type-product","3":"status-publish","4":"has-post-thumbnail","6":"product_cat-filtros-de-aquario","8":"first","9":"instock","10":"shipping-taxable","11":"purchasable","12":"product-type-simple","13":"add-to-wishlist-after_add_to_cart"},"jetpack_sharing_enabled":true,"_links":{"self":[{"href":"https:\/\/www.reefshops.com\/pt-br\/wp-json\/wp\/v2\/product\/35369","targetHints":{"allow":["GET"]}}],"collection":[{"href":"https:\/\/www.reefshops.com\/pt-br\/wp-json\/wp\/v2\/product"}],"about":[{"href":"https:\/\/www.reefshops.com\/pt-br\/wp-json\/wp\/v2\/types\/product"}],"replies":[{"embeddable":true,"href":"https:\/\/www.reefshops.com\/pt-br\/wp-json\/wp\/v2\/comments?post=35369"}],"wp:featuredmedia":[{"embeddable":true,"href":"https:\/\/www.reefshops.com\/pt-br\/wp-json\/wp\/v2\/media\/5083"}],"wp:attachment":[{"href":"https:\/\/www.reefshops.com\/pt-br\/wp-json\/wp\/v2\/media?parent=35369"}],"wp:term":[{"taxonomy":"product_brand","embeddable":true,"href":"https:\/\/www.reefshops.com\/pt-br\/wp-json\/wp\/v2\/product_brand?post=35369"},{"taxonomy":"product_cat","embeddable":true,"href":"https:\/\/www.reefshops.com\/pt-br\/wp-json\/wp\/v2\/product_cat?post=35369"},{"taxonomy":"product_tag","embeddable":true,"href":"https:\/\/www.reefshops.com\/pt-br\/wp-json\/wp\/v2\/product_tag?post=35369"}],"curies":[{"name":"wp","href":"https:\/\/api.w.org\/{rel}","templated":true}]}}