{"id":35390,"date":"2016-09-25T23:28:21","date_gmt":"2016-09-25T23:28:21","guid":{"rendered":"https:\/\/www.reefshops.com\/product\/3hp-2-2kw-36cbm-h-bomba-de-agua-eletrica-de-alto-rendimento-para-ciclismo-de-piscina-hlx-300\/"},"modified":"2025-03-16T08:37:28","modified_gmt":"2025-03-16T08:37:28","slug":"3hp-2-2kw-36cbm-h-bomba-de-agua-eletrica-de-alto-rendimento-para-ciclismo-de-piscina-hlx-300","status":"publish","type":"product","link":"https:\/\/www.reefshops.com\/pt-br\/produto\/3hp-2-2kw-36cbm-h-bomba-de-agua-eletrica-de-alto-rendimento-para-ciclismo-de-piscina-hlx-300\/","title":{"rendered":"3HP 2.2KW 36Cbm\/h Bomba de \u00e1gua el\u00e9trica de alto rendimento para ciclismo de piscina HLX-300"},"content":{"rendered":"<div style=\"clear:both\"><\/div>\n<p><span style=\"font-size:24px;color:#0000ff;background-color:#ffff00\"><strong>3HP 2.2KW 36Cbm\/h Bomba de \u00e1gua el\u00e9trica de alta sa\u00edda para ciclismo de piscina HLX-300<\/strong><\/span><\/p>\n<\/p>\n<p><span style=\"font-size:16px;color:#ff9900\"><strong>Par\u00e2metros de bombas de \u00e1gua para ciclismo de piscina <strong>el\u00e9tricas<\/strong>de alto rendimento<\/strong><\/span><\/p>\n<table style=\"width:80%\" border=\"4\">\n<tbody>\n<tr>\n<td>Modelo<\/td>\n<td>Tens\u00e3o<\/td>\n<td>Pot\u00eancia<\/td>\n<td>Qmax<\/td>\n<td>Hmax<\/td>\n<td>Peso<\/td>\n<td>Tubo Di\u00e2metro<\/td>\n<\/tr>\n<tr>\n<td>HLX-150<\/td>\n<td>220V\/50Hz<\/td>\n<td>1100W<\/td>\n<td>29cbm\/h<\/td>\n<td>17m<\/td>\n<td>17,2kg<\/td>\n<td>?63\/?60mm<\/td>\n<p><\/ tr><\/p>\n<tr>\n<td>HLX-200<\/td>\n<td>220V\/50Hz<\/td>\n<td>1500W<\/td>\n<td>32cbm\/h<\/td>\n<td>16m<\/td>\n<td>18,3kg<\/td>\n<td>?63\/?60mm<\/td>\n<\/tr>\n<tr>\n<td><span style=\"color:#0000ff\"><strong>HLX-300<\/strong><\/span><\/td>\n<td>220V\/50Hz<\/td>\n<td>2200W<\/td>\n<td>36cbm\/h<\/td>\n<td>18m<\/td>\n<td>20,4kg<\/td>\n<td>?63\/?60mm <\/td>\n<\/tr>\n<tr>\n<td>HLX-350<\/td>\n<td>220V\/50Hz<\/td>\n<td>2600W<\/td>\n<td>40cbm\/h<\/td>\n<td>20m<\/td>\n<td>21,8kg<\/td>\n<td>?63\/?60mm<\/td>\n<\/tr>\n<\/tbody>\n<\/table>\n<p><span style=\"font-size:16px;color:#ff9900\"><strong>Exibi\u00e7\u00e3o de bombas de \u00e1gua para ciclismo em piscina<\/strong><\/span><\/p>\n<p><strong> <\/strong> <\/p>\n<p><span style=\"font-size:14px\"><strong><img decoding=\"async\" alt=\"3HP 2.2KW 36Cbm\/h Bomba de \u00e1gua el\u00e9trica de alta pot\u00eancia para ciclismo em piscina HLX-300\" src=\"http:\/\/localhost\/media\/import\/detail\/560392964_426.jpg\"><\/strong><\/span><\/p>\n<p><span style=\"font-size:14px\"><strong><img loading=\"lazy\" decoding=\"async\" alt=\"3HP 2.2KW 36Cbm\/h Bomba de \u00e1gua el\u00e9trica para ciclismo de piscina de alta sa\u00edda HLX-300\" src=\"http:\/\/localhost\/media\/import\/detail\/560368438_974.jpg\" width=\"600\" height=\"326\"><\/strong><\/span><\/p>\n<p><span style=\"font-size:14px\"><strong><img decoding=\"async\" alt=\"3HP 2.2KW Bomba de \u00e1gua el\u00e9trica de alta pot\u00eancia para ciclismo de piscina de 36Cbm \/ h HLX-300\" src=\"http:\/\/localhost\/media\/import\/detail\/560394720_288.jpg\"><img decoding=\"async\" alt=\"3HP 2.2KW 36Cbm\/h Bomba de \u00e1gua el\u00e9trica de alta sa\u00edda para ciclismo de piscina HLX-300\" src=\"http:\/\/localhost\/media\/import\/detail\/560394731_479.jpg\"><\/strong><\/span><\/p>\n<p><span style=\"font-size:14px\"><strong><img loading=\"lazy\" decoding=\"async\" alt=\"3HP 2.2KW 36Cbm\/h Bomba de \u00e1gua el\u00e9trica de alta pot\u00eancia para ciclismo de piscina HLX-300\" src=\"http:\/\/localhost\/media\/import\/detail\/560369249_038.jpg\" width=\"600\" height=\"680\"><\/strong><\/span><\/p>\n<\/p>\n<p><span style=\"font-size:18px;color:#ff9900\"><strong>Outras bombas de \u00e1gua para ciclismo ou circula\u00e7\u00e3o de piscina mostram<\/strong><\/span><\/p>\n<\/p>\n<p><span style=\"font-size:14px\"><strong><img decoding=\"async\" alt=\"3HP 2.2KW 36Cbm\/h Bomba de \u00e1gua el\u00e9trica de alta pot\u00eancia para ciclismo de piscina HLX-300\" src=\"http:\/\/localhost\/media\/import\/detail\/560397052_732.jpg\"><img decoding=\"async\" alt=\"3HP 2.2KW 36Cbm\/h Bomba de \u00e1gua el\u00e9trica de alta pot\u00eancia para ciclismo de piscina HLX-300\" src=\"http:\/\/localhost\/media\/import\/detail\/560397057_787.jpg\"><img decoding=\"async\" alt=\"3HP 2.2KW 36Cbm\/h Bomba de \u00e1gua el\u00e9trica de alta pot\u00eancia para ciclismo de piscina HLX-300\" src=\"http:\/\/localhost\/media\/import\/detail\/560397064_362.jpg\"><\/strong><\/span><\/p>\n<\/p>\n<p><span style=\"font-size:18px;color:#ff9900\"><strong>Uso pr\u00e1tico de bombas de ciclismo para piscina show<\/strong><\/span><\/p>\n<p><span style=\"font-size:14px\"><strong><img decoding=\"async\" alt=\"3HP 2.2KW 36Cbm\/h Bomba de \u00e1gua el\u00e9trica de alta pot\u00eancia para ciclismo de piscina HLX-300\" src=\"http:\/\/localhost\/media\/import\/detail\/748446535_347.jpg\"><\/strong><\/span><\/p>\n","protected":false},"excerpt":{"rendered":"<p>3HP 2.2KW 36Cbm\/h Bomba de \u00e1gua el\u00e9trica de alto rendimento para ciclismo de piscina HLX-300<\/p>\n","protected":false},"featured_media":5126,"comment_status":"open","ping_status":"closed","template":"","meta":[],"product_brand":[],"product_cat":[1374],"product_tag":[],"class_list":{"0":"post-35390","1":"product","2":"type-product","3":"status-publish","4":"has-post-thumbnail","6":"product_cat-bombas-de-agua-e-cabecas-poderosas","8":"first","9":"instock","10":"shipping-taxable","11":"purchasable","12":"product-type-simple","13":"add-to-wishlist-after_add_to_cart"},"jetpack_sharing_enabled":true,"_links":{"self":[{"href":"https:\/\/www.reefshops.com\/pt-br\/wp-json\/wp\/v2\/product\/35390","targetHints":{"allow":["GET"]}}],"collection":[{"href":"https:\/\/www.reefshops.com\/pt-br\/wp-json\/wp\/v2\/product"}],"about":[{"href":"https:\/\/www.reefshops.com\/pt-br\/wp-json\/wp\/v2\/types\/product"}],"replies":[{"embeddable":true,"href":"https:\/\/www.reefshops.com\/pt-br\/wp-json\/wp\/v2\/comments?post=35390"}],"wp:featuredmedia":[{"embeddable":true,"href":"https:\/\/www.reefshops.com\/pt-br\/wp-json\/wp\/v2\/media\/5126"}],"wp:attachment":[{"href":"https:\/\/www.reefshops.com\/pt-br\/wp-json\/wp\/v2\/media?parent=35390"}],"wp:term":[{"taxonomy":"product_brand","embeddable":true,"href":"https:\/\/www.reefshops.com\/pt-br\/wp-json\/wp\/v2\/product_brand?post=35390"},{"taxonomy":"product_cat","embeddable":true,"href":"https:\/\/www.reefshops.com\/pt-br\/wp-json\/wp\/v2\/product_cat?post=35390"},{"taxonomy":"product_tag","embeddable":true,"href":"https:\/\/www.reefshops.com\/pt-br\/wp-json\/wp\/v2\/product_tag?post=35390"}],"curies":[{"name":"wp","href":"https:\/\/api.w.org\/{rel}","templated":true}]}}