{"id":35391,"date":"2016-09-25T23:28:21","date_gmt":"2016-09-25T23:28:21","guid":{"rendered":"https:\/\/www.reefshops.com\/product\/bomba-centrifuga-eletrica-externa-para-lago-de-agua-sunsun-hzs-750\/"},"modified":"2025-03-16T08:37:28","modified_gmt":"2025-03-16T08:37:28","slug":"bomba-centrifuga-eletrica-externa-para-lago-de-agua-sunsun-hzs-750","status":"publish","type":"product","link":"https:\/\/www.reefshops.com\/pt-br\/produto\/bomba-centrifuga-eletrica-externa-para-lago-de-agua-sunsun-hzs-750\/","title":{"rendered":"Bomba centr\u00edfuga el\u00e9trica externa para lago de \u00e1gua SUNSUN HZS-750"},"content":{"rendered":"<div style=\"clear:both\"><\/div>\n<p><span style=\"color:#000000\"><strong><span style=\"font-size:32px\">Bomba centr\u00edfuga el\u00e9trica externa para lago de \u00e1gua SUNSUN HZS-750<\/span><\/strong><\/span><\/p>\n<\/p>\n<p><strong><span style=\"font-size:24px;color:#ff6600\">1.Sobre n\u00f3s<\/span><\/strong><\/p>\n<p><span style=\"font-family:arial,helvetica,sans-serif\"><strong><span style=\"font-size:18px\">SUNSUN, fundada em 1985, \u00e9 a maior fabricante de produtos aqu\u00e1ticos equipamento<\/span><\/strong><\/span><\/p>\n<p><span style=\"font-family:arial,helvetica,sans-serif\"><strong><span style=\"font-size:18px\"><img loading=\"lazy\" decoding=\"async\" alt=\"SUNSUN Bomba Centr\u00edfuga El\u00e9trica Externa para Lagoa de \u00c1gua HZS-750\" src=\"http:\/\/localhost\/media\/import\/detail\/687761130_255.jpg\" width=\"602\" height=\"462\"><\/span><\/strong><\/span><\/p>\n<\/p>\n<p><span style=\"font-size:24px;font-family:arial,helvetica,sans-serif;color:#ff6600\"><strong>2.Produto Descri\u00e7\u00e3o<\/strong><\/span><\/p>\n<p><span style=\"font-size:18px\">Esta bomba centr\u00edfuga para lago de \u00e1gua \u00e9 adequada para uso em todos os lagos e piscinas de grande porte.<\/span><\/p>\n<\/p>\n<p><strong><span style=\"font-size:24px;color:#ff6600\">3.O show da bomba centr\u00edfuga para lago de \u00e1gua<\/span><\/strong><\/p>\n<\/p>\n<p><img decoding=\"async\" alt=\"Bomba centr\u00edfuga el\u00e9trica externa para lago de \u00e1gua SUNSUN HZS-750\" src=\"http:\/\/localhost\/media\/import\/detail\/792502425_282.jpg\"><\/p>\n<\/p>\n<p><img loading=\"lazy\" decoding=\"async\" alt=\"Bomba centr\u00edfuga el\u00e9trica externa para lago de \u00e1gua SUNSUN HZS-750\" src=\"http:\/\/localhost\/media\/import\/detail\/756372549_965.jpg\" width=\"600\" height=\"600\"><img loading=\"lazy\" decoding=\"async\" alt=\"SUNSUN Bomba Centr\u00edfuga El\u00e9trica Externa para Lagoa de \u00c1gua HZS-750\" src=\"http:\/\/localhost\/media\/import\/detail\/756372555_390.jpg\" width=\"600\" height=\"600\"><img loading=\"lazy\" decoding=\"async\" alt=\"SUNSUN Bomba Centr\u00edfuga El\u00e9trica Externa para Lagoa de \u00c1gua HZS-750\" src=\"http:\/\/localhost\/media\/import\/detail\/756366830_577.jpg\" width=\"600\" height=\"600\"><img decoding=\"async\" alt=\"SUNSUN Bomba Centr\u00edfuga El\u00e9trica Externa para Lagoa de \u00c1gua HZS-750\" src=\"http:\/\/localhost\/media\/import\/detail\/757559998_504.jpg\"> <\/p>\n<p><span style=\"font-size:18px\"><img loading=\"lazy\" decoding=\"async\" alt=\"SUNSUN Bomba Centr\u00edfuga El\u00e9trica Externa para Lagoa de \u00c1gua HZS-750\" src=\"http:\/\/localhost\/media\/import\/detail\/541036992_984.jpg\" width=\"590\" height=\"266\"><\/span><\/p>\n<\/p>\n<p><strong><span style=\"font-size:24px;color:#ff6600\">4.Certifica\u00e7\u00f5es<\/span><\/strong><\/p>\n<p><strong><span style=\"font-size:24px;color:#ff6600\"><img loading=\"lazy\" decoding=\"async\" alt=\"SUNSUN Bomba Centr\u00edfuga El\u00e9trica Externa para Lagoa de \u00c1gua HZS-750\" src=\"http:\/\/localhost\/media\/import\/detail\/687552450_998.jpg\" width=\"605\" height=\"147\"><\/span><\/strong><\/p>\n<p><strong><span style=\"font-size:24px;color:#ff6600\">5.Mostrar room<\/span><\/strong><\/p>\n<p><strong><span style=\"font-size:24px;color:#ff6600\"><img loading=\"lazy\" decoding=\"async\" alt=\"SUNSUN Bomba Centr\u00edfuga El\u00e9trica Externa para Lagoa de \u00c1gua HZS-750\" src=\"http:\/\/localhost\/media\/import\/detail\/557599815_717.JPG\" width=\"600\" height=\"531\"><\/span><\/strong><\/p>\n<\/p>\n<\/p>\n<\/p>\n<div style=\"clear:both\"><\/div>\n","protected":false},"excerpt":{"rendered":"<p>Bomba centr\u00edfuga el\u00e9trica externa para lago de \u00e1gua SUNSUN HZS-750<\/p>\n","protected":false},"featured_media":5128,"comment_status":"open","ping_status":"closed","template":"","meta":[],"product_brand":[],"product_cat":[1374],"product_tag":[],"class_list":{"0":"post-35391","1":"product","2":"type-product","3":"status-publish","4":"has-post-thumbnail","6":"product_cat-bombas-de-agua-e-cabecas-poderosas","8":"first","9":"instock","10":"shipping-taxable","11":"purchasable","12":"product-type-simple","13":"add-to-wishlist-after_add_to_cart"},"jetpack_sharing_enabled":true,"_links":{"self":[{"href":"https:\/\/www.reefshops.com\/pt-br\/wp-json\/wp\/v2\/product\/35391","targetHints":{"allow":["GET"]}}],"collection":[{"href":"https:\/\/www.reefshops.com\/pt-br\/wp-json\/wp\/v2\/product"}],"about":[{"href":"https:\/\/www.reefshops.com\/pt-br\/wp-json\/wp\/v2\/types\/product"}],"replies":[{"embeddable":true,"href":"https:\/\/www.reefshops.com\/pt-br\/wp-json\/wp\/v2\/comments?post=35391"}],"wp:featuredmedia":[{"embeddable":true,"href":"https:\/\/www.reefshops.com\/pt-br\/wp-json\/wp\/v2\/media\/5128"}],"wp:attachment":[{"href":"https:\/\/www.reefshops.com\/pt-br\/wp-json\/wp\/v2\/media?parent=35391"}],"wp:term":[{"taxonomy":"product_brand","embeddable":true,"href":"https:\/\/www.reefshops.com\/pt-br\/wp-json\/wp\/v2\/product_brand?post=35391"},{"taxonomy":"product_cat","embeddable":true,"href":"https:\/\/www.reefshops.com\/pt-br\/wp-json\/wp\/v2\/product_cat?post=35391"},{"taxonomy":"product_tag","embeddable":true,"href":"https:\/\/www.reefshops.com\/pt-br\/wp-json\/wp\/v2\/product_tag?post=35391"}],"curies":[{"name":"wp","href":"https:\/\/api.w.org\/{rel}","templated":true}]}}