{"id":35409,"date":"2016-09-25T23:28:21","date_gmt":"2016-09-25T23:28:21","guid":{"rendered":"https:\/\/www.reefshops.com\/product\/sunsun-cpf-180-com-esponja-uv-c-bio-filtro-de-lagoa-de-fazenda-de-peixes-koi-20l-38l\/"},"modified":"2025-03-16T08:37:33","modified_gmt":"2025-03-16T08:37:33","slug":"sunsun-cpf-180-com-esponja-uv-c-bio-filtro-de-lagoa-de-fazenda-de-peixes-koi-20l-38l","status":"publish","type":"product","link":"https:\/\/www.reefshops.com\/pt-br\/produto\/sunsun-cpf-180-com-esponja-uv-c-bio-filtro-de-lagoa-de-fazenda-de-peixes-koi-20l-38l\/","title":{"rendered":"SUNSUN CPF-180 com esponja UV-C Bio filtro de lagoa de fazenda de peixes koi 20L-38L"},"content":{"rendered":"<div style=\"clear:both\"><\/div>\n<div style=\"font-size:13px;font-family:Arial, Helvetica, sans-serif;color:#000000;width:726px\">\n<table class=\"ke-zeroborder\" style=\"width:750px\" cellpadding=\"0\" border=\"0\">\n<tbody>\n<tr>\n<td><a href=\"http:\/\/preview.alibaba.com\/product\/60068154872-215139670\/SUNSUN_CBF_550_CE_GS_CCC_proved_pool_filter_bag.html\" target=\"_blank\"><img loading=\"lazy\" decoding=\"async\" border=\"0\" alt=\"SUNSUN CPF-180 com esponja UV-C filtro de tanque de fazenda de peixes Bio koi\" src=\"http:\/\/localhost\/media\/import\/detail\/HTB1eB.jGpXXXXXtXVXXq6xXFXXX9.jpg\" width=\"190\" height=\"300\"><\/a><\/td>\n<td><img loading=\"lazy\" decoding=\"async\" alt=\"SUNSUN CPF-180 com esponja UV-C filtro de tanque de fazenda de peixes Bio koi\" src=\"http:\/\/localhost\/media\/import\/detail\/HTB1UfMyGpXXXXaXXFXXq6xXFXXX1.jpg\" width=\"185\" height=\"300\"><\/td>\n<td><a href=\"http:\/\/preview.alibaba.com\/product\/2022711106-215139670\/SUNSUN_CPF_10000_10000L_h_with_UV_lamp_Pond_and_swimming_Pool_Filter.html\" target=\"_blank\"><img loading=\"lazy\" decoding=\"async\" border=\"0\" alt=\"SUNSUN CPF-180 com esponja UV-C Lago de fazenda de peixes Bio koi filtro\" src=\"http:\/\/localhost\/media\/import\/detail\/HTB1UuImGpXXXXXRXVXXq6xXFXXX1.jpg\" width=\"189\" height=\"300\"><\/a><\/td>\n<td> <\/td>\n<\/tr>\n<\/tbody>\n<\/table>\n<p style=\"text-align:left\"><strong><span style=\"font-size:18pt\">SUNSUN CPF-180 com esponja UV-C Filtro para lago de fazenda de peixes Bio koi<\/span><\/strong><\/p>\n<p style=\"text-align:left\">\n<p style=\"text-align:left\"><span style=\"font-size:16px;font-family:arial,helvetica,sans-serif;color:#000000\">Esses filtros de press\u00e3o externos podem ser enterrados acima ou abaixo do n\u00edvel do lago e apresentam 3 diferentes tipos de filtragem para manter a \u00e1gua do seu lago super limpa e saud\u00e1vel. A \u00e1gua primeiro flui por uma l\u00e2mpada UV de 24 Watts para aglomerar algas e \u00e9 empurrada atrav\u00e9s de almofadas de esponja especialmente desenvolvidas para reter part\u00edculas e, finalmente, passa pelo meio de filtro biol\u00f3gico para redu\u00e7\u00e3o de am\u00f4nia e nitrito. Para manter, basta girar o bot\u00e3o para a posi\u00e7\u00e3o &#8220;CLEAN&#8221;, <\/span><\/p>\n<p style=\"text-align:left\"><span style=\"font-size:16px;font-family:arial,helvetica,sans-serif;color:#000000\">e at\u00e9 1.000 libras de press\u00e3o for\u00e7am a sa\u00edda do lodo &#8211; fertilizante instant\u00e2neo para o jardim!<\/span><\/p>\n<p><span style=\"font-family:arial,helvetica,sans-serif;color:#000000\"> <\/span><\/p>\n<p><span style=\"font-size:18px;font-family:arial,helvetica,sans-serif\"><strong>Como funciona<\/strong><\/span><\/p>\n<p><span style=\"font-family:arial,helvetica,sans-serif\"> <\/span><\/p>\n<p><span style=\"font-size:14px;font-family:arial,helvetica,sans-serif;color:#000000\"><strong>Est\u00e1gio 1 ?C Filtra\u00e7\u00e3o Mec\u00e2nica<\/strong><\/span><\/p>\n<p><span style=\"font-size:12pt;font-family:arial,helvetica,sans-serif\">A \u00e1gua \u00e9 bombeada para dentro do filtro criando a press\u00e3o necess\u00e1ria para iniciar a etapa de filtra\u00e7\u00e3o mec\u00e2nica. Existem <\/span><\/p>\n<p><span style=\"font-size:12pt;font-family:arial,helvetica,sans-serif\">duas fases no est\u00e1gio de filtra\u00e7\u00e3o mec\u00e2nica, filtra\u00e7\u00e3o grossa e fina. Cada fase usa uma espuma especialmente projetada <\/span><\/p>\n<p><span style=\"font-family:arial,helvetica,sans-serif\"><span style=\"font-size:12pt\">esponja para <\/span><span style=\"font-size:12pt\"> efetivamente remover todos os tamanhos de detritos indesejados.<\/span><\/span><\/p>\n<p><span style=\"font-size:14px;font-family:arial,helvetica,sans-serif\"> <\/span><\/p>\n<p><span style=\"font-size:14px;font-family:arial,helvetica,sans-serif;color:#000000\"><strong>Est\u00e1gio 2 ?C Filtra\u00e7\u00e3o Biol\u00f3gica<\/strong><\/span><\/p>\n<p><span style=\"font-size:12pt;font-family:arial,helvetica,sans-serif\">A etapa de filtra\u00e7\u00e3o biol\u00f3gica come\u00e7a quando a \u00e1gua atinge o fundo do filtro. Este est\u00e1gio usa bolas biol\u00f3gicas fornecendo<span style=\"font-size:12pt\"> um <\/span><span style=\"font-size:12pt\"> habitat para o crescimento de bact\u00e9rias ben\u00e9ficas. Essas bact\u00e9rias convertem naturalmente <\/span><span style=\"font-size:12pt\"> am\u00f4nia <\/span><span style=\"font-size:12pt\"> e outros res\u00edduos<\/span><span style=\"font-size:12pt\"> em<\/span> nitratos saud\u00e1veis \u200b\u200bque fertilizam as plantas aqu\u00e1ticas e sustentam um ambiente de lago saud\u00e1vel.<\/span><\/p>\n<p><span style=\"font-family:arial,helvetica,sans-serif\"> <\/span><\/p>\n<p><span style=\"font-size:14px;font-family:arial,helvetica,sans-serif\"><strong><span style=\"color:#000000\">Est\u00e1gio 3 ?C Filtra\u00e7\u00e3o UV<\/span><\/strong><\/span><\/p>\n<p><span style=\"font-size:12pt;font-family:arial,helvetica,sans-serif\">O est\u00e1gio final de filtragem usa uma luz ultravioleta (VU) de baixa voltagem localizada no meio do filtro. <\/span><\/p>\n<p><span style=\"font-size:12pt;font-family:arial,helvetica,sans-serif\">A exposi\u00e7\u00e3o \u00e0 luz ultravioleta mata as algas \u00e0 medida que a \u00e1gua passa para cima atrav\u00e9s do filtro no caminho de volta ao seu lago.<\/span><\/p>\n<\/div>\n<div id=\"ali-anchor-AliPostDhMb-judh3\" style=\"padding-top:8px\" data-section=\"AliPostDhMb-judh3\" data-section-title=\"Descri\u00e7\u00e3o do produto\">\n<div id=\"ali-title-AliPostDhMb-judh3\" style=\"border-bottom:#ddd 1px solid;padding-bottom:8px;padding-top:8px;padding-left:0px;padding-right:0px\"><span style=\"font-weight:bold;color:#333;padding-bottom:8px;padding-top:8px;padding-left:10px;line-height:12px;padding-right:10px;background-color:#ddd\">Descri\u00e7\u00e3o do produto<\/span><\/div>\n<div style=\"padding-bottom:10px;padding-top:10px;padding-left:0px;padding-right:0px\">\n<div style=\"height:42px;width:750px\">\n<div style=\"height:42px;float:left;width:25px;background-color:#00ccff\"> <\/div>\n<div style=\"height:30px;float:right;color:#ffffff;padding-bottom:5px;padding-top:5px;padding-left:0px;padding-right:0px;width:720px;background-color:#0099ff\">\n<div style=\"font-size:24px;border-top:#ffffff 1px s\u00f3lido\">Exibi\u00e7\u00e3o do produto<\/div>\n<\/div>\n<\/div>\n<\/div>\n<\/div>\n<p data-section-blank=\"AliPostDhMb-judh3\">\n<p style=\"background:#ffffff\"><img decoding=\"async\" alt=\"cpf-250_01.jpg\" src=\"http:\/\/localhost\/media\/import\/detail\/HTB1R5jpGpXXXXcbXXXXq6xXFXXXZ.jpg\"><img decoding=\"async\" alt=\"cpf-250_02.jpg\" src=\"http:\/\/localhost\/media\/import\/detail\/HTB1kM_rGpXXXXadXXXXq6xXFXXXz.jpg\"><img decoding=\"async\" alt=\"cpf-250_03.jpg\" src=\"http:\/\/localhost\/media\/import\/detail\/HTB1IaeYGpXXXXaMXVXXq6xXFXXXn.jpg\"><img decoding=\"async\" alt=\"cpf-250_04.jpg\" src=\"http:\/\/localhost\/media\/import\/detail\/HTB1.EveGpXXXXXCXFXXq6xXFXXXo.jpg\"><img decoding=\"async\" alt=\"CPF-180-500.jpg\" src=\"http:\/\/localhost\/media\/import\/detail\/HTB1kJ5yFVXXXXbXXFXXq6xXFXXXS.jpg\"><\/p>\n<table class=\"aliDataTable\" style=\"height:259px;width:687px\" border=\"1\">\n<tbody>\n<tr>\n<td style=\"text-align:center\"><strong>Modelo<\/strong><\/td>\n<td style=\"text-align:center\">CPF-180<\/td>\n<td style=\"text-align:center\">CPF-250<\/td>\n<td style=\"text-align:center\">CPF-280<\/td>\n<td style=\"text-align:center\">CPF-380<\/td>\n<td style=\"text-align:center\">CPF-500<\/td>\n<\/tr>\n<tr>\n<td style=\"text-align:center\"><strong>L*W*H(mm)<\/strong><\/td>\n<td style=\"text-align:center\">380*380*400<\/td>\n<td style=\"text-align:center\">380*380*510<\/td>\n<td style=\"text-align:center\">380*380*420<\/td>\n<td style=\"text-align:center\">380*380*530<\/td>\n<td style=\"text-align:center\">380*380*740<\/td>\n<\/tr>\n<tr>\n<td style=\"text-align:center\"><strong>Fluxo m\u00e1ximo (L\/h)<\/strong><\/td>\n<td style=\"text-align:center\">9.000<\/td>\n<td style=\"text-align:center\">10.000<\/td>\n<td style=\"text-align:center\">9.000<\/td>\n<td style=\"text-align:center\">10.000<\/td>\n<td style=\"text-align:center\">10000<\/td>\n<\/tr>\n<tr>\n<td style=\"text-align:center\"><strong>Superf\u00edcie do filtro<\/strong><\/td>\n<td style=\"text-align:center\">8m?<\/td>\n<td style=\"text-align:center\">12m?<\/td>\n<td style=\"text-align:center\">12m?<\/td>\n<td style=\"text-align:center\">20m?<\/td>\n<td style=\"text-align:center\">40m?<\/td>\n<\/tr>\n<tr>\n<td style=\"text-align:center\"><strong>Adequado para lagos com peixes<\/strong><\/td>\n<td style=\"text-align:center\">3m?<\/td>\n<td style=\"text-align:center\">5m?<\/td>\n<td style=\"text-align:center\">4m?<\/td>\n<td style=\"text-align:center\">6m?<\/td>\n<td style=\"text-align:center\">10m?<\/td>\n<\/tr>\n<tr>\n<td style=\"text-align:center\"><strong>Energia para lagos decorativos<\/strong><\/td>\n<td style=\"text-align:center\">6m?<\/td>\n<td style=\"text-align:center\">10m?<\/td>\n<td style=\"text-align:center\">8m?<\/td>\n<td style=\"text-align:center\">12m?<\/td>\n<td style=\"text-align:center\">30m?<\/td>\n<\/tr>\n<tr>\n<td style=\"text-align:center\"><strong>Poder do UV-C<\/strong><\/td>\n<td style=\"text-align:center\">11w<\/td>\n<td style=\"text-align:center\">11w<\/td>\n<td style=\"text-align:center\">11w<\/td>\n<td style=\"text-align:center\">11w<\/td>\n<td style=\"text-align:center\">18w<\/td>\n<\/tr>\n<tr>\n<td style=\"text-align:center\"><strong>Volume real<\/strong><\/td>\n<td style=\"text-align:center\">20L<\/td>\n<td style=\"text-align:center\">25L<\/td>\n<td style=\"text-align:center\">20L<\/td>\n<td style=\"text-align:center\">25L<\/td>\n<td style=\"text-align:center\">39L<\/td>\n<\/tr>\n<\/tbody>\n<\/table>\n<p style=\"background:#ffffff\"><img decoding=\"async\" alt=\"00 (2).jpg\" src=\"http:\/\/localhost\/media\/import\/detail\/HT10_j8FFheXXagOFbXG.jpg\"><\/p>\n<p><img decoding=\"async\" alt=\"00 (1).jpg\" src=\"http:\/\/localhost\/media\/import\/detail\/HTB1cCpkFVXXXXcfXXXXq6xXFXXXT.jpg\"><\/p>\n<p data-section-blank=\"AliPostDhMb-1iulv\">\n<div id=\"ali-anchor-AliPostDhMb-1iulv\" style=\"padding-top:8px\" data-section=\"AliPostDhMb-1iulv\" data-section-title=\"Informa\u00e7\u00f5es da empresa\">\n<div id=\"ali-title-AliPostDhMb-1iulv\" style=\"border-bottom:#ddd 1px solid;padding-bottom:8px;padding-top:8px;padding-left:0px;padding-right:0px\"> <\/div>\n<\/div>\n<div style=\"clear:both\"><\/div>\n<p><strong><span style=\"color:#ff6600;font-family:Georgia\"><\/span><\/strong><\/p>\n","protected":false},"excerpt":{"rendered":"<p>SUNSUN CPF-180 com esponja UV-C Bio filtro de lagoa de fazenda de peixes koi 20L-38L<\/p>\n","protected":false},"featured_media":5164,"comment_status":"open","ping_status":"closed","template":"","meta":[],"product_brand":[],"product_cat":[1374],"product_tag":[],"class_list":{"0":"post-35409","1":"product","2":"type-product","3":"status-publish","4":"has-post-thumbnail","6":"product_cat-bombas-de-agua-e-cabecas-poderosas","8":"first","9":"instock","10":"shipping-taxable","11":"purchasable","12":"product-type-simple","13":"add-to-wishlist-after_add_to_cart"},"jetpack_sharing_enabled":true,"_links":{"self":[{"href":"https:\/\/www.reefshops.com\/pt-br\/wp-json\/wp\/v2\/product\/35409","targetHints":{"allow":["GET"]}}],"collection":[{"href":"https:\/\/www.reefshops.com\/pt-br\/wp-json\/wp\/v2\/product"}],"about":[{"href":"https:\/\/www.reefshops.com\/pt-br\/wp-json\/wp\/v2\/types\/product"}],"replies":[{"embeddable":true,"href":"https:\/\/www.reefshops.com\/pt-br\/wp-json\/wp\/v2\/comments?post=35409"}],"wp:featuredmedia":[{"embeddable":true,"href":"https:\/\/www.reefshops.com\/pt-br\/wp-json\/wp\/v2\/media\/5164"}],"wp:attachment":[{"href":"https:\/\/www.reefshops.com\/pt-br\/wp-json\/wp\/v2\/media?parent=35409"}],"wp:term":[{"taxonomy":"product_brand","embeddable":true,"href":"https:\/\/www.reefshops.com\/pt-br\/wp-json\/wp\/v2\/product_brand?post=35409"},{"taxonomy":"product_cat","embeddable":true,"href":"https:\/\/www.reefshops.com\/pt-br\/wp-json\/wp\/v2\/product_cat?post=35409"},{"taxonomy":"product_tag","embeddable":true,"href":"https:\/\/www.reefshops.com\/pt-br\/wp-json\/wp\/v2\/product_tag?post=35409"}],"curies":[{"name":"wp","href":"https:\/\/api.w.org\/{rel}","templated":true}]}}