{"id":35424,"date":"2016-09-25T23:28:22","date_gmt":"2016-09-25T23:28:22","guid":{"rendered":"https:\/\/www.reefshops.com\/product\/aquecedor-de-tanque-de-peixes-para-aquario-300w-500w-circuito-confiavel-e-materiais-altos-garantem-a-saida-de-calor\/"},"modified":"2025-03-16T08:37:37","modified_gmt":"2025-03-16T08:37:37","slug":"aquecedor-de-tanque-de-peixes-para-aquario-300w-500w-circuito-confiavel-e-materiais-altos-garantem-a-saida-de-calor","status":"publish","type":"product","link":"https:\/\/www.reefshops.com\/pt-br\/produto\/aquecedor-de-tanque-de-peixes-para-aquario-300w-500w-circuito-confiavel-e-materiais-altos-garantem-a-saida-de-calor\/","title":{"rendered":"Aquecedor de tanque de peixes para aqu\u00e1rio, 300w, 500w, circuito confi\u00e1vel e materiais altos garantem a sa\u00edda de calor"},"content":{"rendered":"<div style=\"clear:both\"><\/div>\n<div id=\"ali-anchor-AliPostDhMb-71x0z\" style=\"padding-top:8px\" data-section-title=\"name\" data-section=\"AliPostDhMb-71x0z\">\n<div id=\"ali-title-AliPostDhMb-71x0z\" style=\"border-bottom:#ddd 1px solid;padding-bottom:8px;padding-top:8px;padding-left:0px;padding-right:0px\"><span style=\"font-weight:bold;color:#333;padding-bottom:8px;padding-top:8px;padding-left:10px;line-height:12px;padding-right:10px;background-color:#ddd\"><\/span> <\/div>\n<div style=\"padding-bottom:10px;padding-top:10px;padding-left:0px;padding-right:0px\">\n<p style=\"text-align:center\"> <span style=\"font-size:24px\"><strong>300W 500W Aquecedor de tanque de peixes de aqu\u00e1rio de mergulho n\u00e3o explosivo<\/strong> <\/span><span style=\"font-size:32px\"><strong><br \/><\/strong><\/span><\/p>\n<\/div>\n<\/div>\n<div id=\"ali-anchor-AliPostDhMb-r6mtb\" style=\"padding-top:8px\" data-section-title=\"Descri\u00e7\u00e3o do produto\" data-section=\"AliPostDhMb-r6mtb\">\n<div id=\"ali-title-AliPostDhMb-r6mtb\" style=\"border-bottom:#ddd 1px solid;padding-bottom:8px;padding-top:8px;padding-left:0px;padding-right:0px\"><span style=\"font-weight:bold;color:#333;padding-bottom:8px;padding-top:8px;padding-left:10px;line-height:12px;padding-right:10px;background-color:#ddd\">Descri\u00e7\u00e3o do produto<\/span><\/div>\n<div style=\"padding-bottom:10px;padding-top:10px;padding-left:0px;padding-right:0px\">\n<p style=\"font-size:18px\"><span style=\"background-color:#ffff00\">1. Descri\u00e7\u00e3o do aquecedor de tanque de peixes de mergulho<\/span><\/p>\n<\/p>\n<p><span style=\"font-size:14px;font-family:arial, helvetica, sans-serif\">1.Circuito confi\u00e1vel e materiais altos garantem a sa\u00edda de calor e mant\u00eam a temperatura da \u00e1gua dentro do tanque est\u00e1vel.<\/span><\/p>\n<p><span style=\"font-size:14px;font-family:arial, helvetica, sem serifa\">2. Totalmente submers\u00edvel. Dur\u00e1vel e seguro. Design inovador.<\/span><\/p>\n<p><span style=\"font-size:14px;font-family:arial, helvetica, sans-serif\">3. Desligue o aparelho 15 minutos antes de trocar a \u00e1gua.<\/span><\/p>\n<p><span style=\"font-size:14px;font-family:arial, helvetica, sans-serif\">4. A escala indicadora de temperatura pode ser ajustada entre 20??C~34??C(65??F~93??F).<\/span><\/p>\n<p><span style=\"font-family:arial,helvetica,sans-serif\"> <\/span><\/p>\n<p><span style=\"font-size:12pt;font-family:Calibri\"><span style=\"font-size:18px;font-family:arial, helvetica, sans-serif;background-color:#ffff00\">2. Caracter\u00edsticas do aquecedor de tanque de peixes de mergulho <\/span><span style=\"font-size:18px\"><br \/><\/span><\/span><\/p>\n<\/p>\n<p><span style=\"font-size:12pt;font-family:Calibri\">1.<\/span><span style=\"font-size:12pt;font-family:Calibri\">Completamente submers\u00edvel. <\/span><\/p>\n<p><span style=\"font-size:12pt;font-family:Calibri\">2.<\/span><span style=\"font-size:12pt;font-family:Calibri\">A bobina de aquecimento helicoidal de n\u00edquel cromo foi projetada para m\u00e1xima vida \u00fatil e aquecimento uniforme.<\/span><\/p>\n<p><span style=\"font-size:12pt;font-family:Calibri\">3.<\/span><span style=\"font-size:12pt;font-family:Calibri\">Compat\u00edvel com \u00e1gua doce e salgada.<\/span><\/p>\n<p><span style=\"font-size:12pt;font-family:Calibri\">4.<\/span><span style=\"font-size:12pt;font-family:Calibri\">vidro resistente a choques com 2 mm de espessura.<\/span><\/p>\n<p><span style=\"font-size:12pt;font-family:Calibri\">5.<\/span><span style=\"font-size:12pt;font-family:Calibri\">Seletor de controle de temperatura de f\u00e1cil acesso.<\/span><span style=\"font-size:12pt;font-family:Calibri\"><br \/><\/span><span style=\"font-size:12pt;font-family:Calibri\">6.<\/span><span style=\"font-size:12pt;font-family:Calibri\">A temperatura pode ser ajustada entre 20-34 graus ou 65-93 Fahrenheit.<\/span><\/p>\n<\/p>\n<p><span style=\"font-size:18px;background-color:#ffff00\">3. Cuidado com o aquecedor do tanque de peixes de mergulho <\/span><\/p>\n<\/p>\n<p><span style=\"font-size:14px;font-family:Arial\">1. O n\u00edvel da \u00e1gua n\u00e3o est\u00e1 abaixo da marca &#8220;MININUM&#8221;<\/span><\/p>\n<p><span style=\"font-size:14px;font-family:Arial\">2.A submers\u00e3o m\u00e1xima deve estar dentro de 120 cm<\/span><\/p>\n<p><span style=\"font-size:14px;font-family:Arial\">3.Plugue de alimenta\u00e7\u00e3o sempre mais alto que o tanque de \u00e1gua<\/span><\/p>\n<\/p>\n<p style=\"font-size:18px\"><span style=\"background-color:#ffff00\">4. Detalhes do aquecedor de tanque de peixes de mergulho<\/span><\/p>\n<p style=\"font-size:18px\">\n<p style=\"font-size:18px\"><img decoding=\"async\" alt=\"300W 500W Aquecedor de tanque de peixes de aqu\u00e1rio de mergulho n\u00e3o explosivo\" src=\"http:\/\/localhost\/media\/import\/detail\/HTB1CrrJJFXXXXaMXXXXq6xXFXXXF.jpg\"><img decoding=\"async\" alt=\"300W 500W Aquecedor de tanque de peixes de aqu\u00e1rio de mergulho n\u00e3o explosivo\" src=\"http:\/\/localhost\/media\/import\/detail\/HTB1A9_IJFXXXXa4XXXXq6xXFXXXv.jpg\"><img decoding=\"async\" alt=\"300W 500W Aquecedor de tanque de peixes de aqu\u00e1rio de mergulho n\u00e3o explosivo\" src=\"http:\/\/localhost\/media\/import\/detail\/HTB1iPPwJFXXXXb.XpXXq6xXFXXXH.jpg\"><img decoding=\"async\" alt=\"300W 500W Aquecedor de tanque de peixes de aqu\u00e1rio de mergulho n\u00e3o explosivo\" src=\"http:\/\/localhost\/media\/import\/detail\/HTB1jJzCJFXXXXX_XpXXq6xXFXXXs.jpg\"><img decoding=\"async\" alt=\"300W 500W Aquecedor de tanque de peixes de aqu\u00e1rio de mergulho n\u00e3o explosivo\" src=\"http:\/\/localhost\/media\/import\/detail\/HTB1ARYyJFXXXXbrXpXXq6xXFXXXO.jpg\"><img decoding=\"async\" alt=\"300W 500W Aquecedor de tanque de peixes para aqu\u00e1rio de mergulho n\u00e3o explosivo\" src=\"http:\/\/localhost\/media\/import\/detail\/HTB15n3_FFXXXXXaXXXXq6xXFXXXH.jpg\"><\/p>\n<\/p>\n<\/div>\n<\/div>\n<div id=\"ali-anchor-AliPostDhMb-gbvgu\" style=\"padding-top:8px\" data-section-title=\"Informa\u00e7\u00f5es da empresa\" data-section=\"AliPostDhMb-gbvgu\"><strong><span style=\"background-color:#dddddd;color:#333333\"><\/span><\/strong> <\/div>\n","protected":false},"excerpt":{"rendered":"<p>Aquecedor de tanque de peixes para aqu\u00e1rio, 300w, 500w, circuito confi\u00e1vel e materiais altos garantem a sa\u00edda de calor<\/p>\n","protected":false},"featured_media":5194,"comment_status":"open","ping_status":"closed","template":"","meta":[],"product_brand":[],"product_cat":[1285],"product_tag":[],"class_list":{"0":"post-35424","1":"product","2":"type-product","3":"status-publish","4":"has-post-thumbnail","6":"product_cat-aquecedor-de-aquario-e-amp-controlador-de-temperatura","8":"first","9":"instock","10":"shipping-taxable","11":"purchasable","12":"product-type-simple","13":"add-to-wishlist-after_add_to_cart"},"jetpack_sharing_enabled":true,"_links":{"self":[{"href":"https:\/\/www.reefshops.com\/pt-br\/wp-json\/wp\/v2\/product\/35424","targetHints":{"allow":["GET"]}}],"collection":[{"href":"https:\/\/www.reefshops.com\/pt-br\/wp-json\/wp\/v2\/product"}],"about":[{"href":"https:\/\/www.reefshops.com\/pt-br\/wp-json\/wp\/v2\/types\/product"}],"replies":[{"embeddable":true,"href":"https:\/\/www.reefshops.com\/pt-br\/wp-json\/wp\/v2\/comments?post=35424"}],"wp:featuredmedia":[{"embeddable":true,"href":"https:\/\/www.reefshops.com\/pt-br\/wp-json\/wp\/v2\/media\/5194"}],"wp:attachment":[{"href":"https:\/\/www.reefshops.com\/pt-br\/wp-json\/wp\/v2\/media?parent=35424"}],"wp:term":[{"taxonomy":"product_brand","embeddable":true,"href":"https:\/\/www.reefshops.com\/pt-br\/wp-json\/wp\/v2\/product_brand?post=35424"},{"taxonomy":"product_cat","embeddable":true,"href":"https:\/\/www.reefshops.com\/pt-br\/wp-json\/wp\/v2\/product_cat?post=35424"},{"taxonomy":"product_tag","embeddable":true,"href":"https:\/\/www.reefshops.com\/pt-br\/wp-json\/wp\/v2\/product_tag?post=35424"}],"curies":[{"name":"wp","href":"https:\/\/api.w.org\/{rel}","templated":true}]}}