{"id":35441,"date":"2016-09-25T23:28:22","date_gmt":"2016-09-25T23:28:22","guid":{"rendered":"https:\/\/www.reefshops.com\/product\/mini-bomba-de-ar-condicionado-sunsun-220v-50hz-ht-501\/"},"modified":"2025-03-16T08:37:41","modified_gmt":"2025-03-16T08:37:41","slug":"mini-bomba-de-ar-condicionado-sunsun-220v-50hz-ht-501","status":"publish","type":"product","link":"https:\/\/www.reefshops.com\/pt-br\/produto\/mini-bomba-de-ar-condicionado-sunsun-220v-50hz-ht-501\/","title":{"rendered":"Mini bomba de ar condicionado SUNSUN 220V \/ 50Hz HT-501"},"content":{"rendered":"<div style=\"clear:both\"><\/div>\n<p><span style=\"font-size:18px\"><strong> <span style=\"font-size:24px\">Minibomba de ar condicionado SUNSUN 220V \/ 50Hz<\/span><\/strong><\/span><\/p>\n<\/p>\n<div id=\"ali-anchor-AliPostDhMb-yisoh\" style=\"padding-top:8px\" data-section-title=\"Descri\u00e7\u00e3o do produto\" data-section=\"AliPostDhMb-yisoh\">\n<div id=\"ali-title-AliPostDhMb-yisoh\" style=\"border-bottom:#ddd 1px solid;padding-bottom:8px;padding-top:8px;padding-left:0px;padding-right:0px\"><span style=\"font-weight:bold;color:#333;padding-bottom:8px;padding-top:8px;padding-left:10px;line-height:12px;padding-right:10px;background-color:#ddd\">Descri\u00e7\u00e3o do produto<\/span><\/div>\n<div style=\"padding-bottom:10px;padding-top:10px;padding-left:0px;padding-right:0px\">\n<div style=\"height:42px;width:750px\">\n<div style=\"height:42px;float:left;width:25px;background-color:#00ccff\"> <\/div>\n<div style=\"height:30px;float:right;color:#ffffff;padding-bottom:5px;padding-top:5px;padding-left:0px;padding-right:0px;width:720px;background-color:#0099ff\">\n<div style=\"font-size:24px;border-top:#ffffff 1px s\u00f3lido\">Exibi\u00e7\u00e3o do produto<\/div>\n<\/div>\n<\/div>\n<\/div>\n<\/div>\n<p><strong><span style=\"font-size:16px\">CARACTER\u00cdSTICA:<\/span><\/strong><\/p>\n<p><span style=\"font-size:14px\">Esta bomba de ar para a ind\u00fastria \u00e9 ideal para fornecer press\u00e3o de ar para filtros sob cascalho e caixa, pedras de ar e escumadores de prote\u00ednas que usam pedras de ar de cer\u00e2mica. \u00c9 facilmente ajust\u00e1vel, com controle para alterar o circuito magn\u00e9tico na parte superior da bomba. Duradouro e eficiente.<\/span><\/p>\n<p><span style=\"font-size:14px\"><img decoding=\"async\" alt=\"Minibomba de ar condicionado SUNSUN 220V \/ 50Hz\" src=\"http:\/\/localhost\/media\/import\/detail\/HTB12RuHGVXXXXbiXXXXq6xXFXXXU.jpg\"><img decoding=\"async\" alt=\"Mini bomba de ar condicionado SUNSUN 220V \/ 50Hz\" src=\"http:\/\/localhost\/media\/import\/detail\/HTB1asOEGVXXXXaAXpXXq6xXFXXX8.jpg\"><img decoding=\"async\" alt=\"Mini bomba de ar condicionado SUNSUN 220V \/ 50Hz\" src=\"http:\/\/localhost\/media\/import\/detail\/HTB168GJGVXXXXXpXXXXq6xXFXXX2.jpg\"><img decoding=\"async\" alt=\"Minibomba de ar condicionado SUNSUN 220V \/ 50Hz\" src=\"http:\/\/localhost\/media\/import\/detail\/HTB1Uw5FGVXXXXc0XXXXq6xXFXXXi.jpg\"><img decoding=\"async\" alt=\"Minibomba de ar condicionado SUNSUN 220V \/ 50Hz\" src=\"http:\/\/localhost\/media\/import\/detail\/HTB1.sCzGVXXXXbSXFXXq6xXFXXXY.jpg\"><img decoding=\"async\" alt=\"Minibomba de ar condicionado SUNSUN 220V \/ 50Hz\" src=\"http:\/\/localhost\/media\/import\/detail\/HTB1XAOBGVXXXXXqXFXXq6xXFXXXc.jpg\"><\/span><\/p>\n<p data-section-blank=\"AliPostDhMb-ajolc\">\n","protected":false},"excerpt":{"rendered":"<p>Mini bomba de ar condicionado SUNSUN 220V \/ 50Hz HT-501<\/p>\n","protected":false},"featured_media":5228,"comment_status":"open","ping_status":"closed","template":"","meta":[],"product_brand":[],"product_cat":[1376],"product_tag":[],"class_list":{"0":"post-35441","1":"product","2":"type-product","3":"status-publish","4":"has-post-thumbnail","6":"product_cat-bombas-de-ar-e-suprimentos","8":"first","9":"instock","10":"shipping-taxable","11":"purchasable","12":"product-type-simple","13":"add-to-wishlist-after_add_to_cart"},"jetpack_sharing_enabled":true,"_links":{"self":[{"href":"https:\/\/www.reefshops.com\/pt-br\/wp-json\/wp\/v2\/product\/35441","targetHints":{"allow":["GET"]}}],"collection":[{"href":"https:\/\/www.reefshops.com\/pt-br\/wp-json\/wp\/v2\/product"}],"about":[{"href":"https:\/\/www.reefshops.com\/pt-br\/wp-json\/wp\/v2\/types\/product"}],"replies":[{"embeddable":true,"href":"https:\/\/www.reefshops.com\/pt-br\/wp-json\/wp\/v2\/comments?post=35441"}],"wp:featuredmedia":[{"embeddable":true,"href":"https:\/\/www.reefshops.com\/pt-br\/wp-json\/wp\/v2\/media\/5228"}],"wp:attachment":[{"href":"https:\/\/www.reefshops.com\/pt-br\/wp-json\/wp\/v2\/media?parent=35441"}],"wp:term":[{"taxonomy":"product_brand","embeddable":true,"href":"https:\/\/www.reefshops.com\/pt-br\/wp-json\/wp\/v2\/product_brand?post=35441"},{"taxonomy":"product_cat","embeddable":true,"href":"https:\/\/www.reefshops.com\/pt-br\/wp-json\/wp\/v2\/product_cat?post=35441"},{"taxonomy":"product_tag","embeddable":true,"href":"https:\/\/www.reefshops.com\/pt-br\/wp-json\/wp\/v2\/product_tag?post=35441"}],"curies":[{"name":"wp","href":"https:\/\/api.w.org\/{rel}","templated":true}]}}