{"id":35444,"date":"2016-09-25T23:28:22","date_gmt":"2016-09-25T23:28:22","guid":{"rendered":"https:\/\/www.reefshops.com\/product\/filtro-para-lago-de-peixes-sunsun-novo-design-cbf-350b\/"},"modified":"2025-03-16T08:37:42","modified_gmt":"2025-03-16T08:37:42","slug":"filtro-para-lago-de-peixes-sunsun-novo-design-cbf-350b","status":"publish","type":"product","link":"https:\/\/www.reefshops.com\/pt-br\/produto\/filtro-para-lago-de-peixes-sunsun-novo-design-cbf-350b\/","title":{"rendered":"Filtro para lago de peixes SUNSUN novo design CBF-350B"},"content":{"rendered":"<div style=\"clear:both\"><\/div>\n<div id=\"ali-anchor-AliPostDhMb-poa11\" style=\"padding-top:8px\" data-section-title=\"name\" data-section=\"AliPostDhMb-poa11\">\n<div id=\"ali-title-AliPostDhMb-poa11\" style=\"border-bottom:#ddd 1px solid;padding-bottom:8px;padding-top:8px;padding-left:0px;padding-right:0px\"><span style=\"font-weight:bold;color:#333;padding-bottom:8px;padding-top:8px;padding-left:10px;line-height:12px;padding-right:10px;background-color:#ddd\">nome<\/span><\/div>\n<div style=\"padding-bottom:10px;padding-top:10px;padding-left:0px;padding-right:0px\">\n<p><img decoding=\"async\" alt=\"SUNSUN novo design filtro para viveiro de peixes CBF-350B\" src=\"http:\/\/localhost\/media\/import\/detail\/HTB11qiMJVXXXXXWXVXXq6xXFXXXQ.jpg\"><span> <\/span><\/p>\n<\/div>\n<\/div>\n<p style=\"text-align:center\"><span style=\"font-size:24px;color:#000000\"><strong>SUNSUN novo design filtro para lago de peixes CBF-350B<\/strong> <br \/><\/span><\/p>\n<\/p>\n<div id=\"ali-anchor-AliPostDhMb-zobej\" style=\"padding-top:8px\" data-section-title=\"Descri\u00e7\u00e3o do produto\" data-section=\"AliPostDhMb-zobej\">\n<div id=\"ali-title-AliPostDhMb-zobej\" style=\"border-bottom:#ddd 1px solid;padding-bottom:8px;padding-top:8px;padding-left:0px;padding-right:0px\"><span style=\"font-weight:bold;color:#333;padding-bottom:8px;padding-top:8px;padding-left:10px;line-height:12px;padding-right:10px;background-color:#ddd\">Descri\u00e7\u00e3o do produto<\/span><\/div>\n<div style=\"padding-bottom:10px;padding-top:10px;padding-left:0px;padding-right:0px\">\n<\/div>\n<\/div>\n<p><strong><span style=\"font-size:14px\">Instru\u00e7\u00f5es:<\/span><\/strong><\/p>\n<p> <span style=\"font-size:12px\">1. Os produtos desta s\u00e9rie s\u00e3o adequados para filtrar piscinas de jardim e piscinas kio. Use corretamente e <\/span><\/p>\n<p><span style=\"font-size:12px\">a \u00e1gua da piscina <\/span><span style=\"font-size:12px\">ser\u00e1 purificada de forma eficaz.<\/span><\/p>\n<p><span style=\"font-size:12px\"> <\/span><\/p>\n<p><span style=\"font-size:12px\">2. Purifica\u00e7\u00e3o eficiente &#8211; esteriliza\u00e7\u00e3o ultravioleta antes da filtra\u00e7\u00e3o, purifica\u00e7\u00e3o mais eficaz.<\/span><\/p>\n<p><span style=\"font-size:12px\"> <\/span><\/p>\n<p><span style=\"font-size:12px\">3. A estrutura de filtragem \u00e9 muito f\u00e1cil de limpar, o que \u00e9 mais conveniente para manuten\u00e7\u00e3o.<\/span><\/p>\n<p><span style=\"font-size:12px\"> <\/span><\/p>\n<p><span style=\"font-size:12px\">4. Se puder ser montado com a s\u00e9rie CUV-2 (UV-CClarify), ent\u00e3o ser\u00e1 um sistema de filtragem perfeito. CBF-350B&#8221; src=&#8221;http:\/\/localhost\/media\/import\/detail\/534102241_081.jpg&#8221; width=&#8221;618&#8243; height=&#8221;246&#8243; ori-height=&#8221;291&#8243; ori-width=&#8221;800&#8243;&gt;<\/p>\n<p><span style=\"font-size:14px\"><strong><span style=\"color:#003366\">Como fazer use<\/span><\/strong><\/span><\/p>\n<p><img loading=\"lazy\" decoding=\"async\" alt=\"SUNSUN novo design filtro para lago de peixes CBF-350B\" src=\"http:\/\/localhost\/media\/import\/detail\/534086608_150.jpg\" width=\"614\" height=\"606\"><\/p>\n<\/p>\n<p><span style=\"font-size:14px;color:#003366\"><strong>Detalhes dos biofiltros de lago:<\/strong><\/span><\/p>\n<p><span style=\"font-size:14px;color:#003366\"><strong><img decoding=\"async\" alt=\"SUNSUN novo design filtro de lago de peixes CBF-350B\" src=\"http:\/\/localhost\/media\/import\/detail\/889662070_907.jpg\"><\/strong><\/span><\/p>\n<\/p>\n<p><span style=\"font-size:24px\"> <img loading=\"lazy\" decoding=\"async\" alt=\"SUNSUN novo design filtro para lago de peixes CBF-350B\" src=\"http:\/\/localhost\/media\/import\/detail\/534095916_828.jpg\" width=\"609\" height=\"379\"><\/span><\/p>\n<\/p>\n<p style=\"background:#ffffff\"><span style=\"font-size:12px;color:#003366\"><span style=\"font-family:arial, helvetica, sans-serif\"><strong><span style=\"background:#ffffff\">SUNSUN CBF <\/span><\/strong><\/span><span style=\"font-family:arial, helvetica, sans-serif\"><strong><span style=\"background:#ffffff\">Series<\/span><span style=\"background:#ffffff\"> <\/span><span style=\"background:#ffffff\">O Koi Pond Filter System \u00e9 um sistema completo de filtragem de caixa projetado para funcionar <\/span><\/strong><\/span><span style=\"font-family:arial, helvetica, sans-serif\"><strong><span style=\"background:#ffffff\">\u00e1gua da lagoa <\/span><\/strong><\/span><\/span><\/p>\n<p style=\"background:#ffffff\">\n<p style=\"background:#ffffff\"><span style=\"font-size:12px;color:#003366\"><span style=\"font-family:arial, helvetica, sans-serif\"><strong><span style=\"background:#ffffff\">atrav\u00e9s de <\/span><\/strong><\/span><span style=\"font-family:arial, helvetica, sans-serif\"><strong><span style=\"background:#ffffff\">a <\/span><\/strong><\/span><span style=\"font-family:arial, helvetica, sans-serif\"><strong><span style=\"background:#ffffff\">variedade de meios filtrantes e espuma fina e grossa para manter seu lago com apar\u00eancia cristalina. <\/span><\/strong><\/span><\/span><\/p>\n<p style=\"background:#ffffff\">\n<p style=\"background:#ffffff\">\n<p style=\"background:#ffffff\"><span style=\"font-size:14px\"><strong><span style=\"font-family:times new roman, times\"><span style=\"background:#ffffff\">Filtro Opera\u00e7\u00e3o<\/span><\/span><\/strong><\/span><\/p>\n<p style=\"background:#ffffff\"><span style=\"font-size:12px;font-family:arial,helvetica,sans-serif\"><span style=\"background:#ffffff\">O sistema de filtragem usa uma variedade de meios filtrantes distribu\u00eddos em tr\u00eas baias separadas, permitindo que voc\u00ea filtre <\/span><\/span><\/p>\n<p style=\"background:#ffffff\"><span style=\"font-size:12px;font-family:arial,helvetica,sans-serif\"><span style=\"background:#ffffff\">altos volumes de \u00e1gua.<\/span><span style=\"background:#ffffff\">Cada uma das 3 baias tem 4 est\u00e1gios diferentes de filtra\u00e7\u00e3o (veja abaixo) As duas primeiras baias v\u00eam <\/span><\/span><\/p>\n<p style=\"background:#ffffff\"><span style=\"font-size:12px;font-family:arial,helvetica,sans-serif\"><span style=\"background:#ffffff\">completo com <\/span><\/span><span style=\"font-size:16px;font-family:times new roman, times;background:#ffffff\"><span style=\"font-size:12px;font-family:arial,helvetica,sans-serif\">oito (8) espuma de filtro grosso azul, o compartimento restante tem quatro (4) espuma de filtro fino amarelo inclu\u00eddo. <\/span> <\/span><\/p>\n<\/p>\n<p><span style=\"font-size:12px;font-family:arial,helvetica,sans-serif\"><span style=\"background:#ffffff\">1) <\/span><span style=\"background:#ffffff\">Primeiro, a \u00e1gua passa pelo compartimento de m\u00eddia filtrante (abastecida com m\u00eddia de sua escolha)<\/span><span style=\"background:#ffffff\"><br \/><\/span><span style=\"background:#ffffff\">2) Em seguida, a \u00e1gua \u00e9 guiada atrav\u00e9s de um tapete japon\u00eas de alta qualidade;<\/span><span style=\"background:#ffffff\"><br \/><\/span><span style=\"background:#ffffff\">3) Ap\u00f3s o fosqueamento, a \u00e1gua fluir\u00e1 atrav\u00e9s das espumas de filtro fornecidas;<\/span><span style=\"background:#ffffff\"><br \/><\/span><span style=\"background:#ffffff\">4) A \u00faltima se\u00e7\u00e3o de cada compartimento de filtro tem espa\u00e7o adicional para m\u00eddia filtrante<\/span><\/span><\/p>\n<\/p>\n<p><span style=\"font-size:14px;color:#003366\"><strong>Produtos em promo\u00e7\u00e3o<\/strong><\/span><\/p>\n<p><img loading=\"lazy\" decoding=\"async\" alt=\"SUNSUN new design filtro para lago de peixes CBF-350B\" src=\"http:\/\/localhost\/media\/import\/detail\/534045678_101.jpg\" width=\"598\" height=\"452\"><\/p>\n<div id=\"ali-anchor-AliPostDhMb-7x4fq\" style=\"padding-top:8px\" data-section-title=\"Informa\u00e7\u00f5es da empresa\" data-section=\"AliPostDhMb-7x4fq\">\n<div id=\"ali-title-AliPostDhMb-7x4fq\" style=\"border-bottom:#ddd 1px solid;padding-bottom:8px;padding-top:8px;padding-left:0px;padding-right:0px\"> <\/div>\n<\/div>\n<div style=\"clear:both\"><\/div>\n","protected":false},"excerpt":{"rendered":"<p>Filtro para lago de peixes SUNSUN novo design CBF-350B<\/p>\n","protected":false},"featured_media":5234,"comment_status":"open","ping_status":"closed","template":"","meta":[],"product_brand":[],"product_cat":[627],"product_tag":[],"class_list":{"0":"post-35444","1":"product","2":"type-product","3":"status-publish","4":"has-post-thumbnail","6":"product_cat-filtros-de-aquario","8":"first","9":"instock","10":"shipping-taxable","11":"purchasable","12":"product-type-simple","13":"add-to-wishlist-after_add_to_cart"},"jetpack_sharing_enabled":true,"_links":{"self":[{"href":"https:\/\/www.reefshops.com\/pt-br\/wp-json\/wp\/v2\/product\/35444","targetHints":{"allow":["GET"]}}],"collection":[{"href":"https:\/\/www.reefshops.com\/pt-br\/wp-json\/wp\/v2\/product"}],"about":[{"href":"https:\/\/www.reefshops.com\/pt-br\/wp-json\/wp\/v2\/types\/product"}],"replies":[{"embeddable":true,"href":"https:\/\/www.reefshops.com\/pt-br\/wp-json\/wp\/v2\/comments?post=35444"}],"wp:featuredmedia":[{"embeddable":true,"href":"https:\/\/www.reefshops.com\/pt-br\/wp-json\/wp\/v2\/media\/5234"}],"wp:attachment":[{"href":"https:\/\/www.reefshops.com\/pt-br\/wp-json\/wp\/v2\/media?parent=35444"}],"wp:term":[{"taxonomy":"product_brand","embeddable":true,"href":"https:\/\/www.reefshops.com\/pt-br\/wp-json\/wp\/v2\/product_brand?post=35444"},{"taxonomy":"product_cat","embeddable":true,"href":"https:\/\/www.reefshops.com\/pt-br\/wp-json\/wp\/v2\/product_cat?post=35444"},{"taxonomy":"product_tag","embeddable":true,"href":"https:\/\/www.reefshops.com\/pt-br\/wp-json\/wp\/v2\/product_tag?post=35444"}],"curies":[{"name":"wp","href":"https:\/\/api.w.org\/{rel}","templated":true}]}}