{"id":35447,"date":"2016-09-25T23:28:23","date_gmt":"2016-09-25T23:28:23","guid":{"rendered":"https:\/\/www.reefshops.com\/product\/filtro-de-manutencao-de-piscina-koi-eficiente-de-alta-capacidade-sunsun-12000l-h-cbf-350c\/"},"modified":"2025-03-16T08:37:43","modified_gmt":"2025-03-16T08:37:43","slug":"filtro-de-manutencao-de-piscina-koi-eficiente-de-alta-capacidade-sunsun-12000l-h-cbf-350c","status":"publish","type":"product","link":"https:\/\/www.reefshops.com\/pt-br\/produto\/filtro-de-manutencao-de-piscina-koi-eficiente-de-alta-capacidade-sunsun-12000l-h-cbf-350c\/","title":{"rendered":"Filtro de manuten\u00e7\u00e3o de piscina koi eficiente de alta capacidade SUNSUN 12000L\/h CBF-350C"},"content":{"rendered":"<div style=\"clear:both\"><\/div>\n<p><span style=\"font-size:24px;color:#ff0000\">SUNSUN 12000L\/h filtro eficiente de manuten\u00e7\u00e3o de piscina de koi de alta capacidade <\/span><\/p>\n<table class=\"aliDataTable\" style=\"height:300px;width:598px\" cellpadding=\"0\" border=\"1\">\n<tbody>\n<tr style=\"height:15.6pt\">\n<td valign=\"top\">\n<p><span style=\"font-size:12pt\">1.Item<\/span><\/p>\n<\/td>\n<td style=\"width:197.05pt\" valign=\"top\">\n<p><span style=\"font-size:12pt\">Filtro de manuten\u00e7\u00e3o da piscina SUSUN <\/span><\/p>\n<\/td>\n<\/tr>\n<tr style=\"height:15.6pt\">\n<td valign=\"top\">\n<p><span style=\"font-size:12pt\">2.Modelo<\/span><\/p>\n<\/td>\n<td style=\"width:197.05pt\" valign=\"top\">\n<p><span style=\"font-size:12pt\">CBF-350C<\/span><\/p>\n<\/td>\n<\/tr>\n<tr style=\"height:16.35pt\" align=\"left\">\n<td valign=\"top\">\n<p><span style=\"font-size:12pt\">3.Fluxo m\u00e1ximo<\/span><\/p>\n<\/td>\n<td valign=\"top\">\n<p><span style=\"font-size:12pt\">12000L<\/span><span style=\"font-size:12pt\">\/h<\/span><\/p>\n<\/td>\n<\/tr>\n<tr align=\"left\">\n<td valign=\"top\">\n<p><span style=\"font-size:12pt\">4.Adaptador de mangueira de sa\u00edda<\/span><\/p>\n<\/td>\n<td valign=\"top\">\n<p><span style=\"font-size:12pt\">70\/50\/38mm<\/span><\/p>\n<\/td>\n<\/tr>\n<tr style=\"height:16.35pt\" align=\"left\">\n<td valign=\"top\">\n<p><span style=\"font-size:12pt\">5.Adequado para lagos com peixes<\/span><\/p>\n<\/td>\n<td valign=\"top\">\n<p><span style=\"font-size:12pt\">45m?<\/span><\/p>\n<\/td>\n<\/tr>\n<tr style=\"height:16.35pt\" align=\"left\">\n<td valign=\"top\">\n<p><span style=\"font-size:12pt\">6.Adequado para lagos decorativos <\/span><\/p>\n<\/td>\n<td valign=\"top\">\n<p><span style=\"font-size:12pt\">90m?<\/span><\/p>\n<\/td>\n<\/tr>\n<tr style=\"height:16.35pt\" align=\"left\">\n<td valign=\"top\">\n<p><span style=\"font-size:12pt\">7.Dimens\u00e3o <\/span><\/p>\n<\/td>\n<td valign=\"top\">\n<p><span style=\"font-size:12pt\">950*540*460mm<\/span><\/p>\n<\/td>\n<\/tr>\n<tr style=\"height:16.35pt\" align=\"left\">\n<td valign=\"top\">\n<p><span style=\"font-size:12pt\"> Conex\u00e3o a UV<\/span><\/p>\n<\/td>\n<td valign=\"top\">\n<p><span style=\"font-size:12pt\">CUV-236<\/span><\/p>\n<\/td>\n<\/tr>\n<tr style=\"height:17.25pt\" align=\"left\">\n<td valign=\"top\">\n<p><span style=\"font-size:12pt\">8.Marca<\/span><\/p>\n<\/td>\n<td valign=\"top\">\n<p><span style=\"font-size:12pt\">SUNSUN<\/span><\/p>\n<\/td>\n<\/tr>\n<tr style=\"height:15pt\" align=\"left\">\n<td valign=\"top\">\n<p><span style=\"font-size:16px\">9.Qualidade<\/span><\/p>\n<\/td>\n<td valign=\"top\">\n<p><span style=\"font-size:16px\">Melhor qualidade; <br \/><\/span><\/p>\n<p align=\"left\"><span style=\"font-size:16px\">a maior empresa de produtos aqu\u00e1ticos da China.<\/span><\/p>\n<\/td>\n<\/tr>\n<tr style=\"height:4.6pt\" align=\"left\">\n<td valign=\"top\">\n<p><span style=\"font-size:16px\">10.Ponto de venda <\/span><\/p>\n<\/td>\n<td valign=\"top\">\n<p><span style=\"font-size:16px\">Marca registrada bem conhecida da China; seguro e confi\u00e1vel: Conex\u00e3o ao CUV.<\/span><\/p>\n<\/td>\n<\/tr>\n<\/tbody>\n<\/table>\n<p><span style=\"font-size:24px;background-color:#c0c0c0\">1.Instru\u00e7\u00e3o:<\/span><\/p>\n<\/p>\n<p> <span style=\"font-size:16px\"><strong>1. Os produtos desta s\u00e9rie s\u00e3o adequados para filtrar piscinas de jardim e piscinas kio. Use corretamente e a \u00e1gua da piscina ser\u00e1 purificada de forma eficaz.<\/strong><\/span><\/p>\n<p><span style=\"font-size:16px\"><strong> <\/strong><\/span><\/p>\n<p><span style=\"font-size:16px\"><strong>2.Purifica\u00e7\u00e3o eficiente-esteriliza\u00e7\u00e3o ultravioleta antes da filtra\u00e7\u00e3o, purifica\u00e7\u00e3o mais eficaz.<\/strong><\/span><\/p>\n<p><span style=\"font-size:16px\"><strong> <\/strong><\/span><\/p>\n<p><span style=\"font-size:16px\"><strong>3. A estrutura de filtragem \u00e9 muito f\u00e1cil de limpar, o que \u00e9 mais conveniente para manuten\u00e7\u00e3o.<\/strong><\/span><\/p>\n<p><span style=\"font-size:16px\"><strong> <\/strong><\/span><\/p>\n<p><span style=\"font-size:16px\"><strong>4. Se puder ser montado com a s\u00e9rie CUV-2 (UV-CClarify), ent\u00e3o ser\u00e1 um sistema de filtragem perfeito. <\/span><\/p>\n<p> <img loading=\"lazy\" decoding=\"async\" alt=\"SUNSUN 12000L\/h filtro eficiente de manuten\u00e7\u00e3o de piscina de carpas de alta capacidade\" src=\"http:\/\/localhost\/media\/import\/detail\/534102241_081.jpg\" width=\"701\" height=\"269\"><\/p>\n<p><span style=\"font-size:24px;color:#000000;background-color:#c0c0c0\">3.Como usar<\/span><\/p>\n<\/p>\n<p><img loading=\"lazy\" decoding=\"async\" alt=\"SUNSUN 12000L\/h filtro eficiente de manuten\u00e7\u00e3o de piscina koi de alta capacidade\" src=\"http:\/\/localhost\/media\/import\/detail\/534086608_150.jpg\" width=\"652\" height=\"676\"><\/p>\n<\/p>\n<p><span style=\"font-size:24px;color:#000000;background-color:#c0c0c0\">4. Filtro de lago Koi Detalhes:<\/span><\/p>\n<\/p>\n<p><img loading=\"lazy\" decoding=\"async\" alt=\"SUNSUN 12000L\/h filtro eficiente de manuten\u00e7\u00e3o de piscina koi de alta capacidade\" src=\"http:\/\/localhost\/media\/import\/detail\/534082936_479.jpg\" width=\"670\" height=\"608\"><\/p>\n<p><span style=\"font-size:24px\"> <img loading=\"lazy\" decoding=\"async\" alt=\"SUNSUN 12000L\/h filtro eficiente de manuten\u00e7\u00e3o de piscina de koi de alta capacidade\" src=\"http:\/\/localhost\/media\/import\/detail\/534095916_828.jpg\" width=\"612\" height=\"379\"><\/span><\/p>\n<\/p>\n<p style=\"background:#ffffff\">\n<p style=\"background:#ffffff\">\n<p style=\"background:#ffffff\"><span style=\"color:#ff0000\"><em><span style=\"font-family:arial, helvetica, sans-serif\"><strong><span style=\"font-size:9.5pt;background:#ffffff\">SUNSUN CBF <\/span><\/strong><\/span><\/em><em><span style=\"font-family:arial, helvetica, sans-serif\"><strong><span style=\"font-size:9.5pt;background:#ffffff\">Series<\/span><span style=\"font-size:9.5pt;background:#ffffff\"> <\/span><span style=\"font-size:9.5pt;background:#ffffff\">Koi Pond Filter System \u00e9 um sistema completo de filtragem de caixa projetado para funcionar <\/span><\/strong><\/span><\/em><em><span style=\"font-family:arial, helvetica, sans-serif\"><strong><span style=\"font-size:9.5pt;background:#ffffff\">\u00e1gua da lagoa <\/span><\/strong><\/span><\/em><\/span><\/p>\n<p style=\"background:#ffffff\">\n<p style=\"background:#ffffff\"><span style=\"color:#ff0000\"><em><span style=\"font-family:arial, helvetica, sans-serif\"><strong><span style=\"font-size:9.5pt;background:#ffffff\">atrav\u00e9s de <\/span><\/strong><\/span><\/em><em><span style=\"font-family:arial, helvetica, sans-serif\"><strong><span style=\"font-size:9.5pt;background:#ffffff\">uma <\/span><\/strong><\/span><\/em><em><span style=\"font-family:arial, helvetica, sans-serif\"><strong><span style=\"font-size:9.5pt;background:#ffffff\">variedade de meios filtrantes e espuma fina e grossa para manter seu lago parecendo cristalino. <\/span><\/strong><\/span><\/em><\/span><\/p>\n<p style=\"background:#ffffff\">\n<p style=\"background:#ffffff\">\n<p style=\"background:#ffffff\"><span style=\"font-size:24px;background-color:#c0c0c0\"><strong><span style=\"font-family:times new roman, times\"><span>5.Opera\u00e7\u00e3o do filtro<\/span><\/span><\/strong><\/span><\/p>\n<\/p>\n<p><span style=\"font-size:16px;font-family:times new roman, times\"><span style=\"background:#ffffff\">O sistema de filtragem usa uma variedade de meios filtrantes distribu\u00eddos entre tr\u00eas compartimentos separados, permitindo filtrar grandes volumes de \u00e1gua.<\/span><span style=\"background:#ffffff\">Cada uma das 3 baias tem 4 est\u00e1gios diferentes de filtragem (veja abaixo) As duas primeiras baias v\u00eam completas com <\/span><\/span><\/p>\n<\/p>\n<p style=\"background:#ffffff\"><span style=\"font-size:16px;font-family:times new roman, times;background:#ffffff\">oito (8) Filtro Grosso Azul Espuma, o compartimento restante possui quatro (4) Espumas de Filtro Fino Amarelo inclu\u00eddas. <\/span><\/p>\n<p> <span style=\"font-size:16px;font-family:times new roman, times\"><span style=\"background:#ffffff\">1) <\/span><span style=\"background:#ffffff\">Primeiro, a \u00e1gua passa pelo compartimento de m\u00eddia filtrante (abastecido com m\u00eddia de sua escolha)<\/span><span style=\"background:#ffffff\"><br \/><\/span><span style=\"background:#ffffff\">2) Em seguida, a \u00e1gua \u00e9 guiada atrav\u00e9s de um tapete japon\u00eas de alta qualidade;<\/span><span style=\"background:#ffffff\"><br \/><\/span><span style=\"background:#ffffff\">3) Ap\u00f3s o fosqueamento, a \u00e1gua fluir\u00e1 atrav\u00e9s das espumas de filtro fornecidas;<\/span><span style=\"background:#ffffff\"><br \/><\/span><span style=\"background:#ffffff\">4) A \u00faltima se\u00e7\u00e3o de cada compartimento de filtro tem espa\u00e7o adicional para m\u00eddia de filtro<\/span><\/span><\/p>\n<\/p>\n<p><span style=\"font-size:24px;color:#000000;background-color:#c0c0c0\">6. Venda quente Produto<\/span><\/p>\n<\/p>\n<p><img loading=\"lazy\" decoding=\"async\" alt=\"SUNSUN 12000L\/h filtro eficiente de manuten\u00e7\u00e3o de piscina de carpas de alta capacidade\" src=\"http:\/\/localhost\/media\/import\/detail\/534045678_101.jpg\" width=\"664\" height=\"478\"><\/p>\n<\/p>\n<p><span style=\"font-size:24px;color:#ff0000\"><img decoding=\"async\" alt=\"SUNSUN 12000L\/h filtro eficiente de manuten\u00e7\u00e3o de piscina de koi de alta capacidade\" src=\"http:\/\/localhost\/media\/import\/detail\/534084270_428.jpg\"><img decoding=\"async\" alt=\"SUNSUN 12000L\/h filtro eficiente de manuten\u00e7\u00e3o de piscina de koi de alta capacidade\" src=\"http:\/\/localhost\/media\/import\/detail\/534084273_979.jpg\"> <\/span><\/p>\n<\/p>\n<div style=\"clear:both\"><\/div>\n","protected":false},"excerpt":{"rendered":"<p>Filtro de manuten\u00e7\u00e3o de piscina koi eficiente de alta capacidade SUNSUN 12000L\/h CBF-350C<\/p>\n","protected":false},"featured_media":5240,"comment_status":"open","ping_status":"closed","template":"","meta":[],"product_brand":[],"product_cat":[627],"product_tag":[],"class_list":{"0":"post-35447","1":"product","2":"type-product","3":"status-publish","4":"has-post-thumbnail","6":"product_cat-filtros-de-aquario","8":"first","9":"instock","10":"shipping-taxable","11":"purchasable","12":"product-type-simple","13":"add-to-wishlist-after_add_to_cart"},"jetpack_sharing_enabled":true,"_links":{"self":[{"href":"https:\/\/www.reefshops.com\/pt-br\/wp-json\/wp\/v2\/product\/35447","targetHints":{"allow":["GET"]}}],"collection":[{"href":"https:\/\/www.reefshops.com\/pt-br\/wp-json\/wp\/v2\/product"}],"about":[{"href":"https:\/\/www.reefshops.com\/pt-br\/wp-json\/wp\/v2\/types\/product"}],"replies":[{"embeddable":true,"href":"https:\/\/www.reefshops.com\/pt-br\/wp-json\/wp\/v2\/comments?post=35447"}],"wp:featuredmedia":[{"embeddable":true,"href":"https:\/\/www.reefshops.com\/pt-br\/wp-json\/wp\/v2\/media\/5240"}],"wp:attachment":[{"href":"https:\/\/www.reefshops.com\/pt-br\/wp-json\/wp\/v2\/media?parent=35447"}],"wp:term":[{"taxonomy":"product_brand","embeddable":true,"href":"https:\/\/www.reefshops.com\/pt-br\/wp-json\/wp\/v2\/product_brand?post=35447"},{"taxonomy":"product_cat","embeddable":true,"href":"https:\/\/www.reefshops.com\/pt-br\/wp-json\/wp\/v2\/product_cat?post=35447"},{"taxonomy":"product_tag","embeddable":true,"href":"https:\/\/www.reefshops.com\/pt-br\/wp-json\/wp\/v2\/product_tag?post=35447"}],"curies":[{"name":"wp","href":"https:\/\/api.w.org\/{rel}","templated":true}]}}