{"id":35454,"date":"2016-09-25T23:28:23","date_gmt":"2016-09-25T23:28:23","guid":{"rendered":"https:\/\/www.reefshops.com\/product\/sunsun-ce-gs-long-life-time-40w-luz-para-lago-de-jardim-cuv-540\/"},"modified":"2025-03-16T08:37:45","modified_gmt":"2025-03-16T08:37:45","slug":"sunsun-ce-gs-long-life-time-40w-luz-para-lago-de-jardim-cuv-540","status":"publish","type":"product","link":"https:\/\/www.reefshops.com\/pt-br\/produto\/sunsun-ce-gs-long-life-time-40w-luz-para-lago-de-jardim-cuv-540\/","title":{"rendered":"SUNSUN CE\/GS Long Life Time 40W Luz para lago de jardim CUV-540"},"content":{"rendered":"<div style=\"clear:both\"><\/div>\n<p style=\"text-align:center\"> <strong><span style=\"font-size:18pt;font-family:'Comic Sans MS';color:#ff9900\">Nossa promessa SUNSUN:<\/span><\/strong> <\/p>\n<p style=\"text-align:left\">\n<p align=\"center\"><span style=\"font-size:18pt;font-family:'Comic Sans MS';color:green\">1. Todos os produtos s\u00e3o produtos originais SUNSUN<\/span><\/p>\n<p style=\"text-align:left\">\n<p align=\"center\"><span style=\"font-size:18pt;font-family:'Comic Sans MS';color:green\">2. Garantia: um ano<\/span> <\/p>\n<p style=\"text-align:left\">\n<p align=\"center\"><span style=\"font-size:18pt;font-family:'Comic Sans MS';color:green\">3. Embalagem SUNSUN<\/span><\/p>\n<p style=\"text-align:left\">\n<p align=\"center\"><span style=\"font-size:18pt;font-family:'Comic Sans MS'\">&#8230;&#8230;&#8230;&#8230;&#8230;&#8230;&#8230;&#8230;&#8230;&#8230;&#8230;&#8230;&#8230;&#8230;&#8230;&#8230;&#8230;&#8230;&#8230;&#8230;&#8230;&#8230;&#8230;&#8230;&#8230;&#8230;..<\/span><\/p>\n<p align=\"center\">\n<p align=\"center\"><span style=\"font-size:24px;font-family:'Comic Sans MS';background-color:#ffff00\"><span style=\"color:#33cccc\"><em> SUNSUN CE\/GS Long Life Time 40W luz para lago de jardim <\/em><\/span><\/span><strong><\/strong> <\/p>\n<p style=\"text-align:left\"><strong><\/strong> <\/p>\n<p style=\"text-align:left\"><strong><span>1. Descri\u00e7\u00e3o do produto<\/span><\/strong><\/p>\n<p style=\"text-align:left\">\n<p style=\"text-align:left\">\n<p style=\"text-align:left\"><span style=\"font-size:14px;font-family:comic sans ms,sans-serif;color:#000000\">1. \u00c9 usado para formar um elemento-chave de um sistema de \u00e1gua limpa. A luz UV faz com que as algas (\u00e1gua verde) se aglomerem (floculem) para que possam ser peneiradas para fora da \u00e1gua pelo filtro. ms,sans-serif;&#8221;&gt;<span style=\"color:#000000\">2. O interior em a\u00e7o inoxid\u00e1vel reflete a radia\u00e7\u00e3o UV-C, o que aumenta a efici\u00eancia <\/span><span style=\"color:#000000\">em at\u00e9 30%. Al\u00e9m disso, este interior em a\u00e7o inoxid\u00e1vel protege <\/span><span style=\"color:#000000\">o corpo de pl\u00e1stico contra a radia\u00e7\u00e3o UV-C.<\/span><\/span><\/p>\n<p style=\"text-align:left\">\n<p style=\"text-align:left\">\n<p style=\"text-align:left\"><span style=\"font-size:14px;font-family:comic sans ms,sem serifa\">3. Libera\u00e7\u00e3o f\u00e1cil para manuten\u00e7\u00e3o de l\u00e2mpada\/vidro de quartzo <\/span><span style=\"color:#000000\"> <\/span><\/p>\n<p style=\"text-align:left\">\n<p style=\"text-align:left\"><span style=\"font-size:14px;font-family:comic sans ms,sans-serif\"><span>4. Com um design de conex\u00e3o especial, esses dispositivos UV-C podem funcionar em no m\u00e1ximo <\/span><span style=\"color:#000000\">10 metros sob press\u00e3o de \u00e1gua.<\/span><\/span><\/p>\n<p style=\"text-align:left\">\n<p style=\"text-align:left\"><strong><\/strong> <\/p>\n<p><strong><span style=\"font-size:18px;font-family:comic sans ms,sans-serif\">2. Detalhes da luz para lago de jardim CUV-540 <\/span><\/strong> <\/p>\n<\/p>\n<table class=\"aliDataTable\" cellpadding=\"0\" border=\"1\">\n<tbody>\n<tr align=\"left\">\n<td style=\"background:silver;text-align:center;width:68.4pt\" valign=\"top\">\n<p><span style=\"font-size:12px;font-family:arial,helvetica,sans-serif\">Modelo<\/span><\/p>\n<\/td>\n<td style=\"background:silver;text-align:center;width:54pt\" valign=\"top\">\n<p><span style=\"font-size:12px;font-family:arial,helvetica,sans-serif\">CUV-515<\/span><\/p>\n<\/td>\n<td style=\"background:silver;text-align:center;width:54pt\" valign=\"top\">\n<p><span style=\"font-size:12px;font-family:arial,helvetica,sans-serif\">CUV-528<\/span><\/p>\n<\/td>\n<td style=\"background:silver;text-align:center;width:54pt\" valign=\"top\">\n<p><span style=\"font-size:12px;font-family:arial,helvetica,sans-serif\">CUV-540<\/span><\/p>\n<\/td>\n<td style=\"background:silver;text-align:center;width:54pt\" valign=\"top\">\n<p><span style=\"font-size:12px;font-family:arial,helvetica,sans-serif\">CUV-618<\/span><\/p>\n<\/td>\n<td style=\"background:silver;text-align:center;width:56.8pt\" valign=\"top\">\n<p><span style=\"font-size:12px;font-family:arial,helvetica,sans-serif\">CUV-624<\/span><\/p>\n<\/td>\n<td style=\"background:silver;text-align:center;width:54pt\" valign=\"top\">\n<p><span style=\"font-size:12px;font-family:arial,helvetica,sans-serif\">CUV-636<\/span><\/p>\n<\/td>\n<td style=\"background:silver;text-align:center;width:54pt\" valign=\"top\">\n<p><span style=\"font-size:12px;font-family:arial,helvetica,sans-serif\">CUV-655<\/span><\/p>\n<\/td>\n<td style=\"background:silver;text-align:center;width:63pt\" valign=\"top\">\n<p><span style=\"font-size:12px;font-family:arial,helvetica,sans-serif\">CUV-695<\/span><\/p>\n<\/td>\n<\/tr>\n<tr style=\"height:21.5pt\">\n<td style=\"text-align:center\" valign=\"top\">\n<p><span style=\"font-size:12px;font-family:arial,helvetica,sans-serif\">UV-C Power(W)<\/span><\/p>\n<\/td>\n<td style=\"text-align:center\" valign=\"top\">\n<p><span style=\"font-size:12px;font-family:arial,helvetica,sans-serif\">15<\/span><\/p>\n<\/td>\n<td style=\"text-align:center\" valign=\"top\">\n<p><span style=\"font-size:12px;font-family:arial,helvetica,sans-serif\">28<\/span><\/p>\n<\/td>\n<td style=\"text-align:center\" valign=\"top\">\n<p><span style=\"font-size:12px;font-family:arial,helvetica,sans-serif\">40<\/span><\/p>\n<\/td>\n<td style=\"text-align:center\" valign=\"top\">\n<p><span style=\"font-size:12px;font-family:arial,helvetica,sans-serif\">18<\/span><\/p>\n<\/td>\n<td style=\"text-align:center\" valign=\"top\">\n<p><span style=\"font-size:12px;font-family:arial,helvetica,sans-serif\">24<\/span><\/p>\n<\/td>\n<td style=\"text-align:center\" valign=\"top\">\n<p><span style=\"font-size:12px;font-family:arial,helvetica,sans-serif\">36<\/span><\/p>\n<\/td>\n<td style=\"text-align:center\" valign=\"top\">\n<p><span style=\"font-size:12px;font-family:arial,helvetica,sans-serif\">55<\/span><\/p>\n<\/td>\n<td style=\"text-align:center\" valign=\"top\">\n<p><span style=\"font-size:12px;font-family:arial,helvetica,sans-serif\">95<\/span><\/p>\n<\/td>\n<\/tr>\n<tr align=\"left\">\n<td style=\"background:silver;text-align:center\" valign=\"top\">\n<p><span style=\"font-size:12px;font-family:arial,helvetica,sans-serif\">UV-C(%) Horas<\/span><\/p>\n<\/td>\n<td style=\"background:silver;text-align:center\" valign=\"top\">\n<p><span style=\"font-size:12px;font-family:arial,helvetica,sans-serif\">8000<\/span><\/p>\n<\/td>\n<td style=\"background:silver;text-align:center\" valign=\"top\">\n<p><span style=\"font-size:12px;font-family:arial,helvetica,sans-serif\">8000<\/span><\/p>\n<\/td>\n<td style=\"background:silver;text-align:center\" valign=\"top\">\n<p><span style=\"font-size:12px;font-family:arial,helvetica,sans-serif\">8000<\/span><\/p>\n<\/td>\n<td style=\"background:silver;text-align:center\" valign=\"top\">\n<p><span style=\"font-size:12px;font-family:arial,helvetica,sans-serif\">8000<\/span><\/p>\n<\/td>\n<td style=\"background:silver;text-align:center\" valign=\"top\">\n<p><span style=\"font-size:12px;font-family:arial,helvetica,sans-serif\">8000<\/span><\/p>\n<\/td>\n<td style=\"background:silver;text-align:center\" valign=\"top\">\n<p><span style=\"font-size:12px;font-family:arial,helvetica,sans-serif\">8000<\/span><\/p>\n<\/td>\n<td style=\"background:silver;text-align:center\" valign=\"top\">\n<p><span style=\"font-size:12px;font-family:arial,helvetica,sans-serif\">8000<\/span><\/p>\n<\/td>\n<td style=\"background:silver;text-align:center\" valign=\"top\">\n<p><span style=\"font-size:12px;font-family:arial,helvetica,sans-serif\">8000<\/span><\/p>\n<\/td>\n<\/tr>\n<tr style=\"height:21.55pt\">\n<td style=\"text-align:center\" valign=\"top\">\n<p><span style=\"font-size:12px;font-family:arial,helvetica,sans-serif\">Capacidade(L)<\/span><\/p>\n<\/td>\n<td style=\"text-align:center\" valign=\"top\">\n<p><span style=\"font-size:12px;font-family:arial,helvetica,sans-serif\">25000<\/span><\/p>\n<\/td>\n<td style=\"text-align:center\" valign=\"top\">\n<p><span style=\"font-size:12px;font-family:arial,helvetica,sans-serif\">45000<\/span><\/p>\n<\/td>\n<td style=\"text-align:center\" valign=\"top\">\n<p><span style=\"font-size:12px;font-family:arial,helvetica,sans-serif\">60000<\/span><\/p>\n<\/td>\n<td style=\"text-align:center\" valign=\"top\">\n<p><span style=\"font-size:12px;font-family:arial,helvetica,sans-serif\">25000<\/span><\/p>\n<\/td>\n<td style=\"text-align:center\" valign=\"top\">\n<p><span style=\"font-size:12px;font-family:arial,helvetica,sans-serif\">40000<\/span><\/p>\n<\/td>\n<td style=\"text-align:center\" valign=\"top\">\n<p><span style=\"font-size:12px;font-family:arial,helvetica,sans-serif\">55000<\/span><\/p>\n<\/td>\n<td style=\"text-align:center\" valign=\"top\">\n<p><span style=\"font-size:12px;font-family:arial,helvetica,sans-serif\">65000<\/span><\/p>\n<\/td>\n<td style=\"text-align:center\" valign=\"top\">\n<p><span style=\"font-size:12px;font-family:arial,helvetica,sans-serif\">80000<\/span><\/p>\n<\/td>\n<\/tr>\n<tr align=\"left\">\n<td style=\"background:silver;text-align:center\" valign=\"top\">\n<p><span style=\"font-size:12px;font-family:arial,helvetica,sans-serif\">Press\u00e3o m\u00e1xima (bar)<\/span><\/p>\n<\/td>\n<td style=\"background:silver;text-align:center\" valign=\"top\">\n<p><span style=\"font-size:12px;font-family:arial,helvetica,sans-serif\">1.0<\/span><\/p>\n<\/td>\n<td style=\"background:silver;text-align:center\" valign=\"top\">\n<p><span style=\"font-size:12px;font-family:arial,helvetica,sans-serif\">1.0<\/span><\/p>\n<\/td>\n<td style=\"background:silver;text-align:center\" valign=\"top\">\n<p><span style=\"font-size:12px;font-family:arial,helvetica,sans-serif\">1.0<\/span><\/p>\n<\/td>\n<td style=\"background:silver;text-align:center\" valign=\"top\">\n<p><span style=\"font-size:12px;font-family:arial,helvetica,sans-serif\">1.0<\/span><\/p>\n<\/td>\n<td style=\"background:silver;text-align:center\" valign=\"top\">\n<p><span style=\"font-size:12px;font-family:arial,helvetica,sans-serif\">1.0<\/span><\/p>\n<\/td>\n<td style=\"background:silver;text-align:center\" valign=\"top\">\n<p><span style=\"font-size:12px;font-family:arial,helvetica,sans-serif\">1.0<\/span><\/p>\n<\/td>\n<td style=\"background:silver;text-align:center\" valign=\"top\">\n<p><span style=\"font-size:12px;font-family:arial,helvetica,sans-serif\">1.0<\/span><\/p>\n<\/td>\n<td style=\"background:silver;text-align:center\" valign=\"top\">\n<p><span style=\"font-size:12px;font-family:arial,helvetica,sans-serif\">1.0<\/span><\/p>\n<\/td>\n<\/tr>\n<tr style=\"height:29.65pt\">\n<td style=\"text-align:center\" valign=\"top\">\n<p><span style=\"font-size:12px;font-family:arial,helvetica,sans-serif\">Fluxo direto (L\/h)<\/span><\/p>\n<\/td>\n<td style=\"text-align:center\" valign=\"top\">\n<p><span style=\"font-size:12px;font-family:arial,helvetica,sans-serif\">3000<\/span><\/p>\n<\/td>\n<td style=\"text-align:center\" valign=\"top\">\n<p><span style=\"font-size:12px;font-family:arial,helvetica,sans-serif\">5000<\/span><\/p>\n<\/td>\n<td style=\"text-align:center\" valign=\"top\">\n<p><span style=\"font-size:12px;font-family:arial,helvetica,sans-serif\">7000<\/span><\/p>\n<\/td>\n<td style=\"text-align:center\" valign=\"top\">\n<p><span style=\"font-size:12px;font-family:arial,helvetica,sans-serif\">3000<\/span><\/p>\n<\/td>\n<td style=\"text-align:center\" valign=\"top\">\n<p><span style=\"font-size:12px;font-family:arial,helvetica,sans-serif\">5000<\/span><\/p>\n<\/td>\n<td style=\"text-align:center\" valign=\"top\">\n<p><span style=\"font-size:12px;font-family:arial,helvetica,sans-serif\">7000<\/span><\/p>\n<\/td>\n<td style=\"text-align:center\" valign=\"top\">\n<p><span style=\"font-size:12px;font-family:arial,helvetica,sans-serif\">8000<\/span><\/p>\n<\/td>\n<td style=\"text-align:center\" valign=\"top\">\n<p><span style=\"font-size:12px;font-family:arial,helvetica,sans-serif\">8000<\/span><\/p>\n<\/td>\n<\/tr>\n<tr align=\"left\">\n<td style=\"background:silver;text-align:center\" valign=\"top\">\n<p><span style=\"font-size:12px;font-family:arial,helvetica,sans-serif\">Comprimento do cabo<\/span><\/p>\n<\/td>\n<td style=\"background:silver;text-align:center\" valign=\"top\">\n<p><span style=\"font-size:12px;font-family:arial,helvetica,sans-serif\">5m<\/span><\/p>\n<\/td>\n<td style=\"background:silver;text-align:center\" valign=\"top\">\n<p><span style=\"font-size:12px;font-family:arial,helvetica,sans-serif\">5m<\/span><\/p>\n<\/td>\n<td style=\"background:silver;text-align:center\" valign=\"top\">\n<p><span style=\"font-size:12px;font-family:arial,helvetica,sans-serif\">5m <\/span><\/p>\n<\/td>\n<td style=\"background:silver;text-align:center\" valign=\"top\">\n<p><span style=\"font-size:12px;font-family:arial,helvetica,sans-serif\">5m<\/span><\/p>\n<\/td>\n<td style=\"background:silver;text-align:center\" valign=\"top\">\n<p><span style=\"font-size:12px;font-family:arial,helvetica,sans-serif\">5m<\/span><\/p>\n<\/td>\n<td style=\"background:silver;text-align:center\" valign=\"top\">\n<p><span style=\"font-size:12px;font-family:arial,helvetica,sans-serif\">5m<\/span><\/p>\n<\/td>\n<td style=\"background:silver;text-align:center\" valign=\"top\">\n<p><span style=\"font-size:12px;font-family:arial,helvetica,sans-serif\">5m<\/span><\/p>\n<\/td>\n<td style=\"background:silver;text-align:center\" valign=\"top\">\n<p><span style=\"font-size:12px;font-family:arial,helvetica,sans-serif\">5m<\/span><\/p>\n<\/td>\n<\/tr>\n<\/tbody>\n<\/table>\n<p><img loading=\"lazy\" decoding=\"async\" alt=\"SUNSUN CE\/GS Long Life Time 40W Garden Pond Light\" src=\"http:\/\/localhost\/media\/import\/detail\/709019215_916.jpg\" width=\"600\" height=\"600\"><\/p>\n<\/p>\n<div style=\"clear:both\"><\/div>\n","protected":false},"excerpt":{"rendered":"<p>SUNSUN CE\/GS Long Life Time 40W Luz para lago de jardim CUV-540<\/p>\n","protected":false},"featured_media":5254,"comment_status":"open","ping_status":"closed","template":"","meta":[],"product_brand":[],"product_cat":[627],"product_tag":[],"class_list":{"0":"post-35454","1":"product","2":"type-product","3":"status-publish","4":"has-post-thumbnail","6":"product_cat-filtros-de-aquario","8":"first","9":"instock","10":"shipping-taxable","11":"purchasable","12":"product-type-simple","13":"add-to-wishlist-after_add_to_cart"},"jetpack_sharing_enabled":true,"_links":{"self":[{"href":"https:\/\/www.reefshops.com\/pt-br\/wp-json\/wp\/v2\/product\/35454","targetHints":{"allow":["GET"]}}],"collection":[{"href":"https:\/\/www.reefshops.com\/pt-br\/wp-json\/wp\/v2\/product"}],"about":[{"href":"https:\/\/www.reefshops.com\/pt-br\/wp-json\/wp\/v2\/types\/product"}],"replies":[{"embeddable":true,"href":"https:\/\/www.reefshops.com\/pt-br\/wp-json\/wp\/v2\/comments?post=35454"}],"wp:featuredmedia":[{"embeddable":true,"href":"https:\/\/www.reefshops.com\/pt-br\/wp-json\/wp\/v2\/media\/5254"}],"wp:attachment":[{"href":"https:\/\/www.reefshops.com\/pt-br\/wp-json\/wp\/v2\/media?parent=35454"}],"wp:term":[{"taxonomy":"product_brand","embeddable":true,"href":"https:\/\/www.reefshops.com\/pt-br\/wp-json\/wp\/v2\/product_brand?post=35454"},{"taxonomy":"product_cat","embeddable":true,"href":"https:\/\/www.reefshops.com\/pt-br\/wp-json\/wp\/v2\/product_cat?post=35454"},{"taxonomy":"product_tag","embeddable":true,"href":"https:\/\/www.reefshops.com\/pt-br\/wp-json\/wp\/v2\/product_tag?post=35454"}],"curies":[{"name":"wp","href":"https:\/\/api.w.org\/{rel}","templated":true}]}}