{"id":35468,"date":"2016-09-25T23:28:23","date_gmt":"2016-09-25T23:28:23","guid":{"rendered":"https:\/\/www.reefshops.com\/product\/sunsun-2014-cuv-136-4500l-h-36w-tubo-uv-lampada-uv-de-alta-qualidade-esterilizar\/"},"modified":"2025-03-16T08:37:48","modified_gmt":"2025-03-16T08:37:48","slug":"sunsun-2014-cuv-136-4500l-h-36w-tubo-uv-lampada-uv-de-alta-qualidade-esterilizar","status":"publish","type":"product","link":"https:\/\/www.reefshops.com\/pt-br\/produto\/sunsun-2014-cuv-136-4500l-h-36w-tubo-uv-lampada-uv-de-alta-qualidade-esterilizar\/","title":{"rendered":"sunsun 2014 CUV-136 4500L\/h 36W Tubo UV l\u00e2mpada uv de alta qualidade esterilizar"},"content":{"rendered":"<div style=\"clear:both\"><\/div>\n<p style=\"text-align:left\"><span style=\"font-family:arial,helvetica,sans-serif;color:#000000\"><strong><span style=\"font-size:24px\"><span style=\"background-color:#ffff00\"><span style=\"background-color:#ffffff\">sunsun 2014 CUV-136 4500L\/h 36W Tubo UV esterilizador de l\u00e2mpada UV de alta qualidade<\/span><\/span><\/span><\/strong><\/span><\/p>\n<p data-section-blank=\"AliPostDhMb-bqnmi\">\n<p style=\"text-align:left\">\n<div id=\"ali-anchor-AliPostDhMb-bqnmi\" style=\"padding-top:8px\" data-section-title=\"Descri\u00e7\u00e3o do produto\" data-section=\"AliPostDhMb-bqnmi\">\n<div id=\"ali-title-AliPostDhMb-bqnmi\" style=\"border-bottom:#ddd 1px solid;padding-bottom:8px;padding-top:8px;padding-left:0px;padding-right:0px\"><span style=\"font-weight:bold;color:#333;padding-bottom:8px;padding-top:8px;padding-left:10px;line-height:12px;padding-right:10px;background-color:#ddd\">Descri\u00e7\u00e3o do produto<\/span><\/div>\n<div style=\"padding-bottom:10px;padding-top:10px;padding-left:0px;padding-right:0px\">\n<div style=\"height:42px;width:750px\">\n<div style=\"height:42px;float:left;width:25px;background-color:#00ccff\"> <\/div>\n<div style=\"height:30px;float:right;color:#ffffff;padding-bottom:5px;padding-top:5px;padding-left:0px;padding-right:0px;width:720px;background-color:#0099ff\">\n<div style=\"font-size:24px;border-top:#ffffff 1px s\u00f3lido;border-bottom:#ffffff 1px s\u00f3lido;padding-left:10px\">Exibi\u00e7\u00e3o do produto<\/div>\n<\/div>\n<\/div>\n<\/div>\n<\/div>\n<p style=\"text-align:left\">\n<p data-section-blank=\"AliPostDhMb-bqnmi\">\n<p style=\"text-align:left\">\n<p style=\"text-align:left\"><img decoding=\"async\" alt=\"undefined\" src=\"http:\/\/localhost\/media\/import\/detail\/HTB1pFecFVXXXXb8XpXXq6xXFXXXo.jpg\"><br \/><img decoding=\"async\" alt=\"undefined\" src=\"http:\/\/localhost\/media\/import\/detail\/HTB1uqCvFVXXXXc1XXXXq6xXFXXXr.jpg\"><br \/><img decoding=\"async\" alt=\"undefined\" src=\"http:\/\/localhost\/media\/import\/detail\/HTB1aOqfFVXXXXX2XpXXq6xXFXXXx.jpg\"><\/p>\n<p data-section-blank=\"AliPostDhMb-kviga\">\n<div id=\"ali-anchor-AliPostDhMb-kviga\" style=\"padding-top:8px\" data-section-title=\"Informa\u00e7\u00f5es da empresa\" data-section=\"AliPostDhMb-kviga\">\n<div id=\"ali-title-AliPostDhMb-kviga\" style=\"border-bottom:#ddd 1px solid;padding-bottom:8px;padding-top:8px;padding-left:0px;padding-right:0px\"><span style=\"font-weight:bold;color:#333;padding-bottom:8px;padding-top:8px;padding-left:10px;line-height:12px;padding-right:10px;background-color:#ddd\">Informa\u00e7\u00f5es da empresa<\/span><\/div>\n<div style=\"padding-bottom:10px;padding-top:10px;padding-left:0px;padding-right:0px\">\n<div style=\"height:42px;width:750px\">\n<div style=\"height:42px;float:left;width:25px;background-color:#00ccff\"> <\/div>\n<div style=\"height:30px;float:right;color:#ffffff;padding-bottom:5px;padding-top:5px;padding-left:0px;padding-right:0px;width:720px;background-color:#0099ff\">\n<div style=\"font-size:24px;border-top:#ffffff 1px s\u00f3lido\">Sobre n\u00f3s<\/div>\n<\/div>\n<\/div>\n<p><em><span style=\"font-size:18px\"><strong> sunsun<\/strong><\/span><\/em> <span style=\"font-size:16px\">foco na fabrica\u00e7\u00e3o de produtos e equipamentos aqu\u00e1ticos h\u00e1 mais de 30 anos.<\/span><span style=\"font-size:16px\">Tornamo-nos o l\u00edder e o maior fabricante de produtos aqu\u00e1ticos e lagoa na China.<\/span><span style=\"font-size:16px\">Somos famosos nas seguintes ind\u00fastrias: instala\u00e7\u00f5es de aqu\u00e1rio, m\u00e1quinas de aquicultura, equipamentos industriais etc.Aqui estamos ansiosos para estabelecer uma parceria mutuamente ben\u00e9fica com voc\u00ea para um amanh\u00e3 brilhante.<\/span><em><span style=\"font-size:16px\"><img decoding=\"async\" alt=\"sunsun 2014 CUV-136 4500L\/h 36W Tubo UV de alta qualidade para esterilizar l\u00e2mpada UV\" src=\"http:\/\/localhost\/media\/import\/detail\/HTB1qX1VFVXXXXX2XpXXq6xXFXXXo.jpg\"><\/span><\/em><\/p>\n<\/div>\n<\/div>\n<div id=\"ali-anchor-AliPostDhMb-x2vyc\" style=\"padding-top:8px\" data-section-title=\"Carregando\" data-section=\"AliPostDhMb-x2vyc\"> <\/div>\n","protected":false},"excerpt":{"rendered":"<p>sunsun 2014 CUV-136 4500L\/h 36W Tubo UV l\u00e2mpada uv de alta qualidade esterilizar<\/p>\n","protected":false},"featured_media":5282,"comment_status":"open","ping_status":"closed","template":"","meta":[],"product_brand":[],"product_cat":[627],"product_tag":[],"class_list":{"0":"post-35468","1":"product","2":"type-product","3":"status-publish","4":"has-post-thumbnail","6":"product_cat-filtros-de-aquario","8":"first","9":"instock","10":"shipping-taxable","11":"purchasable","12":"product-type-simple","13":"add-to-wishlist-after_add_to_cart"},"jetpack_sharing_enabled":true,"_links":{"self":[{"href":"https:\/\/www.reefshops.com\/pt-br\/wp-json\/wp\/v2\/product\/35468","targetHints":{"allow":["GET"]}}],"collection":[{"href":"https:\/\/www.reefshops.com\/pt-br\/wp-json\/wp\/v2\/product"}],"about":[{"href":"https:\/\/www.reefshops.com\/pt-br\/wp-json\/wp\/v2\/types\/product"}],"replies":[{"embeddable":true,"href":"https:\/\/www.reefshops.com\/pt-br\/wp-json\/wp\/v2\/comments?post=35468"}],"wp:featuredmedia":[{"embeddable":true,"href":"https:\/\/www.reefshops.com\/pt-br\/wp-json\/wp\/v2\/media\/5282"}],"wp:attachment":[{"href":"https:\/\/www.reefshops.com\/pt-br\/wp-json\/wp\/v2\/media?parent=35468"}],"wp:term":[{"taxonomy":"product_brand","embeddable":true,"href":"https:\/\/www.reefshops.com\/pt-br\/wp-json\/wp\/v2\/product_brand?post=35468"},{"taxonomy":"product_cat","embeddable":true,"href":"https:\/\/www.reefshops.com\/pt-br\/wp-json\/wp\/v2\/product_cat?post=35468"},{"taxonomy":"product_tag","embeddable":true,"href":"https:\/\/www.reefshops.com\/pt-br\/wp-json\/wp\/v2\/product_tag?post=35468"}],"curies":[{"name":"wp","href":"https:\/\/api.w.org\/{rel}","templated":true}]}}