{"id":35487,"date":"2016-09-25T23:28:25","date_gmt":"2016-09-25T23:28:25","guid":{"rendered":"https:\/\/www.reefshops.com\/product\/bomba-para-tanque-de-peixes-sunsun-170w-7500l-h-jap-7500\/"},"modified":"2025-03-16T08:37:53","modified_gmt":"2025-03-16T08:37:53","slug":"bomba-para-tanque-de-peixes-sunsun-170w-7500l-h-jap-7500","status":"publish","type":"product","link":"https:\/\/www.reefshops.com\/pt-br\/produto\/bomba-para-tanque-de-peixes-sunsun-170w-7500l-h-jap-7500\/","title":{"rendered":"Bomba para tanque de peixes SUNSUN 170w 7500L\/h JAP-7500"},"content":{"rendered":"<div style=\"clear:both\"><\/div>\n<div style=\"font-size:13px;font-family:Arial, Helvetica, sans-serif;color:#000000;width:726px\">\n<div>\n<p style=\"text-align:center\"><strong><span style=\"font-size:24px\">SUNSUN 170w 7500L\/h Bomba para aqu\u00e1rio <\/span><\/strong><\/p>\n<p data-section-blank=\"AliPostDhMb-edxsy\">\n<\/div>\n<\/div>\n<div id=\"ali-anchor-AliPostDhMb-edxsy\" style=\"padding-top:8px\" data-section-title=\"Descri\u00e7\u00e3o do produto\" data-section=\"AliPostDhMb-edxsy\">\n<div id=\"ali-title-AliPostDhMb-edxsy\" style=\"border-bottom:#ddd 1px solid;padding-bottom:8px;padding-top:8px;padding-left:0px;padding-right:0px\"><span style=\"font-weight:bold;color:#333;padding-bottom:8px;padding-top:8px;padding-left:10px;line-height:12px;padding-right:10px;background-color:#ddd\">Descri\u00e7\u00e3o do produto<\/span><\/div>\n<div style=\"padding-bottom:10px;padding-top:10px;padding-left:0px;padding-right:0px\">\n<div style=\"height:42px;width:750px\">\n<div style=\"height:42px;float:left;width:25px;background-color:#00ccff\"> <\/div>\n<div style=\"height:30px;float:right;color:#ffffff;padding-bottom:5px;padding-top:5px;padding-left:0px;padding-right:0px;width:720px;background-color:#0099ff\">\n<div style=\"font-size:24px;border-top:#ffffff 1px s\u00f3lido\">Exibi\u00e7\u00e3o do produto<\/div>\n<\/div>\n<\/div>\n<\/div>\n<\/div>\n<p data-section-blank=\"AliPostDhMb-edxsy\">\n<p><span style=\"font-size:16px;font-family:arial,helvetica,sans-serif\"><strong><span style=\"color:#008000\">Caracter\u00edsticas:<\/span><\/strong><\/span><\/p>\n<p><span style=\"font-size:10.5pt;font-family:arial,helvetica,sans-serif\">1.V\u00e1rios conector de descarga para v\u00e1rios tubos.<\/span><\/p>\n<p><span style=\"font-size:10.5pt;font-family:arial,helvetica,sans-serif\">2.A fun\u00e7\u00e3o de anf\u00edbio pode ser adequada em uma ampla gama.<\/span><\/p>\n<p><span style=\"font-size:10.5pt;font-family:arial,helvetica,sans-serif\">3. Design de apar\u00eancia simplificada, estrutura razo\u00e1vel e alta efici\u00eancia. <\/span><span style=\"font-size:10.5pt\"> economia de energia e \u00e0 prova d&#8217;\u00e1gua.<\/span><\/span><\/p>\n<p><span style=\"font-family:arial,helvetica,sans-serif\"><span style=\"font-size:10.5pt\">5.Design especial do motor, eixo cer\u00e2mico \u00e0 prova de desgaste, longa vida \u00fatil e adequado <\/span><span style=\"font-size:10.5pt\"> para anf\u00edbios terrestres.<\/span><\/span><\/p>\n<p><span style=\"font-family:arial,helvetica,sans-serif\"><span style=\"font-size:10.5pt\">6.Ele usa n\u00facleo de eixo resistente ao desgaste de alta resist\u00eancia, tem energia altamente eficiente<\/span><span style=\"font-size:10.5pt\"> economia e longa vida \u00fatil.<\/span><\/span><\/p>\n<p><span style=\"font-family:arial,helvetica,sans-serif\"> 7.EU Plug<\/span><\/p>\n<p><span style=\"font-family:arial,helvetica,sans-serif\"><strong><span style=\"font-size:16px\"><span style=\"color:#008000\">Precau\u00e7\u00f5es de seguran\u00e7a importantes:<\/span><br \/><\/span><\/strong><span style=\"font-size:10.5pt\">1. Certifique-se de usar a fonte de alimenta\u00e7\u00e3o correta.<\/span><span style=\"font-size:10.5pt\"><br \/><\/span><span style=\"font-size:10.5pt\">2. O cabo de alimenta\u00e7\u00e3o n\u00e3o pode ser substitu\u00eddo<\/span><span style=\"font-size:10.5pt\"> um<\/span><span style=\"font-size:10.5pt\"> ble. N\u00e3o tente encurtar o cabo de alimenta\u00e7\u00e3o ou remover o p<\/span><span style=\"font-size:10.5pt\"> lu<\/span><span style=\"font-size:10.5pt\"> g. O n\u00e3o cumprimento deste ponto pode causar danos ao produto.<\/span><span style=\"font-size:10.5pt\"><br \/><\/span><span style=\"font-size:10.5pt\">3. Se for encontrado cheiro ou ru\u00eddo anormal no produto, desconecte-o imediatamente e verifique a causa. Contate<\/span><span style=\"font-size:10.5pt\"> c<\/span><span style=\"font-size:10.5pt\"> com seu revendedor\/distribuidor, se necess\u00e1rio.<\/span><span style=\"font-size:10.5pt\"><br \/><\/span><span style=\"font-size:10.5pt\">4. Certifique-se de que sua m\u00e3o e o plugue estejam secos ao conectar ou desconectar o produto.<\/span><span style=\"font-size:10.5pt\"><br \/><\/span><span style=\"font-size:10.5pt\">5. N\u00e3o retire a bomba diretamente com a linha de energia, o que pode deslig\u00e1-la.<\/span><span style=\"font-size:10.5pt\"><br \/><\/span><span style=\"font-size:10.5pt\">6. Desligue o produto antes da instala\u00e7\u00e3o e limpeza. N\u00e3o puxe o cabo de alimenta\u00e7\u00e3o abruptamente. Para desconectar, segure o plugue e retire-o da tomada.<\/span><span style=\"font-size:10.5pt\"><br \/><\/span><span style=\"font-size:10.5pt\">7. A bomba \u00e9 adequada apenas para \u00e1gua doce e marinha. N\u00e3o<\/span><span style=\"font-size:10.5pt\"> <\/span><span style=\"font-size:10.5pt\"> n\u00e3o o deixe no ambiente a mais de 35\u00b0C ou abaixo das condi\u00e7\u00f5es de congelamento.<\/span><\/span><\/p>\n<\/p>\n<table class=\"aliDataTable\" style=\"height:196px;width:749px\" border=\"1\">\n<tbody>\n<tr>\n<td style=\"text-align:center\"><strong>Modelo<\/strong><\/td>\n<td style=\"text-align:center\"><strong>Tens\u00e3o<\/strong><\/td>\n<td style=\"text-align:center\"><strong>Frequ\u00eancia<\/strong><\/td>\n<td style=\"text-align:center\"><strong>Pot\u00eancia<\/strong><\/td>\n<td style=\"text-align:center\"><strong>H-max<\/strong><\/td>\n<td style=\"text-align:center\"><strong>Sa\u00edda<\/strong><\/td>\n<td style=\"text-align:center\"><strong>Comprimento do cabo<\/strong><\/td>\n<td style=\"text-align:center\"><strong>Peso<\/strong><\/td>\n<td style=\"text-align:center\"><strong>L*W*H(mm)<\/strong><\/td>\n<\/tr>\n<tr>\n<td style=\"text-align:center\"> JAP-6000<\/td>\n<td style=\"text-align:center\"> 110V\/220V\/240V<\/td>\n<td style=\"text-align:center\"> 50Hz\/60Hz<\/td>\n<td style=\"text-align:center\">140W<\/td>\n<td style=\"text-align:center\"> 6,0m<\/td>\n<td style=\"text-align:center\"> 6000L\/h<\/td>\n<td style=\"text-align:center\"> 5m<\/td>\n<td style=\"text-align:center\"> 3,5kg<\/td>\n<td style=\"text-align:center\">355*125*145<\/td>\n<\/tr>\n<tr>\n<td style=\"text-align:center\"> JAP-7500<\/td>\n<td style=\"text-align:center\"> 110V\/220V\/240V<\/td>\n<td style=\"text-align:center\"> 50Hz\/60Hz<\/td>\n<td style=\"text-align:center\"> 140W<\/td>\n<td style=\"text-align:center\"> 5,0m<\/td>\n<td style=\"text-align:center\"> 7500L\/h<\/td>\n<td style=\"text-align:center\"> 5m<\/td>\n<td style=\"text-align:center\"> 3,5kg<\/td>\n<td style=\"text-align:center\"> 355*125*145<\/td>\n<\/tr>\n<tr>\n<td style=\"text-align:center\"> JAP-8500<\/td>\n<td style=\"text-align:center\"> 110V\/220V\/240V<\/td>\n<td style=\"text-align:center\"> 50Hz\/60Hz<\/td>\n<td style=\"text-align:center\"> 230W<\/td>\n<td style=\"text-align:center\"> 7,0m<\/td>\n<td style=\"text-align:center\"> 8500L\/h<\/td>\n<td style=\"text-align:center\"> 5m<\/td>\n<td style=\"text-align:center\"> 5,0kg<\/td>\n<td style=\"text-align:center\"> 375*130*153<\/td>\n<\/tr>\n<tr>\n<td style=\"text-align:center\"> JAP-10000<\/td>\n<td style=\"text-align:center\"> 110V\/220V\/240V<\/td>\n<td style=\"text-align:center\"> 50Hz\/60Hz<\/td>\n<td style=\"text-align:center\"> 230W<\/td>\n<td style=\"text-align:center\"> 6,0m<\/td>\n<td style=\"text-align:center\"> 10000L\/h<\/td>\n<td style=\"text-align:center\"> 5m<\/td>\n<td style=\"text-align:center\"> 5,0kg<\/td>\n<td style=\"text-align:center\"> 375*130*153<\/td>\n<\/tr>\n<tr>\n<td style=\"text-align:center\"> JAP-13000<\/td>\n<td style=\"text-align:center\"> 110V\/220V\/240V<\/td>\n<td style=\"text-align:center\"> 50Hz\/60Hz<\/td>\n<td style=\"text-align:center\"> 400W<\/td>\n<td style=\"text-align:center\"> 7,5m<\/td>\n<td style=\"text-align:center\"> 13000L\/h<\/td>\n<td style=\"text-align:center\"> 5m<\/td>\n<td style=\"text-align:center\"> 5,5kg<\/td>\n<td style=\"text-align:center\"> 400*140*165<\/td>\n<\/tr>\n<tr>\n<td style=\"text-align:center\"> JAP-15000<\/td>\n<td style=\"text-align:center\"> 110V\/220V\/240V<\/td>\n<td style=\"text-align:center\"> 50Hz\/60Hz<\/td>\n<td style=\"text-align:center\"> 420W<\/td>\n<td style=\"text-align:center\"> 7,0m<\/td>\n<td style=\"text-align:center\"> 15000L\/h<\/td>\n<td style=\"text-align:center\"> 5m<\/td>\n<td style=\"text-align:center\"> 5,5kg<\/td>\n<td style=\"text-align:center\"> 400*140*165<\/td>\n<\/tr>\n<tr>\n<td style=\"text-align:center\"> JAP-18000<\/td>\n<td style=\"text-align:center\"> 110V\/220V\/240V<\/td>\n<td style=\"text-align:center\"> 50Hz\/60Hz<\/td>\n<td style=\"text-align:center\"> 420W<\/td>\n<td style=\"text-align:center\">6,5m<\/td>\n<td style=\"text-align:center\"> 18000L\/h<\/td>\n<td style=\"text-align:center\"> 5m<\/td>\n<td style=\"text-align:center\"> 5,5kg<\/td>\n<td style=\"text-align:center\"> 400*140*165<\/td>\n<\/tr>\n<\/tbody>\n<\/table>\n<p><img decoding=\"async\" alt=\"JAP-8500_01.jpg\" src=\"http:\/\/localhost\/media\/import\/detail\/HTB12kk6GXXXXXbpXVXXq6xXFXXXD.jpg\"><img decoding=\"async\" alt=\"JAP-8500_02.jpg\" src=\"http:\/\/localhost\/media\/import\/detail\/HTB1ehwOGXXXXXaNaXXXq6xXFXXX5.jpg\"><img decoding=\"async\" alt=\"JAP-8500_03.jpg\" src=\"http:\/\/localhost\/media\/import\/detail\/HTB1LMwEGXXXXXapaXXXq6xXFXXXq.jpg\"><img decoding=\"async\" alt=\"JAP-8500_04.jpg\" src=\"http:\/\/localhost\/media\/import\/detail\/HTB1Jr7QGXXXXXbvXVXXq6xXFXXXI.jpg\"><img decoding=\"async\" alt=\"JAP-8500_05.jpg\" src=\"http:\/\/localhost\/media\/import\/detail\/HTB1vY.3GXXXXXXSXVXXq6xXFXXXj.jpg\"><img decoding=\"async\" alt=\"JAP-8500_06.jpg\" src=\"http:\/\/localhost\/media\/import\/detail\/HTB1QEgYGXXXXXb0XFXXq6xXFXXXg.jpg\"><img decoding=\"async\" alt=\"JAP-8500_07.jpg\" src=\"http:\/\/localhost\/media\/import\/detail\/HTB1KgAYGXXXXXcYXVXXq6xXFXXXQ.jpg\"><img decoding=\"async\" alt=\"JAP-8500_08.jpg\" src=\"http:\/\/localhost\/media\/import\/detail\/HTB1xNZZGXXXXXaPXVXXq6xXFXXXA.jpg\"><\/p>\n<\/p>\n<p style=\"text-align:center\"><span style=\"font-size:10.5pt;font-family:'Comic Sans MS'\"><span style=\"font-family:Comic Sans MS\"><img decoding=\"async\" alt=\"08.jpg\" src=\"http:\/\/localhost\/media\/import\/detail\/HTB11QJDGVXXXXXlXVXXq6xXFXXXD.jpg\"><img decoding=\"async\" alt=\"03.jpg\" src=\"http:\/\/localhost\/media\/import\/detail\/HTB1yK3FGXXXXXaOaXXXq6xXFXXXV.jpg\"><img decoding=\"async\" alt=\"4.jpg\" src=\"http:\/\/localhost\/media\/import\/detail\/HTB1Hm3TGXXXXXa_XVXXq6xXFXXXL.jpg\"><img loading=\"lazy\" decoding=\"async\" alt=\"SUNSUN 170w 7500L\/h Bomba de tanque de peixes\" src=\"http:\/\/localhost\/media\/import\/detail\/523278359_920.jpg\" width=\"600\" height=\"484\"><\/span><\/span><\/p>\n<p style=\"text-align:center\">\n<p data-section-blank=\"AliPostDhMb-amj5q\">\n","protected":false},"excerpt":{"rendered":"<p>Bomba para tanque de peixes SUNSUN 170w 7500L\/h JAP-7500<\/p>\n","protected":false},"featured_media":5320,"comment_status":"open","ping_status":"closed","template":"","meta":[],"product_brand":[],"product_cat":[1374],"product_tag":[],"class_list":{"0":"post-35487","1":"product","2":"type-product","3":"status-publish","4":"has-post-thumbnail","6":"product_cat-bombas-de-agua-e-cabecas-poderosas","8":"first","9":"instock","10":"shipping-taxable","11":"purchasable","12":"product-type-simple","13":"add-to-wishlist-after_add_to_cart"},"jetpack_sharing_enabled":true,"_links":{"self":[{"href":"https:\/\/www.reefshops.com\/pt-br\/wp-json\/wp\/v2\/product\/35487","targetHints":{"allow":["GET"]}}],"collection":[{"href":"https:\/\/www.reefshops.com\/pt-br\/wp-json\/wp\/v2\/product"}],"about":[{"href":"https:\/\/www.reefshops.com\/pt-br\/wp-json\/wp\/v2\/types\/product"}],"replies":[{"embeddable":true,"href":"https:\/\/www.reefshops.com\/pt-br\/wp-json\/wp\/v2\/comments?post=35487"}],"wp:featuredmedia":[{"embeddable":true,"href":"https:\/\/www.reefshops.com\/pt-br\/wp-json\/wp\/v2\/media\/5320"}],"wp:attachment":[{"href":"https:\/\/www.reefshops.com\/pt-br\/wp-json\/wp\/v2\/media?parent=35487"}],"wp:term":[{"taxonomy":"product_brand","embeddable":true,"href":"https:\/\/www.reefshops.com\/pt-br\/wp-json\/wp\/v2\/product_brand?post=35487"},{"taxonomy":"product_cat","embeddable":true,"href":"https:\/\/www.reefshops.com\/pt-br\/wp-json\/wp\/v2\/product_cat?post=35487"},{"taxonomy":"product_tag","embeddable":true,"href":"https:\/\/www.reefshops.com\/pt-br\/wp-json\/wp\/v2\/product_tag?post=35487"}],"curies":[{"name":"wp","href":"https:\/\/api.w.org\/{rel}","templated":true}]}}