{"id":35491,"date":"2016-09-25T23:28:25","date_gmt":"2016-09-25T23:28:25","guid":{"rendered":"https:\/\/www.reefshops.com\/product\/lampada-de-fonte-submersivel-pequena-sunsun-3x20w-12v\/"},"modified":"2025-03-16T08:37:54","modified_gmt":"2025-03-16T08:37:54","slug":"lampada-de-fonte-submersivel-pequena-sunsun-3x20w-12v","status":"publish","type":"product","link":"https:\/\/www.reefshops.com\/pt-br\/produto\/lampada-de-fonte-submersivel-pequena-sunsun-3x20w-12v\/","title":{"rendered":"L\u00e2mpada de fonte submers\u00edvel pequena SUNSUN 3x20W 12V"},"content":{"rendered":"<div style=\"clear:both\"><\/div>\n<p><span style=\"font-size:10.5pt;font-family:'Arial'\"><span style=\"font-size:24px;color:#00ffff;background-color:#ffff00\"> SUNSUN 3x20W 12V pequena l\u00e2mpada de fonte submers\u00edvel <\/span><\/span><\/p>\n<\/p>\n<p><span style=\"font-size:18px;font-family:'Arial';color:#ff6600;background-color:#ffffff\"><strong>Introdu\u00e7\u00e3o do produto<\/strong><\/span><\/p>\n<\/p>\n<p><span style=\"font-family:comic sans ms,sans-serif\"><span style=\"font-size:10.5pt\">1. Com o transformador \u00e0 prova d&#8217;\u00e1gua para uso externo. baixa tens\u00e3o torna-o seguro.<\/span><\/span><\/p>\n<p><span style=\"font-size:10.5pt;font-family:comic sans ms,sans-serif\">2. O produto est\u00e1 equipado com os suportes e os postes, o que pode ajud\u00e1-lo a ser fixado no oleoduto ou na terra com muito mais firmeza. style=&#8221;tamanho da fonte:10.5pt;&#8221;&gt;3. O orif\u00edcio de conex\u00e3o pode ser conectado a outros <\/span><span style=\"font-size:10.5pt\">aparelhos el\u00e9tricos que<\/span><\/span><\/p>\n<p><span style=\"font-size:10.5pt;font-family:comic sans ms,sans-serif\"> devem ser operados por trabalhadores profissionais<span style=\"font-size:10.5pt\"> <\/span> <\/span><\/p>\n<p><span style=\"font-family:comic sans ms,sans-serif\"><span style=\"font-size:10.5pt\">4. A l\u00e2mpada deve ser usada na \u00e1gua\/ar, cuja temperatura seja inferior a 35.<\/span><\/span><\/p>\n<p><span style=\"font-size:10.5pt;font-family:'Arial'\">5. Por favor, n\u00e3o coloque a l\u00e2mpada ou seu transformador sob o sol quente.<\/span><\/p>\n<\/p>\n<p><strong><span style=\"font-size:10.5pt;font-family:'Arial';color:#ff6600\"><span style=\"font-size:18px\">Detalhes da pequena l\u00e2mpada de fonte submers\u00edvel <\/span><\/span><\/strong><\/p>\n<\/p>\n<p> <img loading=\"lazy\" decoding=\"async\" alt=\"SUNSUN 3x20W 12V pequena l\u00e2mpada de fonte submers\u00edvel\" src=\"http:\/\/localhost\/media\/import\/detail\/852359564_102.jpg\" width=\"601\" height=\"283\"><\/p>\n<p> <img loading=\"lazy\" decoding=\"async\" alt=\"SUNSUN 3x20W 12V pequena L\u00e2mpada de fonte submers\u00edvel\" src=\"http:\/\/localhost\/media\/import\/detail\/845812766_879.jpg\" width=\"600\" height=\"600\"><\/p>\n<\/p>\n<p><strong><span style=\"font-size:18px;font-family:'Arial';color:#ff6600\">Outras nossas pequenas l\u00e2mpadas de fonte submers\u00edveis SUNSUN para sua refer\u00eancia<\/span><\/strong><\/p>\n<\/p>\n<p><span style=\"font-size:10.5pt;font-family:'Arial';color:#ff6600\"><img decoding=\"async\" alt=\"SUNSUN 3x20W L\u00e2mpada de fonte submers\u00edvel pequena 12V\" src=\"http:\/\/localhost\/media\/import\/detail\/845812760_840.jpg\"><\/span><\/p>\n<p><span style=\"font-size:10.5pt;font-family:'Arial';color:#ff6600\"><img loading=\"lazy\" decoding=\"async\" alt=\"SUNSUN 3x20W 12V pequena l\u00e2mpada de fonte submers\u00edvel\" src=\"http:\/\/localhost\/media\/import\/detail\/845812784_628.jpg\" width=\"600\" height=\"600\"><\/span><\/p>\n<p><img loading=\"lazy\" decoding=\"async\" alt=\"SUNSUN 3x20W 12V pequena L\u00e2mpada de fonte submers\u00edvel\" src=\"http:\/\/localhost\/media\/import\/detail\/845803078_735.jpg\" width=\"600\" height=\"600\"><\/p><\/p>\n","protected":false},"excerpt":{"rendered":"<p>L\u00e2mpada de fonte submers\u00edvel pequena SUNSUN 3x20W 12V<\/p>\n","protected":false},"featured_media":5328,"comment_status":"open","ping_status":"closed","template":"","meta":[],"product_brand":[],"product_cat":[1375],"product_tag":[],"class_list":{"0":"post-35491","1":"product","2":"type-product","3":"status-publish","4":"has-post-thumbnail","6":"product_cat-iluminacao-e-iluminacao-para-aquarios-suprimentos","8":"first","9":"instock","10":"shipping-taxable","11":"purchasable","12":"product-type-simple","13":"add-to-wishlist-after_add_to_cart"},"jetpack_sharing_enabled":true,"_links":{"self":[{"href":"https:\/\/www.reefshops.com\/pt-br\/wp-json\/wp\/v2\/product\/35491","targetHints":{"allow":["GET"]}}],"collection":[{"href":"https:\/\/www.reefshops.com\/pt-br\/wp-json\/wp\/v2\/product"}],"about":[{"href":"https:\/\/www.reefshops.com\/pt-br\/wp-json\/wp\/v2\/types\/product"}],"replies":[{"embeddable":true,"href":"https:\/\/www.reefshops.com\/pt-br\/wp-json\/wp\/v2\/comments?post=35491"}],"wp:featuredmedia":[{"embeddable":true,"href":"https:\/\/www.reefshops.com\/pt-br\/wp-json\/wp\/v2\/media\/5328"}],"wp:attachment":[{"href":"https:\/\/www.reefshops.com\/pt-br\/wp-json\/wp\/v2\/media?parent=35491"}],"wp:term":[{"taxonomy":"product_brand","embeddable":true,"href":"https:\/\/www.reefshops.com\/pt-br\/wp-json\/wp\/v2\/product_brand?post=35491"},{"taxonomy":"product_cat","embeddable":true,"href":"https:\/\/www.reefshops.com\/pt-br\/wp-json\/wp\/v2\/product_cat?post=35491"},{"taxonomy":"product_tag","embeddable":true,"href":"https:\/\/www.reefshops.com\/pt-br\/wp-json\/wp\/v2\/product_tag?post=35491"}],"curies":[{"name":"wp","href":"https:\/\/api.w.org\/{rel}","templated":true}]}}