{"id":35492,"date":"2016-09-25T23:28:25","date_gmt":"2016-09-25T23:28:25","guid":{"rendered":"https:\/\/www.reefshops.com\/product\/sunsun-20w-12v-lampada-de-fonte-para-lago-de-jardim-cqd-235\/"},"modified":"2025-03-16T08:37:54","modified_gmt":"2025-03-16T08:37:54","slug":"sunsun-20w-12v-lampada-de-fonte-para-lago-de-jardim-cqd-235","status":"publish","type":"product","link":"https:\/\/www.reefshops.com\/pt-br\/produto\/sunsun-20w-12v-lampada-de-fonte-para-lago-de-jardim-cqd-235\/","title":{"rendered":"SUNSUN 20W 12V L\u00e2mpada de fonte para lago de jardim CQD-235"},"content":{"rendered":"<div style=\"clear:both\"><\/div>\n<p><span style=\"font-size:10.5pt;font-family:'Arial'\"> <span style=\"color:#0000ff;background-color:#ffff00\"><span style=\"font-size:24px\">L\u00e2mpada fonte SUNSUN 20W 12V para lago de jardim<\/span> <\/span><\/span><\/p>\n<\/p>\n<p><span style=\"font-size:18px;font-family:'Arial';color:#ff6600;background-color:#ffffff\"> <strong>Introdu\u00e7\u00e3o ao produto<\/strong><\/span><\/p>\n<\/p>\n<p><span style=\"font-family:comic sans ms,sans-serif\"><span style=\"font-size:10.5pt\">1. Com o transformador \u00e0 prova d&#8217;\u00e1gua para uso externo. baixa tens\u00e3o torna-o seguro.<\/span><\/span><\/p>\n<\/p>\n<p><span style=\"font-size:10.5pt;font-family:comic sans ms,sans-serif\">2. O produto est\u00e1 equipado com suportes e postes, o que pode ajud\u00e1-lo a ser fixado no oleoduto ou na terra com muito mais firmeza.<\/span><\/span><\/p>\n<\/p>\n<p><span style=\"font-family:comic sans ms,sans-serif\"><span style=\"font-size:10.5pt\">3. O orif\u00edcio de conex\u00e3o pode ser conectado a outros <\/span><span style=\"font-size:10.5pt\">aparelhos el\u00e9tricos que<\/span><\/span><\/p>\n<p><span style=\"font-size:10.5pt;font-family:comic sans ms,sans-serif\"> devem ser operados por trabalhadores profissionais<span style=\"font-size:10.5pt\"> <\/span> <\/span><\/p>\n<\/p>\n<p><span style=\"font-family:comic sans ms,sans-serif\"><span style=\"font-size:10.5pt\">4. A l\u00e2mpada deve ser usada na \u00e1gua\/ar, cuja temperatura seja inferior a 35.<\/span><\/span><\/p>\n<\/p>\n<p><span style=\"font-size:10.5pt;font-family:'Arial'\">5. Por favor, n\u00e3o coloque a l\u00e2mpada ou seu transformador sob a luz do sol quente. style=&#8221;font-size:10.5pt;font-family:&#8217;Arial&#8217;;color:#ff6600;&#8221;&gt;<img loading=\"lazy\" decoding=\"async\" alt=\"SUNSUN 20W 12V Garden Pond Fountain Lamp\" src=\"http:\/\/localhost\/media\/import\/detail\/845803066_658.jpg\" width=\"598\" height=\"251\"><img decoding=\"async\" alt=\"SUNSUN 20W 12V l\u00e2mpada de fonte para lago de jardim\" src=\"http:\/\/localhost\/media\/import\/detail\/845803078_735.jpg\"><\/span><\/p>\n<\/p>\n<p><strong><span style=\"font-size:18px;font-family:'Arial';color:#ff6600\">Outras nossas l\u00e2mpadas de fonte SUNSUN Garden Pond para sua refer\u00eancia<\/span><\/strong><\/p>\n<\/p>\n<p><span style=\"font-size:10.5pt;font-family:'Arial';color:#ff6600\"><img decoding=\"async\" alt=\"SUNSUN 20W 12V Garden Pond L\u00e2mpada de fonte\" src=\"http:\/\/localhost\/media\/import\/detail\/845812760_840.jpg\"><img decoding=\"async\" alt=\"SUNSUN 20W 12V Garden Pond Fountain Lamp\" src=\"http:\/\/localhost\/media\/import\/detail\/845812766_879.jpg\"><img decoding=\"async\" alt=\"SUNSUN 20W 12V Garden Pond Fountain Lamp\" src=\"http:\/\/localhost\/media\/import\/detail\/845812784_628.jpg\"><\/span><\/p>\n<\/p>\n<div style=\"clear:both\"><\/div>\n","protected":false},"excerpt":{"rendered":"<p>SUNSUN 20W 12V L\u00e2mpada de fonte para lago de jardim CQD-235<\/p>\n","protected":false},"featured_media":5330,"comment_status":"open","ping_status":"closed","template":"","meta":[],"product_brand":[],"product_cat":[1375],"product_tag":[],"class_list":{"0":"post-35492","1":"product","2":"type-product","3":"status-publish","4":"has-post-thumbnail","6":"product_cat-iluminacao-e-iluminacao-para-aquarios-suprimentos","8":"first","9":"instock","10":"shipping-taxable","11":"purchasable","12":"product-type-simple","13":"add-to-wishlist-after_add_to_cart"},"jetpack_sharing_enabled":true,"_links":{"self":[{"href":"https:\/\/www.reefshops.com\/pt-br\/wp-json\/wp\/v2\/product\/35492","targetHints":{"allow":["GET"]}}],"collection":[{"href":"https:\/\/www.reefshops.com\/pt-br\/wp-json\/wp\/v2\/product"}],"about":[{"href":"https:\/\/www.reefshops.com\/pt-br\/wp-json\/wp\/v2\/types\/product"}],"replies":[{"embeddable":true,"href":"https:\/\/www.reefshops.com\/pt-br\/wp-json\/wp\/v2\/comments?post=35492"}],"wp:featuredmedia":[{"embeddable":true,"href":"https:\/\/www.reefshops.com\/pt-br\/wp-json\/wp\/v2\/media\/5330"}],"wp:attachment":[{"href":"https:\/\/www.reefshops.com\/pt-br\/wp-json\/wp\/v2\/media?parent=35492"}],"wp:term":[{"taxonomy":"product_brand","embeddable":true,"href":"https:\/\/www.reefshops.com\/pt-br\/wp-json\/wp\/v2\/product_brand?post=35492"},{"taxonomy":"product_cat","embeddable":true,"href":"https:\/\/www.reefshops.com\/pt-br\/wp-json\/wp\/v2\/product_cat?post=35492"},{"taxonomy":"product_tag","embeddable":true,"href":"https:\/\/www.reefshops.com\/pt-br\/wp-json\/wp\/v2\/product_tag?post=35492"}],"curies":[{"name":"wp","href":"https:\/\/api.w.org\/{rel}","templated":true}]}}