{"id":35516,"date":"2016-09-25T23:28:26","date_gmt":"2016-09-25T23:28:26","guid":{"rendered":"https:\/\/www.reefshops.com\/product\/sunsun-800l-h-14w-bombeamento-e-filtro-de-agua-de-oxigenio-para-aquario-cegs-jp-082\/"},"modified":"2025-03-16T08:38:00","modified_gmt":"2025-03-16T08:38:00","slug":"sunsun-800l-h-14w-bombeamento-e-filtro-de-agua-de-oxigenio-para-aquario-cegs-jp-082","status":"publish","type":"product","link":"https:\/\/www.reefshops.com\/pt-br\/produto\/sunsun-800l-h-14w-bombeamento-e-filtro-de-agua-de-oxigenio-para-aquario-cegs-jp-082\/","title":{"rendered":"SUNSUN 800L\/h 14W bombeamento e filtro de \u00e1gua de oxig\u00eanio para aqu\u00e1rio (CE,GS) JP-082"},"content":{"rendered":"<div style=\"clear:both\"><\/div>\n<div style=\"padding-bottom:10px;padding-top:10px;padding-left:0px;padding-right:0px\">\n<p><span><\/span><\/p>\n<\/div>\n<p style=\"text-align:center\"><span style=\"color:#ff0000\"><strong><span style=\"font-size:18pt;font-family:'Comic Sans MS'\">Nossa promessa SUNSUN:<\/span><\/strong><\/span><\/p>\n<\/p>\n<p align=\"center\"><span style=\"color:#0000ff\"><span style=\"font-size:18pt;font-family:'Comic Sans MS'\">1. Todos os produtos s\u00e3o produtos originais SUNSUN<\/span> <\/span><\/p>\n<p><span style=\"color:#0000ff\"> <\/span><\/p>\n<p align=\"center\"><span style=\"font-size:18pt;font-family:'Comic Sans MS';color:#0000ff\">2. Garantia: um ano<\/span><\/p>\n<p><span style=\"color:#0000ff\"> <\/span><\/p>\n<p style=\"text-align:center\"><span style=\"color:#0000ff\"><span><\/p>\n<p align=\"center\"><span style=\"font-size:18pt;font-family:'Comic Sans MS'\">3. Embalagem SUNSUN ou embalagem branca<\/span><\/p>\n<p align=\"center\"><span style=\"color:#0000ff\"> <\/span><\/p>\n<p align=\"center\"><span style=\"font-size:18pt;font-family:'Comic Sans MS';color:#0000ff\">4. aceitar OEM<\/span><\/p>\n<p align=\"center\"><span style=\"font-size:18pt;font-family:'Comic Sans MS';color:#0000ff\">&#8230;&#8230;&#8230;&#8230;&#8230;&#8230;&#8230;&#8230;&#8230;&#8230;&#8230;&#8230;&#8230;&#8230;&#8230;&#8230;&#8230;&#8230;&#8230;&#8230;&#8230;&#8230;&#8230;&#8230;&#8230;&#8230;&#8230;&#8230;&#8230;&#8230;&#8230;&#8230;&#8230;&#8230;&#8230;&#8230;&#8230;..<\/span> <\/p>\n<p><span style=\"font-size:24px;font-family:comic sans ms,sans-serif\"><strong>1.Caracter\u00edsticas:<\/strong><\/span><\/p>\n<div style=\"font-family:arial;line-height:18px\">\n<p><span style=\"font-size:18px;font-family:comic sans ms,sans-serif\">1.design patenteado de motor \u00fanico, roda bilobada \u00e9 ultrapotente e de dupla efici\u00eancia.<\/span><\/p>\n<p><span style=\"font-size:18px;font-family:comic sans ms,sans-serif\">2.tem boa resist\u00eancia diel\u00e9trica \u00e0 prova d&#8217;\u00e1gua e alta;\u00e9 seguro e confi\u00e1vel.<\/span><\/p>\n<p><span style=\"font-size:18px;font-family:comic sans ms,sans-serif\">3. pares de design patenteado de motor para fornecer efici\u00eancia dupla. um.<\/span><\/p>\n<\/p>\n<\/div>\n<p> <img loading=\"lazy\" decoding=\"async\" alt=\"SUNSUN 800L\/h 14W bombeamento e filtro de \u00e1gua de oxig\u00eanio para aqu\u00e1rio (CE,GS)\" src=\"http:\/\/localhost\/media\/import\/detail\/716689479_617.jpg\" width=\"600\" height=\"600\"><\/p>\n<\/p>\n<p><span style=\"font-family:comic sans ms,sans-serif;color:#000000;background-color:#ff0000\"><strong><span style=\"font-size:24px\">2.As especifica\u00e7\u00f5es:<\/span><\/strong><\/span><\/p>\n<\/p>\n<p style=\"background:#ffffff\"><span style=\"font-size:18px;font-family:comic sans ms,sans-serif;color:#2f2f2f\"><span style=\"color:#0000ff\">Modelo<span style=\"color:#000000\">: JP-082<\/span><\/span><\/span><\/p>\n<p style=\"background:#ffffff\">\n<p style=\"background:#ffffff\"><span style=\"font-size:18px;font-family:comic sans ms,sans-serif;color:#2f2f2f\"><span style=\"color:#0000ff\">Altura m\u00e1xima:<span style=\"color:#000000\"> 0,8<\/span><\/span>m<\/span><\/p>\n<p style=\"background:#ffffff\">\n<p style=\"background:#ffffff\"><span style=\"font-size:18px;font-family:comic sans ms,sans-serif;color:#0000ff\">Power:<span style=\"color:#000000\"> 14W<\/span><\/span><\/p>\n<p style=\"background:#ffffff\">\n<p style=\"background:#ffffff\"><span style=\"font-family:comic sans ms,sans-serif\"><span style=\"font-size:18px;color:#2f2f2f\"><span style=\"color:#0000ff\">Sa\u00edda: <span style=\"color:#000000\">80<\/span><span style=\"color:#000000\">0<\/span><\/span>L\/h<\/span><span style=\"font-size:18px\"> <\/span><\/span><\/p>\n<p style=\"background:#ffffff\">\n<p><span style=\"font-size:18px;font-family:comic sans ms,sans-serif\"><span style=\"color:#2f2f2f\"><span style=\"color:#0000ff\">Tens\u00e3o:<\/span> 110V\/220V\/<\/span><span style=\"color:#2f2f2f\">240V<\/span><\/span><\/p>\n<p style=\"background:#ffffff\">\n<p><span style=\"font-size:18px;font-family:comic sans ms,sans-serif\"><span style=\"color:#0000ff\">Frequ\u00eancia<\/span><span style=\"color:#2f2f2f\"><span style=\"color:#0000ff\">:<\/span> 50\/60<\/span><span style=\"color:#2f2f2f\">Hz<\/span><\/span><\/p>\n<\/p>\n<p><span style=\"font-size:18px;font-family:comic sans ms,sans-serif\"><span style=\"color:#2f2f2f\"><span style=\"color:#0000ff\">Peso:<\/span> 0,5kg<\/span><\/span><\/p>\n<\/p>\n<p style=\"background:#ffffff\"><span style=\"font-size:18px;font-family:comic sans ms,sans-serif;color:#2f2f2f\"><span style=\"color:#2f2f2f\"><span style=\"color:#0000ff\">Dimens\u00f5es:<\/span> 130x 46x 190mm<\/span><\/span><\/p>\n<p style=\"background:#ffffff\">\n<p style=\"background:#ffffff\"><span style=\"font-family:comic sans ms,sans-serif;color:#000000;background-color:#ff0000\"><strong><span style=\"font-size:24px\">3.Os detalhes:<\/span><\/strong><\/span><\/p>\n<p style=\"background:#ffffff\">\n<p style=\"background:#ffffff\"> <img decoding=\"async\" alt=\"SUNSUN 800L\/h 14W bombeamento e filtro de \u00e1gua de oxig\u00eanio para aqu\u00e1rio (CE,GS )\" src=\"http:\/\/localhost\/media\/import\/detail\/716686028_945.jpg\"><\/p>\n<p style=\"background:#ffffff\">\n<table class=\"aliDataTable\" style=\"height:161px;width:633px\">\n<tbody>\n<tr align=\"left\">\n<td valign=\"middle\">\n<p><span style=\"font-size:10.5pt;font-family:arial,helvetica,sans-serif\">Modelo<\/span><\/p>\n<\/td>\n<td style=\"width:84.55pt\" valign=\"middle\">\n<p><span style=\"font-size:10.5pt;font-family:arial,helvetica,sans-serif\">Tens\u00e3o<\/span><\/p>\n<\/td>\n<td style=\"width:57.9pt\" valign=\"middle\">\n<p><span style=\"font-size:10.5pt;font-family:arial,helvetica,sans-serif\">Frequ\u00eancia<\/span><\/p>\n<\/td>\n<td style=\"width:37pt\" valign=\"middle\">\n<p><span style=\"font-size:10.5pt;font-family:arial,helvetica,sans-serif\">Poder<\/span><\/p>\n<\/td>\n<td style=\"width:39.2pt\" valign=\"middle\">\n<p><span style=\"font-size:10.5pt;font-family:arial,helvetica,sans-serif\">H-max<\/span><\/p>\n<\/td>\n<td style=\"width:55.65pt\" valign=\"middle\">\n<p><span style=\"font-size:10.5pt;font-family:arial,helvetica,sans-serif\">Sa\u00edda<\/span><\/p>\n<\/td>\n<td style=\"width:40.9pt\" valign=\"middle\">\n<p><span style=\"font-size:10.5pt;font-family:arial,helvetica,sans-serif\">Peso<\/span><\/p>\n<\/td>\n<td style=\"width:77.75pt\" valign=\"middle\">\n<p><span style=\"font-size:10.5pt;font-family:arial,helvetica,sans-serif\">Dimens\u00f5es<\/span><\/p>\n<\/td>\n<\/tr>\n<tr align=\"left\">\n<td valign=\"middle\">\n<p><span style=\"font-family:arial,helvetica,sans-serif\"><strong><span style=\"font-size:10.5pt;color:#0000ff\">JP-082<\/span><\/strong><\/span><\/p>\n<\/td>\n<td valign=\"middle\">\n<p><span style=\"font-family:arial,helvetica,sans-serif\"><strong><span style=\"font-size:10.5pt;color:#0000ff\">110V\/220V\/240V<\/span><\/strong><\/span><\/p>\n<\/td>\n<td valign=\"middle\">\n<p><span style=\"font-family:arial,helvetica,sans-serif\"><strong><span style=\"font-size:10.5pt;color:#0000ff\">50Hz\/60Hz<\/span><\/strong><\/span><\/p>\n<\/td>\n<td valign=\"middle\">\n<p><span style=\"font-family:arial,helvetica,sans-serif\"><strong><span style=\"font-size:10.5pt;color:#0000ff\">14W<\/span><\/strong><\/span><\/p>\n<\/td>\n<td valign=\"middle\">\n<p><span style=\"font-family:arial,helvetica,sans-serif\"><strong><span style=\"font-size:10.5pt;color:#0000ff\">0,8m<\/span><\/strong><\/span><\/p>\n<\/td>\n<td valign=\"middle\">\n<p><span style=\"font-family:arial,helvetica,sans-serif\"><strong><span style=\"font-size:10.5pt;color:#0000ff\">400*2L\/h<\/span><\/strong><\/span><\/p>\n<\/td>\n<td valign=\"middle\">\n<p><span style=\"font-family:arial,helvetica,sans-serif\"><strong><span style=\"font-size:10.5pt;color:#0000ff\">0,5kg<\/span><\/strong><\/span><\/p>\n<\/td>\n<td valign=\"middle\">\n<p><span style=\"font-family:arial,helvetica,sans-serif\"><strong><span style=\"font-size:10.5pt;color:#0000ff\">130*46*190mm<\/span><\/strong><\/span><\/p>\n<\/td>\n<\/tr>\n<tr align=\"left\">\n<td valign=\"middle\">\n<p><span style=\"font-size:10.5pt;font-family:arial,helvetica,sans-serif\">JP-083<\/span><\/p>\n<\/td>\n<td valign=\"middle\">\n<p><span style=\"font-size:10.5pt;font-family:arial,helvetica,sans-serif\">110V\/220V\/240V<\/span><\/p>\n<\/td>\n<td valign=\"middle\">\n<p><span style=\"font-size:10.5pt;font-family:arial,helvetica,sans-serif\">50Hz\/60Hz<\/span><\/p>\n<\/td>\n<td valign=\"middle\">\n<p><span style=\"font-size:10.5pt;font-family:arial,helvetica,sans-serif\">18W<\/span><\/p>\n<\/td>\n<td valign=\"middle\">\n<p><span style=\"font-size:10.5pt;font-family:arial,helvetica,sans-serif\">1,2m<\/span><\/p>\n<\/td>\n<td valign=\"middle\">\n<p><span style=\"font-size:10.5pt;font-family:arial,helvetica,sans-serif\">750*2L\/h<\/span><\/p>\n<\/td>\n<td valign=\"middle\">\n<p><span style=\"font-size:10.5pt;font-family:arial,helvetica,sans-serif\">0,75kg<\/span><\/p>\n<\/td>\n<td valign=\"middle\">\n<p><span style=\"font-size:10.5pt;font-family:arial,helvetica,sans-serif\">150*54*215mm<\/span><\/p>\n<\/td>\n<\/tr>\n<tr align=\"left\">\n<td valign=\"middle\">\n<p><span style=\"font-size:10.5pt;font-family:arial,helvetica,sans-serif\">JP-084<\/span><\/p>\n<\/td>\n<td valign=\"middle\">\n<p><span style=\"font-size:10.5pt;font-family:arial,helvetica,sans-serif\">110V\/220V\/240V<\/span><\/p>\n<\/td>\n<td valign=\"middle\">\n<p><span style=\"font-size:10.5pt;font-family:arial,helvetica,sans-serif\">50Hz\/60Hz<\/span><\/p>\n<\/td>\n<td valign=\"middle\">\n<p><span style=\"font-size:10.5pt;font-family:arial,helvetica,sans-serif\">22W<\/span><\/p>\n<\/td>\n<td valign=\"middle\">\n<p><span style=\"font-size:10.5pt;font-family:arial,helvetica,sans-serif\">1,4m<\/span><\/p>\n<\/td>\n<td valign=\"middle\">\n<p><span style=\"font-size:10.5pt;font-family:arial,helvetica,sans-serif\">1000*2L\/h<\/span><\/p>\n<\/td>\n<td valign=\"middle\">\n<p><span style=\"font-size:10.5pt;font-family:arial,helvetica,sans-serif\">1,0kg<\/span><\/p>\n<\/td>\n<td valign=\"middle\">\n<p><span style=\"font-size:10.5pt;font-family:arial,helvetica,sans-serif\">168*58*240mm<\/span><\/p>\n<\/td>\n<\/tr>\n<tr align=\"left\">\n<td valign=\"middle\">\n<p><span style=\"font-size:10.5pt;font-family:arial,helvetica,sans-serif\">JP-085<\/span><\/p>\n<\/td>\n<td valign=\"middle\">\n<p><span style=\"font-size:10.5pt;font-family:arial,helvetica,sans-serif\">110V\/220V\/240V<\/span><\/p>\n<\/td>\n<td valign=\"middle\">\n<p><span style=\"font-size:10.5pt;font-family:arial,helvetica,sans-serif\">50Hz\/60Hz<\/span><\/p>\n<\/td>\n<td valign=\"middle\">\n<p><span style=\"font-size:10.5pt;font-family:arial,helvetica,sans-serif\">45W<\/span><\/p>\n<\/td>\n<td valign=\"middle\">\n<p><span style=\"font-size:10.5pt;font-family:arial,helvetica,sans-serif\">2,0m<\/span><\/p>\n<\/td>\n<td valign=\"middle\">\n<p><span style=\"font-size:10.5pt;font-family:arial,helvetica,sans-serif\">1600*2L\/h<\/span><\/p>\n<\/td>\n<td valign=\"middle\">\n<p><span style=\"font-size:10.5pt;font-family:arial,helvetica,sans-serif\">2,0kg<\/span><\/p>\n<\/td>\n<td valign=\"middle\">\n<p><span style=\"font-size:10.5pt;font-family:arial,helvetica,sans-serif\">188*68*265mm<\/span><\/p>\n<\/td>\n<\/tr>\n<\/tbody>\n<\/table>\n<p><img decoding=\"async\" alt=\"SUNSUN 800L\/h 14W bombeamento e filtro de \u00e1gua de oxig\u00eanio para aqu\u00e1rio (CE,GS )\" src=\"http:\/\/localhost\/media\/import\/detail\/716696134_304.jpg\"> <\/p>\n<p style=\"background:#ffffff\">\n<p style=\"background:#ffffff\"><span style=\"background-color:#ff0000\"> <span style=\"color:#000000\"><strong><span style=\"font-size:24px;font-family:comic sans ms,sans-serif\">4.Outras bombas de filtro para sua refer\u00eancia:<\/span><\/strong><\/span><\/span><\/p>\n<p style=\"background:#ffffff\">\n<p style=\"background:#ffffff\"> <img decoding=\"async\" alt=\"SUNSUN 800L\/h 14W bombeamento e filtro de \u00e1gua de oxig\u00eanio para aqu\u00e1rio (CE,GS)\" src=\"http:\/\/localhost\/media\/import\/detail\/716686741_047.jpg\"><\/p>\n<p style=\"background:#ffffff\">\n<table class=\"aliDataTable\" style=\"height:101px;width:607px\">\n<tbody>\n<tr align=\"left\">\n<td style=\"width:40.45pt\" valign=\"middle\">\n<p><span style=\"font-size:14px;font-family:arial,helvetica,sans-serif\">Modelo<\/span><\/p>\n<\/td>\n<td style=\"width:87.15pt\" valign=\"middle\">\n<p><span style=\"font-size:14px;font-family:arial,helvetica,sans-serif\">Tens\u00e3o<\/span><\/p>\n<\/td>\n<td style=\"width:59.7pt\" valign=\"middle\">\n<p><span style=\"font-size:14px;font-family:arial,helvetica,sans-serif\">Frequ\u00eancia<\/span><\/p>\n<\/td>\n<td style=\"width:38.15pt\" valign=\"middle\">\n<p><span style=\"font-size:14px;font-family:arial,helvetica,sans-serif\">Poder<\/span><\/p>\n<\/td>\n<td style=\"width:40.45pt\" valign=\"middle\">\n<p><span style=\"font-size:14px;font-family:arial,helvetica,sans-serif\">H-max<\/span><\/p>\n<\/td>\n<td style=\"width:41.65pt\" valign=\"middle\">\n<p><span style=\"font-size:14px;font-family:arial,helvetica,sans-serif\">Sa\u00edda<\/span><\/p>\n<\/td>\n<td style=\"width:42.2pt\" valign=\"middle\">\n<p><span style=\"font-size:14px;font-family:arial,helvetica,sans-serif\">Peso<\/span><\/p>\n<\/td>\n<td style=\"width:80.15pt\" valign=\"middle\">\n<p><span style=\"font-size:14px;font-family:arial,helvetica,sans-serif\">Dimens\u00f5es<\/span><\/p>\n<\/td>\n<\/tr>\n<tr align=\"left\">\n<td valign=\"middle\">\n<p><span style=\"font-size:14px;font-family:arial,helvetica,sans-serif\">JP-092<\/span><\/p>\n<\/td>\n<td valign=\"middle\">\n<p><span style=\"font-size:14px;font-family:arial,helvetica,sans-serif\">110V\/220V\/240V<\/span><\/p>\n<\/td>\n<td valign=\"middle\">\n<p><span style=\"font-size:14px;font-family:arial,helvetica,sans-serif\">50Hz\/60Hz<\/span><\/p>\n<\/td>\n<td valign=\"middle\">\n<p><span style=\"font-size:14px;font-family:arial,helvetica,sans-serif\">3W<\/span><\/p>\n<\/td>\n<td valign=\"middle\">\n<p><span style=\"font-size:14px;font-family:arial,helvetica,sans-serif\">0,5m<\/span><\/p>\n<\/td>\n<td valign=\"middle\">\n<p><span style=\"font-size:14px;font-family:arial,helvetica,sans-serif\">250L\/h<\/span><\/p>\n<\/td>\n<td valign=\"middle\">\n<p><span style=\"font-size:14px;font-family:arial,helvetica,sans-serif\">0,35kg<\/span><\/p>\n<\/td>\n<td valign=\"middle\">\n<p><span style=\"font-size:14px;font-family:arial,helvetica,sans-serif\">83*50*185mm<\/span><\/p>\n<\/td>\n<\/tr>\n<tr align=\"left\">\n<td valign=\"middle\">\n<p><span style=\"font-size:14px;font-family:arial,helvetica,sans-serif\">JP-093<\/span><\/p>\n<\/td>\n<td valign=\"middle\">\n<p><span style=\"font-size:14px;font-family:arial,helvetica,sans-serif\">110V\/220V\/240V<\/span><\/p>\n<\/td>\n<td valign=\"middle\">\n<p><span style=\"font-size:14px;font-family:arial,helvetica,sans-serif\">50Hz\/60Hz<\/span><\/p>\n<\/td>\n<td valign=\"middle\">\n<p><span style=\"font-size:14px;font-family:arial,helvetica,sans-serif\">5W<\/span><\/p>\n<\/td>\n<td valign=\"middle\">\n<p><span style=\"font-size:14px;font-family:arial,helvetica,sans-serif\">0,8m<\/span><\/p>\n<\/td>\n<td valign=\"middle\">\n<p><span style=\"font-size:14px;font-family:arial,helvetica,sans-serif\">450L\/h<\/span><\/p>\n<\/td>\n<td valign=\"middle\">\n<p><span style=\"font-size:14px;font-family:arial,helvetica,sans-serif\">0,45kg<\/span><\/p>\n<\/td>\n<td valign=\"middle\">\n<p><span style=\"font-size:14px;font-family:arial,helvetica,sans-serif\">90*55*205mm<\/span><\/p>\n<\/td>\n<\/tr>\n<tr align=\"left\">\n<td valign=\"middle\">\n<p><span style=\"font-size:14px;font-family:arial,helvetica,sans-serif\">JP-094<\/span><\/p>\n<\/td>\n<td valign=\"middle\">\n<p><span style=\"font-size:14px;font-family:arial,helvetica,sans-serif\">110V\/220V\/240V<\/span><\/p>\n<\/td>\n<td valign=\"middle\">\n<p><span style=\"font-size:14px;font-family:arial,helvetica,sans-serif\">50Hz\/60Hz<\/span><\/p>\n<\/td>\n<td valign=\"middle\">\n<p><span style=\"font-size:14px;font-family:arial,helvetica,sans-serif\">7W<\/span><\/p>\n<\/td>\n<td valign=\"middle\">\n<p><span style=\"font-size:14px;font-family:arial,helvetica,sans-serif\">1,2m<\/span><\/p>\n<\/td>\n<td valign=\"middle\">\n<p><span style=\"font-size:14px;font-family:arial,helvetica,sans-serif\">650L\/h<\/span><\/p>\n<\/td>\n<td valign=\"middle\">\n<p><span style=\"font-size:14px;font-family:arial,helvetica,sans-serif\">0,6kg<\/span><\/p>\n<\/td>\n<td valign=\"middle\">\n<p><span style=\"font-size:14px;font-family:arial,helvetica,sans-serif\">105*67*225mm<\/span><\/p>\n<\/td>\n<\/tr>\n<\/tbody>\n<\/table>\n<p style=\"background:#ffffff\">\n<p style=\"background:#ffffff\"> <img decoding=\"async\" alt=\"SUNSUN 800L\/h 14W bombeamento e filtro de \u00e1gua de oxig\u00eanio para aqu\u00e1rio (CE,GS)\" src=\"http:\/\/localhost\/media\/import\/detail\/716687765_015.jpg\"><\/p>\n<\/p>\n<div id=\"ali-anchor-AliPostDhMb-wm2kq\" style=\"padding-top:8px\" data-section-title=\"Informa\u00e7\u00f5es da empresa\" data-section=\"AliPostDhMb-wm2kq\">\n<div id=\"ali-title-AliPostDhMb-wm2kq\" style=\"border-bottom:#ddd 1px solid;padding-bottom:8px;padding-top:8px;padding-left:0px;padding-right:0px\"> <\/div>\n<\/div>\n<div style=\"clear:both\"><\/div>\n<p><strong><span style=\"background-color:#dddddd;color:#333333\"><\/span><\/strong><\/p>\n","protected":false},"excerpt":{"rendered":"<p>SUNSUN 800L\/h 14W bombeamento e filtro de \u00e1gua de oxig\u00eanio para aqu\u00e1rio (CE,GS) JP-082<\/p>\n","protected":false},"featured_media":5378,"comment_status":"open","ping_status":"closed","template":"","meta":[],"product_brand":[],"product_cat":[627],"product_tag":[],"class_list":{"0":"post-35516","1":"product","2":"type-product","3":"status-publish","4":"has-post-thumbnail","6":"product_cat-filtros-de-aquario","8":"first","9":"instock","10":"shipping-taxable","11":"purchasable","12":"product-type-simple","13":"add-to-wishlist-after_add_to_cart"},"jetpack_sharing_enabled":true,"_links":{"self":[{"href":"https:\/\/www.reefshops.com\/pt-br\/wp-json\/wp\/v2\/product\/35516","targetHints":{"allow":["GET"]}}],"collection":[{"href":"https:\/\/www.reefshops.com\/pt-br\/wp-json\/wp\/v2\/product"}],"about":[{"href":"https:\/\/www.reefshops.com\/pt-br\/wp-json\/wp\/v2\/types\/product"}],"replies":[{"embeddable":true,"href":"https:\/\/www.reefshops.com\/pt-br\/wp-json\/wp\/v2\/comments?post=35516"}],"wp:featuredmedia":[{"embeddable":true,"href":"https:\/\/www.reefshops.com\/pt-br\/wp-json\/wp\/v2\/media\/5378"}],"wp:attachment":[{"href":"https:\/\/www.reefshops.com\/pt-br\/wp-json\/wp\/v2\/media?parent=35516"}],"wp:term":[{"taxonomy":"product_brand","embeddable":true,"href":"https:\/\/www.reefshops.com\/pt-br\/wp-json\/wp\/v2\/product_brand?post=35516"},{"taxonomy":"product_cat","embeddable":true,"href":"https:\/\/www.reefshops.com\/pt-br\/wp-json\/wp\/v2\/product_cat?post=35516"},{"taxonomy":"product_tag","embeddable":true,"href":"https:\/\/www.reefshops.com\/pt-br\/wp-json\/wp\/v2\/product_tag?post=35516"}],"curies":[{"name":"wp","href":"https:\/\/api.w.org\/{rel}","templated":true}]}}