{"id":36690,"date":"2016-09-25T23:28:26","date_gmt":"2016-09-25T23:28:26","guid":{"rendered":"https:\/\/www.reefshops.com\/product\/produto-de-aquario-esterilizador-de-agua-submersivel-sunsun-hqj-700s-hqj-700s\/"},"modified":"2025-03-16T08:44:02","modified_gmt":"2025-03-16T08:44:02","slug":"produto-de-aquario-esterilizador-de-agua-submersivel-sunsun-hqj-700s-hqj-700s","status":"publish","type":"product","link":"https:\/\/www.reefshops.com\/pt-br\/produto\/produto-de-aquario-esterilizador-de-agua-submersivel-sunsun-hqj-700s-hqj-700s\/","title":{"rendered":"Produto de aqu\u00e1rio esterilizador de \u00e1gua submers\u00edvel SUNSUN HQJ-700S HQJ-700S"},"content":{"rendered":"<div style=\"clear:both\"><\/div>\n<p style=\"text-align:center\">\n<div id=\"ali-anchor-AliPostDhMb-mk89x\" style=\"padding-top:8px\" data-section-title=\"banners\" data-section=\"AliPostDhMb-mk89x\">\n<div id=\"ali-title-AliPostDhMb-mk89x\" style=\"border-bottom:#ddd 1px solid;padding-bottom:8px;padding-top:8px;padding-left:0px;padding-right:0px\"> <\/div>\n<\/div>\n<p style=\"text-align:center\"><span style=\"font-size:24px\"><strong>produto de aqu\u00e1rio esterilizador de \u00e1gua submers\u00edvel SUNSUN HQJ-700S <\/strong><\/span><\/p>\n<div>\n<p data-section-blank=\"AliPostDhMb-p09in\">\n<\/div>\n<div id=\"ali-anchor-AliPostDhMb-p09in\" style=\"padding-top:8px\" data-section-title=\"Descri\u00e7\u00e3o do produto\" data-section=\"AliPostDhMb-p09in\">\n<div id=\"ali-title-AliPostDhMb-p09in\" style=\"border-bottom:#ddd 1px solid;padding-bottom:8px;padding-top:8px;padding-left:0px;padding-right:0px\"><span style=\"font-weight:bold;color:#333;padding-bottom:8px;padding-top:8px;padding-left:10px;line-height:12px;padding-right:10px;background-color:#ddd\">Descri\u00e7\u00e3o do produto<\/span><\/div>\n<div style=\"padding-bottom:10px;padding-top:10px;padding-left:0px;padding-right:0px\">\n<div style=\"height:42px;width:750px\">\n<div style=\"height:42px;float:left;width:25px;background-color:#00ccff\"> <\/div>\n<div style=\"height:30px;float:right;color:#ffffff;padding-bottom:5px;padding-top:5px;padding-left:0px;padding-right:0px;width:720px;background-color:#0099ff\">\n<div style=\"font-size:24px;border-top:#ffffff 1px s\u00f3lido\">Exibi\u00e7\u00e3o do produto<\/div>\n<\/div>\n<\/div>\n<\/div>\n<\/div>\n<div>\n<div style=\"font-family:arial;line-height:18px\"><span style=\"font-size:16px\"><strong>Especifica\u00e7\u00f5es:<\/strong><\/span><\/div>\n<div style=\"font-family:arial;line-height:18px\">1. As conchas adotam ABS de alta qualidade e opera\u00e7\u00e3o dur\u00e1vel.<\/div>\n<div style=\"font-family:arial;line-height:18px\">2. Os n\u00facleos e carca\u00e7as dos eixos, feitos de cer\u00e2mica de alta qualidade, n\u00e3o s\u00e3o corrosivos.<\/div>\n<div style=\"font-family:arial;line-height:18px\">3. Imperme\u00e1vel e bom desempenho de isolamento.<\/div>\n<div style=\"font-family:arial;line-height:18px\">4. Algod\u00e3o de filtro bioqu\u00edmico de alta qualidade, melhorando afetivamente a reprodu\u00e7\u00e3o da bact\u00e9ria nitrify.<\/div>\n<div style=\"font-family:arial;line-height:18px\">5. Usado para filtrar ou bombear \u00e1gua, ou fornecer oxig\u00eanio.<\/div>\n<\/div>\n<div> <\/div>\n<div><span style=\"font-size:16px;color:#000000\"><strong>Par\u00e2metros das bombas de \u00e1gua do filtro interno submerso do tanque de peixes<\/strong><\/span><\/div>\n<table class=\"aliDataTable\">\n<tbody>\n<tr align=\"left\">\n<td valign=\"middle\">\n<p style=\"background:#ffffff\"><span style=\"font-size:9pt;font-family:'Verdana';background:#ffffff;color:#000000\">Modelo<\/span><\/p>\n<\/td>\n<td style=\"background:#ffffff;width:86.55pt\" valign=\"middle\">\n<p style=\"background:#ffffff\"><span style=\"font-size:9pt;font-family:'Verdana';background:#ffffff;color:#000000\">Tens\u00e3o<\/span><\/p>\n<\/td>\n<td style=\"background:#ffffff;width:59.55pt\" valign=\"middle\">\n<p style=\"background:#ffffff\"><span style=\"font-size:9pt;font-family:'Verdana';background:#ffffff;color:#000000\">Frequ\u00eancia<\/span><\/p>\n<\/td>\n<td style=\"background:#ffffff;width:32.75pt\" valign=\"middle\">\n<p style=\"background:#ffffff\"><span style=\"font-size:9pt;font-family:'Verdana';background:#ffffff;color:#000000\">Poder<\/span><\/p>\n<\/td>\n<td style=\"background:#ffffff;width:39.7pt\" valign=\"middle\">\n<p style=\"background:#ffffff\"><span style=\"font-size:9pt;font-family:'Verdana';background:#ffffff;color:#000000\">H-max<\/span><\/p>\n<\/td>\n<td style=\"background:#ffffff;width:45.05pt\" valign=\"middle\">\n<p style=\"background:#ffffff\"><span style=\"font-size:9pt;font-family:'Verdana';background:#ffffff;color:#000000\">Sa\u00edda<\/span><\/p>\n<\/td>\n<td style=\"background:#ffffff;width:41.75pt\" valign=\"middle\">\n<p style=\"background:#ffffff\"><span style=\"font-size:9pt;font-family:'Verdana';background:#ffffff;color:#000000\">Peso<\/span><\/p>\n<\/td>\n<td style=\"background:#ffffff\" valign=\"middle\">\n<p style=\"background:#ffffff\"><span style=\"font-size:9pt;font-family:'Verdana';background:#ffffff;color:#000000\">Dimens\u00f5es<\/span><\/p>\n<\/td>\n<\/tr>\n<tr align=\"left\">\n<td style=\"background:#ffffff\" valign=\"middle\">\n<p style=\"background:#ffffff\"><span style=\"font-size:9pt;font-family:'Verdana';background:#ffffff;color:#000000\"> HQJ-500S<\/span><\/p>\n<\/td>\n<td style=\"background:#ffffff\" valign=\"middle\">\n<p style=\"background:#ffffff\"><span style=\"font-size:9pt;font-family:'Verdana';background:#ffffff;color:#000000\"> <\/span><\/p>\n<p style=\"background:#ffffff\"><span style=\"font-size:9pt;font-family:'Verdana';background:#ffffff;color:#000000\">110V\/220V\/240V<\/span><\/p>\n<p style=\"background:#ffffff\">\n<\/td>\n<td style=\"background:#ffffff\" valign=\"middle\">\n<p style=\"background:#ffffff\"><span style=\"font-size:9pt;font-family:'Verdana';background:#ffffff;color:#000000\"> 50Hz\/60Hz<\/span><\/p>\n<\/td>\n<td style=\"background:#ffffff\" valign=\"middle\">\n<p style=\"background:#ffffff\"><span style=\"font-size:9pt;font-family:'Verdana';background:#ffffff;color:#000000\"> 3W<\/span><\/p>\n<\/td>\n<td style=\"background:#ffffff\" valign=\"middle\">\n<p style=\"background:#ffffff\"><span style=\"font-size:9pt;font-family:'Verdana';background:#ffffff;color:#000000\"> 0,6m<\/span><\/p>\n<\/td>\n<td style=\"background:#ffffff\" valign=\"middle\">\n<p style=\"background:#ffffff\"><span style=\"font-size:9pt;font-family:'Verdana';background:#ffffff;color:#000000\"> 300L\/h<\/span><\/p>\n<\/td>\n<td style=\"background:#ffffff\" valign=\"middle\">\n<p style=\"background:#ffffff\"><span style=\"font-size:9pt;font-family:'Verdana';background:#ffffff;color:#000000\"> 0,24kg<\/span><\/p>\n<\/td>\n<td style=\"background:#ffffff\" valign=\"middle\">\n<p style=\"background:#ffffff\"><span style=\"font-size:9pt;font-family:'Verdana';background:#ffffff;color:#000000\"> 99*55*160mm<\/span><\/p>\n<\/td>\n<\/tr>\n<tr align=\"left\">\n<td style=\"background:#ffffff\" valign=\"middle\">\n<p style=\"background:#ffffff\"><span style=\"font-size:9pt;font-family:'Verdana';background:#ffffff;color:#000000\"> HQJ-700S<\/span><\/p>\n<\/td>\n<td style=\"background:#ffffff\" valign=\"middle\">\n<p style=\"background:#ffffff\"><span style=\"font-size:9pt;font-family:'Verdana';background:#ffffff;color:#000000\"> <\/span><\/p>\n<p style=\"background:#ffffff\"><span style=\"font-size:9pt;font-family:'Verdana';background:#ffffff;color:#000000\">110V\/220V\/240V<\/span><\/p>\n<p style=\"background:#ffffff\">\n<\/td>\n<td style=\"background:#ffffff\" valign=\"middle\">\n<p style=\"background:#ffffff\"><span style=\"font-size:9pt;font-family:'Verdana';background:#ffffff;color:#000000\"> 50Hz\/60Hz<\/span><\/p>\n<\/td>\n<td style=\"background:#ffffff\" valign=\"middle\">\n<p style=\"background:#ffffff\"><span style=\"font-size:9pt;font-family:'Verdana';background:#ffffff;color:#000000\"> 8W<\/span><\/p>\n<\/td>\n<td style=\"background:#ffffff\" valign=\"middle\">\n<p style=\"background:#ffffff\"><span style=\"font-size:9pt;font-family:'Verdana';background:#ffffff;color:#000000\"> 0,7m<\/span><\/p>\n<\/td>\n<td style=\"background:#ffffff\" valign=\"middle\">\n<p style=\"background:#ffffff\"><span style=\"font-size:9pt;font-family:'Verdana';background:#ffffff;color:#000000\"> 400L\/h<\/span><\/p>\n<\/td>\n<td style=\"background:#ffffff\" valign=\"middle\">\n<p style=\"background:#ffffff\"><span style=\"font-size:9pt;font-family:'Verdana';background:#ffffff;color:#000000\"> 0,45kg<\/span><\/p>\n<\/td>\n<td style=\"background:#ffffff\" valign=\"middle\">\n<p style=\"background:#ffffff\"><span style=\"font-size:9pt;font-family:'Verdana';background:#ffffff;color:#000000\"> 365*65*145mm<\/span><\/p>\n<\/td>\n<\/tr>\n<tr align=\"left\">\n<td style=\"background:#ffffff\" valign=\"middle\">\n<p style=\"background:#ffffff\"><span style=\"font-size:9pt;font-family:'Verdana';background:#ffffff;color:#000000\"> HQJ-900S<\/span><\/p>\n<\/td>\n<td style=\"background:#ffffff\" valign=\"middle\">\n<p style=\"background:#ffffff\"><span style=\"font-size:9pt;font-family:'Verdana';background:#ffffff;color:#000000\"> <\/span><\/p>\n<p style=\"background:#ffffff\"><span style=\"font-size:9pt;font-family:'Verdana';background:#ffffff;color:#000000\">110V\/220V\/240V<\/span><\/p>\n<p style=\"background:#ffffff\">\n<\/td>\n<td style=\"background:#ffffff\" valign=\"middle\">\n<p style=\"background:#ffffff\"><span style=\"font-size:9pt;font-family:'Verdana';background:#ffffff;color:#000000\"> 50Hz\/60Hz<\/span><\/p>\n<\/td>\n<td style=\"background:#ffffff\" valign=\"middle\">\n<p style=\"background:#ffffff\"><span style=\"font-size:9pt;font-family:'Verdana';background:#ffffff;color:#000000\"> 12W<\/span><\/p>\n<\/td>\n<td style=\"background:#ffffff\" valign=\"middle\">\n<p style=\"background:#ffffff\"><span style=\"font-size:9pt;font-family:'Verdana';background:#ffffff;color:#000000\"> 1,0m<\/span><\/p>\n<\/td>\n<td style=\"background:#ffffff\" valign=\"middle\">\n<p style=\"background:#ffffff\"><span style=\"font-size:9pt;font-family:'Verdana';background:#ffffff;color:#000000\"> 500L\/h<\/span><\/p>\n<\/td>\n<td style=\"background:#ffffff\" valign=\"middle\">\n<p style=\"background:#ffffff\"><span style=\"font-size:9pt;font-family:'Verdana';background:#ffffff;color:#000000\"> 0,8kg<\/span><\/p>\n<\/td>\n<td style=\"background:#ffffff\" valign=\"middle\">\n<p style=\"background:#ffffff\"><span style=\"font-size:9pt;font-family:'Verdana';background:#ffffff;color:#000000\"> 375*65*132mm<\/span><\/p>\n<\/td>\n<\/tr>\n<tr align=\"left\">\n<td style=\"background:#ffffff\" valign=\"middle\">\n<p style=\"background:#ffffff\"><span style=\"font-size:9pt;font-family:'Verdana';background:#ffffff;color:#000000\"> HQJ-700I<\/span><\/p>\n<\/td>\n<td style=\"background:#ffffff\" valign=\"middle\">\n<p style=\"background:#ffffff\"><span style=\"font-size:9pt;font-family:'Verdana';background:#ffffff;color:#000000\"> <\/span><\/p>\n<p style=\"background:#ffffff\"><span style=\"font-size:9pt;font-family:'Verdana';background:#ffffff;color:#000000\">110V\/220V\/240V<\/span><\/p>\n<p style=\"background:#ffffff\">\n<\/td>\n<td style=\"background:#ffffff\" valign=\"middle\">\n<p style=\"background:#ffffff\"><span style=\"font-size:9pt;font-family:'Verdana';background:#ffffff;color:#000000\"> 50Hz\/60Hz<\/span><\/p>\n<\/td>\n<td style=\"background:#ffffff\" valign=\"middle\">\n<p style=\"background:#ffffff\"><span style=\"font-size:9pt;font-family:'Verdana';background:#ffffff;color:#000000\"> 8W<\/span><\/p>\n<\/td>\n<td style=\"background:#ffffff\" valign=\"middle\">\n<p style=\"background:#ffffff\"><span style=\"font-size:9pt;font-family:'Verdana';background:#ffffff;color:#000000\"> 0,8m<\/span><\/p>\n<\/td>\n<td style=\"background:#ffffff\" valign=\"middle\">\n<p style=\"background:#ffffff\"><span style=\"font-size:9pt;font-family:'Verdana';background:#ffffff;color:#000000\"> 400L\/h<\/span><\/p>\n<\/td>\n<td style=\"background:#ffffff\" valign=\"middle\">\n<p style=\"background:#ffffff\"><span style=\"font-size:9pt;font-family:'Verdana';background:#ffffff;color:#000000\"> 0,35kg<\/span><\/p>\n<\/td>\n<td style=\"background:#ffffff\" valign=\"middle\">\n<p style=\"background:#ffffff\"><span style=\"font-size:9pt;font-family:'Verdana';background:#ffffff;color:#000000\"> 218*65*145mm<\/span><\/p>\n<\/td>\n<\/tr>\n<tr align=\"left\">\n<td style=\"background:#ffffff\" valign=\"middle\">\n<p style=\"background:#ffffff\"><span style=\"font-size:9pt;font-family:'Verdana';background:#ffffff;color:#000000\"> HQJ-900I<\/span><\/p>\n<\/td>\n<td style=\"background:#ffffff\" valign=\"middle\">\n<p style=\"background:#ffffff\"><span style=\"font-size:9pt;font-family:'Verdana';background:#ffffff;color:#000000\"> <\/span><\/p>\n<p style=\"background:#ffffff\"><span style=\"font-size:9pt;font-family:'Verdana';background:#ffffff;color:#000000\">110V\/220V\/240V<\/span><\/p>\n<p style=\"background:#ffffff\">\n<\/td>\n<td style=\"background:#ffffff\" valign=\"middle\">\n<p style=\"background:#ffffff\"><span style=\"font-size:9pt;font-family:'Verdana';background:#ffffff;color:#000000\"> 50Hz\/60Hz<\/span><\/p>\n<\/td>\n<td style=\"background:#ffffff\" valign=\"middle\">\n<p style=\"background:#ffffff\"><span style=\"font-size:9pt;font-family:'Verdana';background:#ffffff;color:#000000\"> 12W<\/span><\/p>\n<\/td>\n<td style=\"background:#ffffff\" valign=\"middle\">\n<p style=\"background:#ffffff\"><span style=\"font-size:9pt;font-family:'Verdana';background:#ffffff;color:#000000\"> 1,0m<\/span><\/p>\n<\/td>\n<td style=\"background:#ffffff\" valign=\"middle\">\n<p style=\"background:#ffffff\"><span style=\"font-size:9pt;font-family:'Verdana';background:#ffffff;color:#000000\"> 500L\/h<\/span><\/p>\n<\/td>\n<td style=\"background:#ffffff\" valign=\"middle\">\n<p style=\"background:#ffffff\"><span style=\"font-size:9pt;font-family:'Verdana';background:#ffffff;color:#000000\"> 0,7kg<\/span><\/p>\n<\/td>\n<td style=\"background:#ffffff\" valign=\"middle\">\n<p style=\"background:#ffffff\"><span style=\"font-size:9pt;font-family:'Verdana';background:#ffffff;color:#000000\"> 230*65*132mm<\/span><\/p>\n<\/td>\n<\/tr>\n<\/tbody>\n<\/table>\n<p> <img decoding=\"async\" alt=\"SUNSUN HQJ-700S produto de aqu\u00e1rio esterilizador de \u00e1gua submers\u00edvel\" src=\"http:\/\/localhost\/media\/import\/detail\/HTB1G0ATFVXXXXasXpXXq6xXFXXXC.jpg\"><img decoding=\"async\" alt=\"SUNSUN HQJ-700S produto de aqu\u00e1rio esterilizador de \u00e1gua submers\u00edvel\" src=\"http:\/\/localhost\/media\/import\/detail\/HTB1cPIZFVXXXXaIXXXXq6xXFXXX6.jpg\"><img decoding=\"async\" alt=\"SUNSUN HQJ-700S produto de aqu\u00e1rio esterilizador de \u00e1gua submers\u00edvel\" src=\"http:\/\/localhost\/media\/import\/detail\/HTB1LX.VFVXXXXXfXpXXq6xXFXXXM.jpg\"><img decoding=\"async\" alt=\"SUNSUN HQJ-700S produto de aqu\u00e1rio submers\u00edvel esterilizador de \u00e1gua\" src=\"http:\/\/localhost\/media\/import\/detail\/HTB150IVFVXXXXXIXpXXq6xXFXXXt.jpg\"><img decoding=\"async\" alt=\"SUNSUN HQJ-700S produto de aqu\u00e1rio esterilizador de \u00e1gua submers\u00edvel\" src=\"http:\/\/localhost\/media\/import\/detail\/HTB1tLkzFVXXXXXnXVXXq6xXFXXXz.jpg\"><img decoding=\"async\" alt=\"SUNSUN HQJ-700S produto de aqu\u00e1rio submers\u00edvel esterilizador de \u00e1gua\" src=\"http:\/\/localhost\/media\/import\/detail\/HTB1Z43FFVXXXXXIXVXXq6xXFXXXl.jpg\"><\/p>\n<p><span style=\"font-size:12px;color:#000000\"><strong>As bombas de \u00e1gua do filtro interno submersas do tanque de peixes mostram <\/strong><\/span><\/p>\n<p><span style=\"font-size:14px;color:#ff6600\"><strong><img decoding=\"async\" alt=\"SUNSUN HQJ-700S produto submers\u00edvel para aqu\u00e1rio esterilizador de \u00e1gua\" src=\"http:\/\/localhost\/media\/import\/detail\/565876658_161.jpg\"><img decoding=\"async\" alt=\"SUNSUN HQJ-700S produto para aqu\u00e1rio esterilizador de \u00e1gua submers\u00edvel\" src=\"http:\/\/localhost\/media\/import\/detail\/565876660_853.jpg\"><\/strong><\/span><\/p>\n<div id=\"ali-anchor-AliPostDhMb-1sexc\" style=\"padding-top:8px\" data-section-title=\"Informa\u00e7\u00f5es da empresa\" data-section=\"AliPostDhMb-1sexc\"> <\/div>\n","protected":false},"excerpt":{"rendered":"<p>Produto de aqu\u00e1rio esterilizador de \u00e1gua submers\u00edvel SUNSUN HQJ-700S HQJ-700S<\/p>\n","protected":false},"featured_media":5394,"comment_status":"open","ping_status":"closed","template":"","meta":[],"product_brand":[],"product_cat":[627],"product_tag":[],"class_list":{"0":"post-36690","1":"product","2":"type-product","3":"status-publish","4":"has-post-thumbnail","6":"product_cat-filtros-de-aquario","8":"first","9":"instock","10":"shipping-taxable","11":"purchasable","12":"product-type-simple","13":"add-to-wishlist-after_add_to_cart"},"jetpack_sharing_enabled":true,"_links":{"self":[{"href":"https:\/\/www.reefshops.com\/pt-br\/wp-json\/wp\/v2\/product\/36690","targetHints":{"allow":["GET"]}}],"collection":[{"href":"https:\/\/www.reefshops.com\/pt-br\/wp-json\/wp\/v2\/product"}],"about":[{"href":"https:\/\/www.reefshops.com\/pt-br\/wp-json\/wp\/v2\/types\/product"}],"replies":[{"embeddable":true,"href":"https:\/\/www.reefshops.com\/pt-br\/wp-json\/wp\/v2\/comments?post=36690"}],"wp:featuredmedia":[{"embeddable":true,"href":"https:\/\/www.reefshops.com\/pt-br\/wp-json\/wp\/v2\/media\/5394"}],"wp:attachment":[{"href":"https:\/\/www.reefshops.com\/pt-br\/wp-json\/wp\/v2\/media?parent=36690"}],"wp:term":[{"taxonomy":"product_brand","embeddable":true,"href":"https:\/\/www.reefshops.com\/pt-br\/wp-json\/wp\/v2\/product_brand?post=36690"},{"taxonomy":"product_cat","embeddable":true,"href":"https:\/\/www.reefshops.com\/pt-br\/wp-json\/wp\/v2\/product_cat?post=36690"},{"taxonomy":"product_tag","embeddable":true,"href":"https:\/\/www.reefshops.com\/pt-br\/wp-json\/wp\/v2\/product_tag?post=36690"}],"curies":[{"name":"wp","href":"https:\/\/api.w.org\/{rel}","templated":true}]}}