{"id":36705,"date":"2016-09-25T23:28:27","date_gmt":"2016-09-25T23:28:27","guid":{"rendered":"https:\/\/www.reefshops.com\/product\/bomba-de-agua-para-tanque-de-peixes-sunsun-hqb-hqb-5500\/"},"modified":"2025-03-16T08:44:05","modified_gmt":"2025-03-16T08:44:05","slug":"bomba-de-agua-para-tanque-de-peixes-sunsun-hqb-hqb-5500","status":"publish","type":"product","link":"https:\/\/www.reefshops.com\/pt-br\/produto\/bomba-de-agua-para-tanque-de-peixes-sunsun-hqb-hqb-5500\/","title":{"rendered":"Bomba de \u00e1gua para tanque de peixes SUNSUN HQB HQB-5500"},"content":{"rendered":"<div style=\"clear:both\"><\/div>\n<p><span style=\"font-size:18px\"><strong><span style=\"font-family:'Times New Roman'\">Par\u00e2metro<\/span><\/strong><\/span><\/p>\n<p><span style=\"font-size:10.5pt;font-family:'Times New Roman'\">&#8211; Tens\u00e3o (V): 110\/220\/240<\/span><span style=\"font-size:10.5pt;font-family:'Times New Roman'\"><br \/><\/span><span style=\"font-size:10.5pt;font-family:'Times New Roman'\">&#8211; Frequ\u00eancia (Hz): 50\/60<\/span><span style=\"font-size:10.5pt;font-family:'Times New Roman'\"><br \/><\/span><span style=\"font-size:10.5pt;font-family:'Times New Roman'\">&#8211; Pot\u00eancia (W): 200<\/span><\/p>\n<p><span style=\"font-size:10.5pt;font-family:'Times New Roman'\">&#8211; H-Max (m): 5,5<\/span><\/p>\n<p><span style=\"font-size:10.5pt;font-family:'Times New Roman'\">&#8211; Sa\u00edda (L\/H): 6800<\/span><\/p>\n<p><span style=\"font-size:10.5pt;font-family:'Times New Roman'\">&#8211; Peso (kg):4.0<\/span><\/p>\n<p><span style=\"font-size:10.5pt;font-family:'Times New Roman'\">&#8211; Dimens\u00f5es (C*B*A): 200*140*160mm<\/span><\/p>\n<\/p>\n<p style=\"background:#ffffff\"><span style=\"font-size:18px\"><strong><span style=\"font-family:'Times New Roman';background:#ffffff;color:#2f2f2f\">Recursos<\/span><\/strong><\/span><\/p>\n<\/p>\n<p><span style=\"font-family:times new roman,times\"><span style=\"font-size:11pt\">1.<\/span><span style=\"font-size:11pt\">I<\/span><span style=\"font-size:11pt\">t usa n\u00facleo de eixo resistente ao desgaste de alta resist\u00eancia,<\/span><span style=\"font-size:11pt\"> <\/span><span style=\"font-size:11pt\">tem economia de energia altamente eficiente e longa vida \u00fatil<\/span><span style=\"font-size:11pt\">.<\/span><\/span><\/p>\n<\/p>\n<p><span style=\"font-family:times new roman,times\"><span style=\"font-size:11pt\">2.<\/span><span style=\"font-size:11pt\">Eu<\/span><span style=\"font-size:11pt\">tem gosma<\/span><span style=\"font-size:11pt\">d<\/span><span style=\"font-size:11pt\"> \u00e0 prova d&#8217;\u00e1gua,<\/span><span style=\"font-size:11pt\"> <\/span><span style=\"font-size:11pt\">alta resist\u00eancia diel\u00e9trica,<\/span><span style=\"font-size:11pt\"> <\/span><span style=\"font-size:11pt\">\u00e9 seguro e confi\u00e1vel<\/span><span style=\"font-size:11pt\">.<\/span><\/span><\/p>\n<\/p>\n<p><span style=\"font-family:times new roman,times\"><span style=\"font-size:11pt\">3.<\/span><span style=\"font-size:11pt\">Eu<\/span><span style=\"font-size:11pt\">t projetado com centr\u00edfuga impulsor, tem alto fluxo e alta press\u00e3o<\/span><\/span><\/p>\n<\/p>\n<p><span style=\"font-family:times new roman,times\"><span style=\"font-size:11pt\">4.<\/span><span style=\"font-size:11pt\">I<\/span><span style=\"font-size:11pt\">tem v\u00e1rias fun\u00e7\u00f5es<\/span><span style=\"font-size:11pt\"> como<\/span><span style=\"font-size:11pt\"> como bombeamento, filtro e oxig\u00eanio<\/span><span style=\"font-size:11pt\">.<\/span><\/span><\/p>\n<\/p>\n<p><span style=\"font-family:times new roman,times\"><span style=\"font-size:11pt\">5.<\/span><span style=\"font-size:11pt\">A<\/span><span style=\"font-size:11pt\">aplicar em aqu\u00e1rios, lagoas rochosas <\/span><span style=\"font-size:11pt\">,<\/span><span style=\"font-size:11pt\">circula\u00e7\u00e3o de \u00e1gua <\/span><span style=\"font-size:11pt\">e<\/span><span style=\"font-size:11pt\"> correspond\u00eancia de dispositivos.<\/span><\/span><\/p>\n<\/p>\n<p><span style=\"font-size:11pt;font-family:'Times New Roman'\">\u00d3tima bomba de uso geral com fluxo de sa\u00edda de \u00e1gua que ir\u00e1 surpreend\u00ea-lo. Defina<\/span><span style=\"font-size:11pt\">eu<\/span><span style=\"font-size:11pt;font-family:'Times New Roman'\">temente constru\u00eddo bem para ser usado e n\u00e3o um <\/span><\/p>\n<p><span style=\"font-size:11pt;font-family:'Times New Roman'\">tipo de bomba barata &#8220;descart\u00e1vel&#8221;. Pode ser usado em aplica\u00e7\u00f5es de aqu\u00e1rio de grande escala, jardins e lagos de jardim tamb\u00e9m. ori-height=&#8221;265&#8243;&gt;<img decoding=\"async\" alt=\"Bomba de \u00e1gua para tanque de peixes SUNSUN HQB\" src=\"http:\/\/localhost\/media\/import\/detail\/521338865_215.jpg\"><img decoding=\"async\" alt=\"Bomba de \u00e1gua para tanque de peixes SUNSUN HQB\" src=\"http:\/\/localhost\/media\/import\/detail\/521338866_231.jpg\"><img decoding=\"async\" alt=\"Bomba de \u00e1gua para tanque de peixes SUNSUN HQB\" src=\"http:\/\/localhost\/media\/import\/detail\/521339213_612.jpg\"><img decoding=\"async\" alt=\"Bomba de \u00e1gua para tanque de peixes SUNSUN HQB\" src=\"http:\/\/localhost\/media\/import\/detail\/521339897_880.jpg\"><\/span><\/p>\n<p><p><span style=\"font-size:10.5pt;font-family:'Times New Roman';color:#ff0000\"><\/span><\/p>\n<\/p>\n<div style=\"clear:both\"><\/div>\n<p><strong><span style=\"background-color:#dddddd;color:#333333\"><\/span><\/strong><\/p>\n","protected":false},"excerpt":{"rendered":"<p>Bomba de \u00e1gua para tanque de peixes SUNSUN HQB HQB-5500<\/p>\n","protected":false},"featured_media":5419,"comment_status":"open","ping_status":"closed","template":"","meta":[],"product_brand":[],"product_cat":[1374],"product_tag":[],"class_list":{"0":"post-36705","1":"product","2":"type-product","3":"status-publish","4":"has-post-thumbnail","6":"product_cat-bombas-de-agua-e-cabecas-poderosas","8":"first","9":"instock","10":"shipping-taxable","11":"purchasable","12":"product-type-simple","13":"add-to-wishlist-after_add_to_cart"},"jetpack_sharing_enabled":true,"_links":{"self":[{"href":"https:\/\/www.reefshops.com\/pt-br\/wp-json\/wp\/v2\/product\/36705","targetHints":{"allow":["GET"]}}],"collection":[{"href":"https:\/\/www.reefshops.com\/pt-br\/wp-json\/wp\/v2\/product"}],"about":[{"href":"https:\/\/www.reefshops.com\/pt-br\/wp-json\/wp\/v2\/types\/product"}],"replies":[{"embeddable":true,"href":"https:\/\/www.reefshops.com\/pt-br\/wp-json\/wp\/v2\/comments?post=36705"}],"wp:featuredmedia":[{"embeddable":true,"href":"https:\/\/www.reefshops.com\/pt-br\/wp-json\/wp\/v2\/media\/5419"}],"wp:attachment":[{"href":"https:\/\/www.reefshops.com\/pt-br\/wp-json\/wp\/v2\/media?parent=36705"}],"wp:term":[{"taxonomy":"product_brand","embeddable":true,"href":"https:\/\/www.reefshops.com\/pt-br\/wp-json\/wp\/v2\/product_brand?post=36705"},{"taxonomy":"product_cat","embeddable":true,"href":"https:\/\/www.reefshops.com\/pt-br\/wp-json\/wp\/v2\/product_cat?post=36705"},{"taxonomy":"product_tag","embeddable":true,"href":"https:\/\/www.reefshops.com\/pt-br\/wp-json\/wp\/v2\/product_tag?post=36705"}],"curies":[{"name":"wp","href":"https:\/\/api.w.org\/{rel}","templated":true}]}}