{"id":36709,"date":"2016-09-25T23:28:27","date_gmt":"2016-09-25T23:28:27","guid":{"rendered":"https:\/\/www.reefshops.com\/product\/bombas-de-agua-de-jardim-sunsun-7500l-h-150w-hyl-7500a\/"},"modified":"2025-03-16T08:44:06","modified_gmt":"2025-03-16T08:44:06","slug":"bombas-de-agua-de-jardim-sunsun-7500l-h-150w-hyl-7500a","status":"publish","type":"product","link":"https:\/\/www.reefshops.com\/pt-br\/produto\/bombas-de-agua-de-jardim-sunsun-7500l-h-150w-hyl-7500a\/","title":{"rendered":"Bombas de \u00e1gua de jardim SUNSUN 7500L\/h 150W HYL-7500A"},"content":{"rendered":"<div style=\"clear:both\"><\/div>\n<p><span style=\"color:#ff00ff\"><span style=\"font-size:16px\"><strong><span style=\"font-size:24px\">SUNSUN 7500L\/h 150W Bombas de \u00e1gua para jardim HYL-7500A<\/span> <\/strong><\/span><\/span><\/p>\n<\/p>\n<div id=\"ali-anchor-AliPostDhMb-rm9fm\" style=\"padding-top:8px\" data-section-title=\"Descri\u00e7\u00e3o do produto\" data-section=\"AliPostDhMb-rm9fm\">\n<div id=\"ali-title-AliPostDhMb-rm9fm\" style=\"border-bottom:#ddd 1px solid;padding-bottom:8px;padding-top:8px;padding-left:0px;padding-right:0px\"><span style=\"font-weight:bold;color:#333;padding-bottom:8px;padding-top:8px;padding-left:10px;line-height:12px;padding-right:10px;background-color:#ddd\">Descri\u00e7\u00e3o do produto<\/span><\/div>\n<div style=\"padding-bottom:10px;padding-top:10px;padding-left:0px;padding-right:0px\">\n<\/div>\n<\/div>\n<p style=\"font-size:14px\">Especifica\u00e7\u00f5es:<\/p>\n<p style=\"font-size:14px\">1. O rotor \u00e9 feito de material especial,<em><strong>de f\u00e1cil partida e baixo consumo de energia<\/strong><\/em>;<\/p>\n<p style=\"font-size:14px\">2. Eixo cer\u00e2mico de alta qualidade e localizador de eixo,<em><strong>dur\u00e1vel e de baixo ru\u00eddo<\/strong><\/em>;<\/p>\n<p style=\"font-size:14px\">3. Motor totalmente selado e \u00e0 prova d&#8217;\u00e1gua,<em><strong>seguro e confi\u00e1vel<\/strong><\/em>;<\/p>\n<p style=\"font-size:14px\">\n<p style=\"font-size:14px\">4. Motor ass\u00edncrono padr\u00e3o de alto desempenho com<strong><em> novo design e economia de energia <\/em><\/strong><\/p>\n<p style=\"font-size:14px\"><strong><em>at\u00e9 50% do que antes<\/em><\/strong>;<\/p>\n<p style=\"font-size:14px\">5. <em><strong>Prote\u00e7\u00e3o de interruptor flutuante, uso mais seguro<\/strong><\/em>;<\/p>\n<p style=\"font-size:14px\">6. <em><strong>Regar o jardim, circular a \u00e1gua em jardins ornamentais, fornecer e descarregar \u00e1gua na piscina<\/strong><\/em>.<\/p>\n<p style=\"font-size:14px\">\n<p style=\"font-size:14px\"><span style=\"color:#008000\"><strong>Par\u00e2metros das bombas de \u00e1gua do jardim <\/strong><\/span><\/p>\n<table class=\"aliDataTable\" border=\"5\">\n<tbody>\n<tr>\n<td><span style=\"font-size:14px\"> Modelo <\/span><\/td>\n<td><span style=\"font-size:14px\">Tens\u00e3o<\/span><\/td>\n<td><span style=\"font-size:14px\">Frequ\u00eancia<\/span><\/td>\n<td><span style=\"font-size:14px\">Pot\u00eancia<\/span><\/td>\n<td><span style=\"font-size:14px\">H-max <\/span><\/td>\n<td><span style=\"font-size:14px\">Sa\u00edda<\/span><\/td>\n<td><span style=\"font-size:14px\">Peso<\/span><\/td>\n<td><span style=\"font-size:14px\"> Dimens\u00f5es<\/span><\/td>\n<\/tr>\n<tr>\n<td style=\"text-align:center\"><span style=\"font-size:14px\">HYL-4500\/A<\/span><\/td>\n<td><span style=\"font-size:14px\">110V\/240V<\/span><\/td>\n<td><span style=\"font-size:14px\">50Hz\/60Hz<\/span><\/td>\n<td><span style=\"font-size:14px\">95W<\/span><\/td>\n<td><span style=\"font-size:14px\">6,0m<\/span><\/td>\n<td><span style=\"font-size:14px\">4500L\/h<\/span><\/td>\n<td><span style=\"font-size:14px\">2,61kg\/2,81kg<\/span><\/td>\n<td><span style=\"font-size:14px\">180*180*260mm<\/span><\/td>\n<\/tr>\n<tr>\n<td style=\"text-align:center\"><span style=\"font-size:14px\">HYL-5500\/A<\/span><\/td>\n<td><span style=\"font-size:14px\">110V\/240V<\/span><\/td>\n<td><span style=\"font-size:14px\">50Hz\/60Hz<\/span><\/td>\n<td><span style=\"font-size:14px\">150W<\/span><\/td>\n<td><span style=\"font-size:14px\">7,0m<\/span><\/td>\n<td><span style=\"font-size:14px\">5500L\/h<\/span><\/td>\n<td><span style=\"font-size:14px\">2,92kg\/3,12kg<\/span><\/td>\n<td><span style=\"font-size:14px\">180*180*260mm<\/span><\/td>\n<\/tr>\n<tr>\n<td style=\"text-align:center\"><span style=\"font-size:14px\">HYL-6500\/A<\/span><\/td>\n<td><span style=\"font-size:14px\">110V\/240V<\/span><\/td>\n<td><span style=\"font-size:14px\">50Hz\/60Hz<\/span><\/td>\n<td><span style=\"font-size:14px\">95W<\/span><\/td>\n<td><span style=\"font-size:14px\">4,5m<\/span><\/td>\n<td><span style=\"font-size:14px\">6500L\/h<\/span><\/td>\n<td><span style=\"font-size:14px\">2,61kg\/2,81kg<\/span><\/td>\n<td><span style=\"font-size:14px\">180*180*260mm<\/span><\/td>\n<\/tr>\n<tr>\n<td style=\"text-align:center\"><span style=\"font-size:14px\">HYL-7500\/A<\/span><\/td>\n<td><span style=\"font-size:14px\">110V\/240V<\/span><\/td>\n<td><span style=\"font-size:14px\">50Hz\/60Hz<\/span><\/td>\n<td><span style=\"font-size:14px\">150W<\/span><\/td>\n<td><span style=\"font-size:14px\">5,5m<\/span><\/td>\n<td><span style=\"font-size:14px\">7500L\/h<\/span><\/td>\n<td><span style=\"font-size:14px\">2,92kg\/3,12kg<\/span><\/td>\n<td><span style=\"font-size:14px\">180*180*260mm<\/span><\/td>\n<\/tr>\n<tr>\n<td style=\"text-align:center\"><span style=\"font-size:14px\">HYL-8000\/A<\/span><\/td>\n<td><span style=\"font-size:14px\">110V\/240V<\/span><\/td>\n<td><span style=\"font-size:14px\">50Hz\/60Hz<\/span><\/td>\n<td><span style=\"font-size:14px\">180W<\/span><\/td>\n<td><span style=\"font-size:14px\">7,5m<\/span><\/td>\n<td><span style=\"font-size:14px\">8000L\/h<\/span><\/td>\n<td><span style=\"font-size:14px\">3,22kg\/3,42kg<\/span><\/td>\n<td><span style=\"font-size:14px\">180*180*260mm<\/span><\/td>\n<\/tr>\n<tr>\n<td style=\"text-align:center\"><span style=\"font-size:14px\">HYL-9000\/A<\/span><\/td>\n<td><span style=\"font-size:14px\">110V\/240V<\/span><\/td>\n<td><span style=\"font-size:14px\">50Hz\/60Hz<\/span><\/td>\n<td><span style=\"font-size:14px\">220W<\/span><\/td>\n<td><span style=\"font-size:14px\">8,5m<\/span><\/td>\n<td><span style=\"font-size:14px\">9000L\/h<\/span><\/td>\n<td><span style=\"font-size:14px\">3,32kg\/3,52kg<\/span><\/td>\n<td><span style=\"font-size:14px\">180*180*260mm<\/span><\/td>\n<\/tr>\n<tr>\n<td style=\"text-align:center\"><span style=\"font-size:14px\">HYL-10000\/A<\/span><\/td>\n<td><span style=\"font-size:14px\">110V\/240V<\/span><\/td>\n<td><span style=\"font-size:14px\">50Hz\/60Hz<\/span><\/td>\n<td><span style=\"font-size:14px\">320W<\/span><\/td>\n<td><span style=\"font-size:14px\">9,5m<\/span><\/td>\n<td><span style=\"font-size:14px\">10000L\/h<\/span><\/td>\n<td><span style=\"font-size:14px\">3,42kg\/3,62kg<\/span><\/td>\n<td><span style=\"font-size:14px\">180*180*260mm<\/span><\/td>\n<\/tr>\n<\/tbody>\n<\/table>\n<table class=\"aliDataTable\" style=\"width:80%\" border=\"5\">\n<tbody>\n<tr>\n<td><span style=\"font-size:14px\"> Modelo <\/span><\/td>\n<td><span style=\"font-size:14px\">Tens\u00e3o<\/span><\/td>\n<td><span style=\"font-size:14px\">Frequ\u00eancia<\/span><\/td>\n<td><span style=\"font-size:14px\">Pot\u00eancia<\/span><\/td>\n<td><span style=\"font-size:14px\">H-max <\/span><\/td>\n<td><span style=\"font-size:14px\">Sa\u00edda<\/span><\/td>\n<td><span style=\"font-size:14px\">Peso<\/span><\/td>\n<td><span style=\"font-size:14px\"> Dimens\u00f5es<\/span><\/td>\n<\/tr>\n<tr>\n<td style=\"text-align:center\"><span style=\"font-size:14px\">HQS-5000<\/span><\/td>\n<td><span style=\"font-size:14px\">220V<\/span><\/td>\n<td><span style=\"font-size:14px\">50Hz<\/span><\/td>\n<td><span style=\"font-size:14px\">250W<\/span><\/td>\n<td><span style=\"font-size:14px\">6m<\/span><\/td>\n<td><span style=\"font-size:14px\">6000L\/h<\/span><\/td>\n<td><span style=\"font-size:14px\">3,6kg<\/span><\/td>\n<td><span style=\"font-size:14px\">200*200*350mm<\/span><\/td>\n<\/tr>\n<tr>\n<td style=\"text-align:center\"><span style=\"font-size:14px\">HQS-6000\/I<\/span><\/td>\n<td><span style=\"font-size:14px\">220V<\/span><\/td>\n<td><span style=\"font-size:14px\">50Hz<\/span><\/td>\n<td><span style=\"font-size:14px\">300W<\/span><\/td>\n<td><span style=\"font-size:14px\">8m<\/span><\/td>\n<td><span style=\"font-size:14px\">8000L\/h<\/span><\/td>\n<td><span style=\"font-size:14px\">5,5kg<\/span><\/td>\n<td><span style=\"font-size:14px\">200*200*350mm<\/span><\/td>\n<\/tr>\n<tr>\n<td style=\"text-align:center\"><span style=\"font-size:14px\">HQS-7000\/I<\/span><\/td>\n<td><span style=\"font-size:14px\">220V<\/span><\/td>\n<td><span style=\"font-size:14px\">50Hz<\/span><\/td>\n<td><span style=\"font-size:14px\">320W<\/span><\/td>\n<td><span style=\"font-size:14px\">10m<\/span><\/td>\n<td><span style=\"font-size:14px\">10000L\/h<\/span><\/td>\n<td><span style=\"font-size:14px\">6,2kg<\/span><\/td>\n<td><span style=\"font-size:14px\">200*200*350mm<\/span><\/td>\n<\/tr>\n<tr>\n<td style=\"text-align:center\"><span style=\"font-size:14px\">HQS-8000\/I<\/span><\/td>\n<td><span style=\"font-size:14px\">220V<\/span><\/td>\n<td><span style=\"font-size:14px\">50Hz<\/span><\/td>\n<td><span style=\"font-size:14px\">350W<\/span><\/td>\n<td><span style=\"font-size:14px\">11m<\/span><\/td>\n<td><span style=\"font-size:14px\">13000L\/h<\/span><\/td>\n<td><span style=\"font-size:14px\">5,7kg<\/span><\/td>\n<td><span style=\"font-size:14px\">250*250*350mm<\/span><\/td>\n<\/tr>\n<tr>\n<td style=\"text-align:center\"><span style=\"font-size:14px\">HQS-9000<\/span><\/td>\n<td><span style=\"font-size:14px\">220V<\/span><\/td>\n<td><span style=\"font-size:14px\">50Hz<\/span><\/td>\n<td><span style=\"font-size:14px\">380W<\/span><\/td>\n<td><span style=\"font-size:14px\">12m<\/span><\/td>\n<td><span style=\"font-size:14px\">14000L\/h<\/span><\/td>\n<td><span style=\"font-size:14px\">6,0kg<\/span><\/td>\n<td><span style=\"font-size:14px\">250*250*350mm<\/span><\/td>\n<\/tr>\n<tr>\n<td style=\"text-align:center\"><span style=\"font-size:14px\">HQS-10000<\/span><\/td>\n<td><span style=\"font-size:14px\">220V<\/span><\/td>\n<td><span style=\"font-size:14px\">50Hz<\/span><\/td>\n<td><span style=\"font-size:14px\">420W<\/span><\/td>\n<td><span style=\"font-size:14px\">13m<\/span><\/td>\n<td><span style=\"font-size:14px\">15000L\/h<\/span><\/td>\n<td><span style=\"font-size:14px\">6,5kg<\/span><\/td>\n<td><span style=\"font-size:14px\">250*250*350mm<\/span><\/td>\n<\/tr>\n<tr>\n<td style=\"text-align:center\"><span style=\"font-size:14px\">HQS-1800<\/span><\/td>\n<td><span style=\"font-size:14px\">110V\/220V\/240V<\/span><\/td>\n<td><span style=\"font-size:14px\">50Hz\/60Hz<\/span><\/td>\n<td><span style=\"font-size:14px\">180W<\/span><\/td>\n<td><span style=\"font-size:14px\">7,0m<\/span><\/td>\n<td><span style=\"font-size:14px\">8500L\/h<\/span><\/td>\n<td><span style=\"font-size:14px\">5,5kg<\/span><\/td>\n<td><span style=\"font-size:14px\">182*137*279mm<\/span><\/td>\n<\/tr>\n<tr>\n<td style=\"text-align:center\"><span style=\"font-size:14px\">HQS-4000<\/span><\/td>\n<td><span style=\"font-size:14px\">220V\/240V<\/span><\/td>\n<td><span style=\"font-size:14px\">50Hz<\/span><\/td>\n<td><span style=\"font-size:14px\">100W<\/span><\/td>\n<td><span style=\"font-size:14px\">4,0m<\/span><\/td>\n<td><span style=\"font-size:14px\">4500L\/h<\/span><\/td>\n<td><span style=\"font-size:14px\">2,8kg<\/span><\/td>\n<td><span style=\"font-size:14px\">145*145*240mm<\/span><\/td>\n<\/tr>\n<tr>\n<td style=\"text-align:center\"><span style=\"font-size:14px\">HQS-4200<\/span><\/td>\n<td><span style=\"font-size:14px\">220V\/240V<\/span><\/td>\n<td><span style=\"font-size:14px\">50Hz<\/span><\/td>\n<td><span style=\"font-size:14px\">100W<\/span><\/td>\n<td><span style=\"font-size:14px\">4,2m<\/span><\/td>\n<td><span style=\"font-size:14px\">4500L\/h<\/span><\/td>\n<td><span style=\"font-size:14px\">3,2kg<\/span><\/td>\n<td><span style=\"font-size:14px\">145*145*240mm<\/span><\/td>\n<\/tr>\n<\/tbody>\n<\/table>\n<table class=\"aliDataTable\" style=\"height:201px;width:83,25%\" border=\"5\">\n<tbody>\n<tr>\n<td><span style=\"font-size:14px\"> Modelo <\/span><\/td>\n<td><span style=\"font-size:14px\"> Tens\u00e3o<\/span><\/td>\n<td><span style=\"font-size:14px\">Frequ\u00eancia<\/span><\/td>\n<td><span style=\"font-size:14px\">Pot\u00eancia<\/span><\/td>\n<td><span style=\"font-size:14px\">H-max <\/span><\/td>\n<td><span style=\"font-size:14px\">Sa\u00edda<\/span><\/td>\n<td><span style=\"font-size:14px\">Peso<\/span><\/td>\n<td><span style=\"font-size:14px\"> Dimens\u00f5es<\/span><\/td>\n<\/tr>\n<tr>\n<td style=\"text-align:center\"><span style=\"font-size:14px\">HQB-2000<\/span><\/td>\n<td><span style=\"font-size:14px\">110V\/220V\/240V<\/span><\/td>\n<td><span style=\"font-size:14px\">50Hz\/60Hz<\/span><\/td>\n<td><span style=\"font-size:14px\">24W<\/span><\/td>\n<td><span style=\"font-size:14px\">1,8m<\/span><\/td>\n<td><span style=\"font-size:14px\">1400L\/h<\/span><\/td>\n<td><span style=\"font-size:14px\">0,8kg<\/span><\/td>\n<td><span style=\"font-size:14px\">138*65*145mm<\/span><\/td>\n<\/tr>\n<tr>\n<td style=\"text-align:center\"><span style=\"font-size:14px\">HQB-2200<\/span><\/td>\n<td><span style=\"font-size:14px\">110V\/220V\/240V<\/span><\/td>\n<td><span style=\"font-size:14px\">50Hz\/60Hz<\/span><\/td>\n<td><span style=\"font-size:14px\">40W<\/span><\/td>\n<td><span style=\"font-size:14px\">2,3m<\/span><\/td>\n<td><span style=\"font-size:14px\">1900L\/h<\/span><\/td>\n<td><span style=\"font-size:14px\">1,2kg<\/span><\/td>\n<td><span style=\"font-size:14px\">135*105*115mm<\/span><\/td>\n<\/tr>\n<tr>\n<td style=\"text-align:center\"><span style=\"font-size:14px\">HQB-2500<\/span><\/td>\n<td><span style=\"font-size:14px\">110V\/220V\/240V<\/span><\/td>\n<td><span style=\"font-size:14px\">50Hz\/60Hz<\/span><\/td>\n<td><span style=\"font-size:14px\">55W<\/span><\/td>\n<td><span style=\"font-size:14px\">2,5m<\/span><\/td>\n<td><span style=\"font-size:14px\">2000L\/h<\/span><\/td>\n<td><span style=\"font-size:14px\">1,2kg<\/span><\/td>\n<td><span style=\"font-size:14px\">153*105*135mm<\/span><\/td>\n<\/tr>\n<tr>\n<td style=\"text-align:center\"><span style=\"font-size:14px\">HQB-3000<\/span><\/td>\n<td><span style=\"font-size:14px\">110V\/220V\/240V<\/span><\/td>\n<td><span style=\"font-size:14px\">50Hz\/60Hz<\/span><\/td>\n<td><span style=\"font-size:14px\">60W<\/span><\/td>\n<td><span style=\"font-size:14px\">3,0m<\/span><\/td>\n<td><span style=\"font-size:14px\">2500L\/h<\/span><\/td>\n<td><span style=\"font-size:14px\">1,6kg<\/span><\/td>\n<td><span style=\"font-size:14px\">153*105*135mm<\/span><\/td>\n<\/tr>\n<tr>\n<td style=\"text-align:center\"><span style=\"font-size:14px\">HQB-3500<\/span><\/td>\n<td><span style=\"font-size:14px\">110V\/220V\/240V<\/span><\/td>\n<td><span style=\"font-size:14px\">50Hz\/60Hz<\/span><\/td>\n<td><span style=\"font-size:14px\">85W<\/span><\/td>\n<td><span style=\"font-size:14px\">3,5m<\/span><\/td>\n<td><span style=\"font-size:14px\">3000L\/h<\/span><\/td>\n<td><span style=\"font-size:14px\">1,25kg<\/span><\/td>\n<td><span style=\"font-size:14px\">153*105*135mm<\/span><\/td>\n<\/tr>\n<tr>\n<td style=\"text-align:center\"><span style=\"font-size:14px\">HQB-4500<\/span><\/td>\n<td><span style=\"font-size:14px\">110V\/220V\/240V<\/span><\/td>\n<td><span style=\"font-size:14px\">50Hz\/60Hz<\/span><\/td>\n<td><span style=\"font-size:14px\">100W<\/span><\/td>\n<td><span style=\"font-size:14px\">4,5m<\/span><\/td>\n<td><span style=\"font-size:14px\">4500L\/h<\/span><\/td>\n<td><span style=\"font-size:14px\">2,7kg<\/span><\/td>\n<td><span style=\"font-size:14px\">175*112*133mm<\/span><\/td>\n<\/tr>\n<tr>\n<td style=\"text-align:center\"><span style=\"font-size:14px\">HQB-5000<\/span><\/td>\n<td><span style=\"font-size:14px\">110V\/220V\/240V<\/span><\/td>\n<td><span style=\"font-size:14px\">50Hz\/60Hz<\/span><\/td>\n<td><span style=\"font-size:14px\">150W<\/span><\/td>\n<td><span style=\"font-size:14px\">5,0m<\/span><\/td>\n<td><span style=\"font-size:14px\">5500L\/h<\/span><\/td>\n<td><span style=\"font-size:14px\">2,8kg<\/span><\/td>\n<td><span style=\"font-size:14px\">175*112*133mm<\/span><\/td>\n<\/tr>\n<tr>\n<td style=\"text-align:center\"><span style=\"font-size:14px\">HQB-5500<\/span><\/td>\n<td><span style=\"font-size:14px\">110V\/220V\/240V<\/span><\/td>\n<td><span style=\"font-size:14px\">50Hz\/60Hz<\/span><\/td>\n<td><span style=\"font-size:14px\">200W<\/span><\/td>\n<td><span style=\"font-size:14px\">5,5m<\/span><\/td>\n<td><span style=\"font-size:14px\">6800L\/h<\/span><\/td>\n<td><span style=\"font-size:14px\">4,0kg<\/span><\/td>\n<td><span style=\"font-size:14px\">200*140*160mm<\/span><\/td>\n<\/tr>\n<\/tbody>\n<\/table>\n<p><span style=\"font-size:14px;color:#008000\"><strong>Exibi\u00e7\u00e3o de bombas de \u00e1gua de jardim multiuso <\/strong><\/span><\/p>\n<p><span style=\"font-size:14px;color:#008000\"><strong><img decoding=\"async\" alt=\"SUNSUN 7500L\/h 150W Bombas de \u00e1gua para jardim HYL-7500A\" src=\"http:\/\/localhost\/media\/import\/detail\/549359709_064.jpg\"><img decoding=\"async\" alt=\"SUNSUN 7500L\/h 150W Bombas de \u00e1gua para jardim HYL-7500A\" src=\"http:\/\/localhost\/media\/import\/detail\/549359713_226.jpg\"><img decoding=\"async\" alt=\"SUNSUN 7500L\/h 150W Bombas de \u00e1gua para jardim HYL-7500A\" src=\"http:\/\/localhost\/media\/import\/detail\/549359718_579.jpg\"><img decoding=\"async\" alt=\"SUNSUN 7500L\/h 150W Bombas de \u00e1gua para jardim HYL-7500A\" src=\"http:\/\/localhost\/media\/import\/detail\/549359721_584.jpg\"><\/strong><\/span><\/p>\n<\/p>\n<p><span style=\"font-size:14px;color:#008000\"><strong>HQS, bombas de \u00e1gua submers\u00edveis multifuncionais para jardim da s\u00e9rie HQB show<\/strong><\/span><\/p>\n<p><span style=\"font-size:14px;color:#008000\"><strong><img decoding=\"async\" alt=\"SUNSUN 7500L\/h 150W Bombas de \u00e1gua para jardim HYL-7500A\" src=\"http:\/\/localhost\/media\/import\/detail\/549373093_790.jpg\"><img decoding=\"async\" alt=\"SUNSUN 7500L\/h 150W Bombas de \u00e1gua para jardim HYL-7500A\" src=\"http:\/\/localhost\/media\/import\/detail\/549373099_645.jpg\"><img decoding=\"async\" alt=\"SUNSUN 7500L\/h 150W Bombas de \u00e1gua para jardim HYL-7500A\" src=\"http:\/\/localhost\/media\/import\/detail\/549373104_445.jpg\"><img decoding=\"async\" alt=\"SUNSUN 7500L\/h 150W Bombas de \u00e1gua para jardim HYL-7500A\" src=\"http:\/\/localhost\/media\/import\/detail\/549373107_687.jpg\"><\/strong><\/span><\/p>\n<p><span style=\"font-size:14px;color:#008000\"><strong><img decoding=\"async\" alt=\"SUNSUN Bombas de \u00e1gua de jardim 7500L \/ h 150W HYL-7500A\" src=\"http:\/\/localhost\/media\/import\/detail\/549376095_414.jpg\"><\/strong><\/span><\/p>\n<\/p>\n<div id=\"ali-anchor-AliPostDhMb-nczk9\" style=\"padding-top:8px\" data-section-title=\"Informa\u00e7\u00f5es da empresa\" data-section=\"AliPostDhMb-nczk9\">\n<div id=\"ali-title-AliPostDhMb-nczk9\" style=\"border-bottom:#ddd 1px solid;padding-bottom:8px;padding-top:8px;padding-left:0px;padding-right:0px\"> <\/div>\n<\/div>\n<div style=\"clear:both\"><\/div>\n","protected":false},"excerpt":{"rendered":"<p>Bombas de \u00e1gua de jardim SUNSUN 7500L\/h 150W HYL-7500A<\/p>\n","protected":false},"featured_media":5427,"comment_status":"open","ping_status":"closed","template":"","meta":[],"product_brand":[],"product_cat":[1374],"product_tag":[],"class_list":{"0":"post-36709","1":"product","2":"type-product","3":"status-publish","4":"has-post-thumbnail","6":"product_cat-bombas-de-agua-e-cabecas-poderosas","8":"first","9":"instock","10":"shipping-taxable","11":"purchasable","12":"product-type-simple","13":"add-to-wishlist-after_add_to_cart"},"jetpack_sharing_enabled":true,"_links":{"self":[{"href":"https:\/\/www.reefshops.com\/pt-br\/wp-json\/wp\/v2\/product\/36709","targetHints":{"allow":["GET"]}}],"collection":[{"href":"https:\/\/www.reefshops.com\/pt-br\/wp-json\/wp\/v2\/product"}],"about":[{"href":"https:\/\/www.reefshops.com\/pt-br\/wp-json\/wp\/v2\/types\/product"}],"replies":[{"embeddable":true,"href":"https:\/\/www.reefshops.com\/pt-br\/wp-json\/wp\/v2\/comments?post=36709"}],"wp:featuredmedia":[{"embeddable":true,"href":"https:\/\/www.reefshops.com\/pt-br\/wp-json\/wp\/v2\/media\/5427"}],"wp:attachment":[{"href":"https:\/\/www.reefshops.com\/pt-br\/wp-json\/wp\/v2\/media?parent=36709"}],"wp:term":[{"taxonomy":"product_brand","embeddable":true,"href":"https:\/\/www.reefshops.com\/pt-br\/wp-json\/wp\/v2\/product_brand?post=36709"},{"taxonomy":"product_cat","embeddable":true,"href":"https:\/\/www.reefshops.com\/pt-br\/wp-json\/wp\/v2\/product_cat?post=36709"},{"taxonomy":"product_tag","embeddable":true,"href":"https:\/\/www.reefshops.com\/pt-br\/wp-json\/wp\/v2\/product_tag?post=36709"}],"curies":[{"name":"wp","href":"https:\/\/api.w.org\/{rel}","templated":true}]}}