{"id":36712,"date":"2016-09-25T23:28:27","date_gmt":"2016-09-25T23:28:27","guid":{"rendered":"https:\/\/www.reefshops.com\/product\/bomba-submersivel-requintada-para-tanque-de-aquario-95w-8000l-h-ylb-5500a\/"},"modified":"2025-03-16T08:44:07","modified_gmt":"2025-03-16T08:44:07","slug":"bomba-submersivel-requintada-para-tanque-de-aquario-95w-8000l-h-ylb-5500a","status":"publish","type":"product","link":"https:\/\/www.reefshops.com\/pt-br\/produto\/bomba-submersivel-requintada-para-tanque-de-aquario-95w-8000l-h-ylb-5500a\/","title":{"rendered":"Bomba submers\u00edvel requintada para tanque de aqu\u00e1rio 95W 8000L\/h YLB-5500A"},"content":{"rendered":"<div style=\"clear:both\"><\/div>\n<p><strong><em><span style=\"font-size:18px\"><span style=\"color:#ff0000\"><span style=\"font-size:24px\">Bomba submers\u00edvel requintada para tanque de aqu\u00e1rio 95W 8000L\/h YLB-5500A<\/span> <\/span><\/span><\/em><\/strong><strong><em><span style=\"font-size:18px\"><span style=\"color:#ff0000\"> <\/span><span style=\"color:#ff0000\"> <\/span><\/span><\/em><\/strong><\/p>\n<p><em><\/em> <\/p>\n<div id=\"ali-anchor-AliPostDhMb-57ti9\" style=\"padding-top:8px\" data-section-title=\"Descri\u00e7\u00e3o do produto\" data-section=\"AliPostDhMb-57ti9\">\n<div id=\"ali-title-AliPostDhMb-57ti9\" style=\"border-bottom:#ddd 1px solid;padding-bottom:8px;padding-top:8px;padding-left:0px;padding-right:0px\"><span style=\"font-weight:bold;color:#333;padding-bottom:8px;padding-top:8px;padding-left:10px;line-height:12px;padding-right:10px;background-color:#ddd\">Descri\u00e7\u00e3o do produto<\/span><\/div>\n<div style=\"padding-bottom:10px;padding-top:10px;padding-left:0px;padding-right:0px\">\n<\/div>\n<\/div>\n<p>Recursos:<\/p>\n<p><span style=\"color:#ff0000\"><em><strong><\/strong><\/em><span style=\"font-size:12px;color:#000000\">1. O rotor \u00e9 feito de <em><strong>material especial, de f\u00e1cil partida e baixo consumo de energia<\/strong><\/em>. <\/span><\/span><\/p>\n<p><span style=\"font-size:12px;color:#ff0000\"><span style=\"color:#000000\">2. Eixo cer\u00e2mico de alta qualidade e localizador de eixo, <em><strong>dur\u00e1vel e de baixo ru\u00eddo<\/strong><\/em>.<\/span><\/span><\/p>\n<p><span style=\"font-size:12px;color:#ff0000\"><span style=\"color:#000000\">3. Motor totalmente selado e \u00e0 prova d&#8217;\u00e1gua,<em><strong>seguro e confi\u00e1vel<\/strong><\/em><\/span><\/span><span style=\"font-size:12px\"><span style=\"color:#ff0000\"><span style=\"color:#000000\">.<\/span><\/span><\/span><\/p>\n<p><span style=\"font-size:12px;color:#ff0000\"><span style=\"color:#000000\">4. Motor ass\u00edncrono <em><strong>padr\u00e3o de alto desempenho com novo design e economia de energia de at\u00e9 50%<\/strong><\/em><\/span><\/span><\/p>\n<p><em><strong>do que antes<\/strong><\/em>.<\/p>\n<p>5. Prote\u00e7\u00e3o do interruptor flutuante, <em><strong>uso mais seguro<\/strong><\/em>.<\/p>\n<p>6. <em><strong>Jardim aqu\u00e1tico, circular \u00e1gua em jardins ornamentais, fornecer e descarregar \u00e1gua na piscina<\/strong><\/em>.<\/p>\n<\/p>\n<p><em><span style=\"color:#000080\"><strong><span style=\"font-size:14px\">Par\u00e2metros requintados de bombas submers\u00edveis para tanques de aqu\u00e1rio da s\u00e9rie YLB<\/span><\/strong> <\/span><\/em><\/p>\n<table class=\"aliDataTable\">\n<tbody>\n<tr align=\"left\">\n<td style=\"background:#ffffff;width:67.85pt\" valign=\"middle\">\n<p style=\"background:#ffffff\"><span style=\"font-size:9pt;font-family:'Verdana';background:#ffffff;color:#000000\">Modelo<\/span><\/p>\n<\/td>\n<td style=\"background:#ffffff;width:63pt\" valign=\"middle\">\n<p style=\"background:#ffffff\"><span style=\"font-size:9pt;font-family:'Verdana';background:#ffffff;color:#000000\">Tens\u00e3o<\/span><\/p>\n<\/td>\n<td style=\"background:#ffffff;width:62.25pt\" valign=\"middle\">\n<p style=\"background:#ffffff\"><span style=\"font-size:9pt;font-family:'Verdana';background:#ffffff;color:#000000\">Frequ\u00eancia<\/span><\/p>\n<\/td>\n<td style=\"background:#ffffff;width:39.75pt\" valign=\"middle\">\n<p style=\"background:#ffffff\"><span style=\"font-size:9pt;font-family:'Verdana';background:#ffffff;color:#000000\">Poder<\/span><\/p>\n<\/td>\n<td style=\"background:#ffffff;width:42.65pt\" valign=\"middle\">\n<p style=\"background:#ffffff\"><span style=\"font-size:9pt;font-family:'Verdana';background:#ffffff;color:#000000\">H-max<\/span><\/p>\n<\/td>\n<td style=\"background:#ffffff;width:55.7pt\" valign=\"middle\">\n<p style=\"background:#ffffff\"><span style=\"font-size:9pt;font-family:'Verdana';background:#ffffff;color:#000000\">Sa\u00edda<\/span><\/p>\n<\/td>\n<td style=\"background:#ffffff;width:99.05pt\" valign=\"middle\">\n<p style=\"background:#ffffff\"><span style=\"font-size:9pt;font-family:'Verdana';background:#ffffff;color:#000000\">Dimens\u00f5es<\/span><\/p>\n<\/td>\n<\/tr>\n<tr align=\"left\">\n<td style=\"background:#ffffff\" valign=\"middle\">\n<p style=\"background:#ffffff\"><span style=\"font-size:9pt;font-family:'Verdana';background:#ffffff;color:#000000\">YLB-5000A<\/span><\/p>\n<\/td>\n<td style=\"background:#ffffff\" valign=\"middle\">\n<p style=\"background:#ffffff\"><span style=\"font-size:9pt;font-family:'Verdana';background:#ffffff;color:#000000\">110V\/240V<\/span><\/p>\n<\/td>\n<td style=\"background:#ffffff\" valign=\"middle\">\n<p style=\"background:#ffffff\"><span style=\"font-size:9pt;font-family:'Verdana';background:#ffffff;color:#000000\">50Hz\/60Hz<\/span><\/p>\n<\/td>\n<td style=\"background:#ffffff\" valign=\"middle\">\n<p style=\"background:#ffffff\"><span style=\"font-size:9pt;font-family:'Verdana';background:#ffffff;color:#000000\">95W<\/span><\/p>\n<\/td>\n<td style=\"background:#ffffff\" valign=\"middle\">\n<p style=\"background:#ffffff\"><span style=\"font-size:9pt;font-family:'Verdana';background:#ffffff;color:#000000\">4,2m<\/span><\/p>\n<\/td>\n<td style=\"background:#ffffff\" valign=\"middle\">\n<p style=\"background:#ffffff\"><span style=\"font-size:9pt;font-family:'Verdana';background:#ffffff;color:#000000\">8000L\/h<\/span><\/p>\n<\/td>\n<td style=\"background:#ffffff\" valign=\"middle\">\n<p style=\"background:#ffffff\"><span style=\"font-size:9pt;font-family:'Verdana';background:#ffffff;color:#000000\">200*110*139mm<\/span><\/p>\n<\/td>\n<\/tr>\n<tr align=\"left\">\n<td style=\"background:#ffffff\" valign=\"middle\">\n<p style=\"background:#ffffff\"><span style=\"font-size:9pt;font-family:'Verdana';background:#ffffff;color:#000000\">YLB-5500A<\/span><\/p>\n<\/td>\n<td style=\"background:#ffffff\" valign=\"middle\">\n<p style=\"background:#ffffff\"><span style=\"font-size:9pt;font-family:'Verdana';background:#ffffff;color:#000000\">110V\/240V<\/span><\/p>\n<\/td>\n<td style=\"background:#ffffff\" valign=\"middle\">\n<p style=\"background:#ffffff\"><span style=\"font-size:9pt;font-family:'Verdana';background:#ffffff;color:#000000\">50Hz\/60Hz<\/span><\/p>\n<\/td>\n<td style=\"background:#ffffff\" valign=\"middle\">\n<p style=\"background:#ffffff\"><span style=\"font-size:9pt;font-family:'Verdana';background:#ffffff;color:#000000\">95W<\/span><\/p>\n<\/td>\n<td style=\"background:#ffffff\" valign=\"middle\">\n<p style=\"background:#ffffff\"><span style=\"font-size:9pt;font-family:'Verdana';background:#ffffff;color:#000000\">5,5m<\/span><\/p>\n<\/td>\n<td style=\"background:#ffffff\" valign=\"middle\">\n<p style=\"background:#ffffff\"><span style=\"font-size:9pt;font-family:'Verdana';background:#ffffff;color:#000000\">6500L\/h<\/span><\/p>\n<\/td>\n<td style=\"background:#ffffff\" valign=\"middle\">\n<p style=\"background:#ffffff\"><span style=\"font-size:9pt;font-family:'Verdana';background:#ffffff;color:#000000\">200*110*139mm<\/span><\/p>\n<\/td>\n<\/tr>\n<tr align=\"left\">\n<td style=\"background:#ffffff\" valign=\"middle\">\n<p style=\"background:#ffffff\"><span style=\"font-size:9pt;font-family:'Verdana';background:#ffffff;color:#000000\">YLB-6000A<\/span><\/p>\n<\/td>\n<td style=\"background:#ffffff\" valign=\"middle\">\n<p style=\"background:#ffffff\"><span style=\"font-size:9pt;font-family:'Verdana';background:#ffffff;color:#000000\">110V\/240V<\/span><\/p>\n<\/td>\n<td style=\"background:#ffffff\" valign=\"middle\">\n<p style=\"background:#ffffff\"><span style=\"font-size:9pt;font-family:'Verdana';background:#ffffff;color:#000000\">50Hz\/60Hz<\/span><\/p>\n<\/td>\n<td style=\"background:#ffffff\" valign=\"middle\">\n<p style=\"background:#ffffff\"><span style=\"font-size:9pt;font-family:'Verdana';background:#ffffff;color:#000000\">155W<\/span><\/p>\n<\/td>\n<td style=\"background:#ffffff\" valign=\"middle\">\n<p style=\"background:#ffffff\"><span style=\"font-size:9pt;font-family:'Verdana';background:#ffffff;color:#000000\">5,2m<\/span><\/p>\n<\/td>\n<td style=\"background:#ffffff\" valign=\"middle\">\n<p style=\"background:#ffffff\"><span style=\"font-size:9pt;font-family:'Verdana';background:#ffffff;color:#000000\">10000L\/h<\/span><\/p>\n<\/td>\n<td style=\"background:#ffffff\" valign=\"middle\">\n<p style=\"background:#ffffff\"><span style=\"font-size:9pt;font-family:'Verdana';background:#ffffff;color:#000000\">287*128*157mm<\/span><\/p>\n<\/td>\n<\/tr>\n<tr align=\"left\">\n<td style=\"background:#ffffff\" valign=\"middle\">\n<p style=\"background:#ffffff\"><span style=\"font-size:9pt;font-family:'Verdana';background:#ffffff;color:#000000\">YLB-6500A<\/span><\/p>\n<\/td>\n<td style=\"background:#ffffff\" valign=\"middle\">\n<p style=\"background:#ffffff\"><span style=\"font-size:9pt;font-family:'Verdana';background:#ffffff;color:#000000\">110V\/240V<\/span><\/p>\n<\/td>\n<td style=\"background:#ffffff\" valign=\"middle\">\n<p style=\"background:#ffffff\"><span style=\"font-size:9pt;font-family:'Verdana';background:#ffffff;color:#000000\">50Hz\/60Hz<\/span><\/p>\n<\/td>\n<td style=\"background:#ffffff\" valign=\"middle\">\n<p style=\"background:#ffffff\"><span style=\"font-size:9pt;font-family:'Verdana';background:#ffffff;color:#000000\">155W<\/span><\/p>\n<\/td>\n<td style=\"background:#ffffff\" valign=\"middle\">\n<p style=\"background:#ffffff\"><span style=\"font-size:9pt;font-family:'Verdana';background:#ffffff;color:#000000\">6,5m<\/span><\/p>\n<\/td>\n<td style=\"background:#ffffff\" valign=\"middle\">\n<p style=\"background:#ffffff\"><span style=\"font-size:9pt;font-family:'Verdana';background:#ffffff;color:#000000\">7500L\/h<\/span><\/p>\n<\/td>\n<td style=\"background:#ffffff\" valign=\"middle\">\n<p style=\"background:#ffffff\"><span style=\"font-size:9pt;font-family:'Verdana';background:#ffffff;color:#000000\">287*128*157mm<\/span><\/p>\n<\/td>\n<\/tr>\n<tr align=\"left\">\n<td style=\"background:#ffffff\" valign=\"middle\">\n<p style=\"background:#ffffff\"><span style=\"font-size:9pt;font-family:'Verdana';background:#ffffff;color:#000000\">YLB-7500A<\/span><\/p>\n<\/td>\n<td style=\"background:#ffffff\" valign=\"middle\">\n<p style=\"background:#ffffff\"><span style=\"font-size:9pt;font-family:'Verdana';background:#ffffff;color:#000000\">110V\/240V<\/span><\/p>\n<\/td>\n<td style=\"background:#ffffff\" valign=\"middle\">\n<p style=\"background:#ffffff\"><span style=\"font-size:9pt;font-family:'Verdana';background:#ffffff;color:#000000\">50Hz\/60Hz<\/span><\/p>\n<\/td>\n<td style=\"background:#ffffff\" valign=\"middle\">\n<p style=\"background:#ffffff\"><span style=\"font-size:9pt;font-family:'Verdana';background:#ffffff;color:#000000\">280W<\/span><\/p>\n<\/td>\n<td style=\"background:#ffffff\" valign=\"middle\">\n<p style=\"background:#ffffff\"><span style=\"font-size:9pt;font-family:'Verdana';background:#ffffff;color:#000000\">7,5m<\/span><\/p>\n<\/td>\n<td style=\"background:#ffffff\" valign=\"middle\">\n<p style=\"background:#ffffff\"><span style=\"font-size:9pt;font-family:'Verdana';background:#ffffff;color:#000000\">14000L\/h<\/span><\/p>\n<\/td>\n<td style=\"background:#ffffff\" valign=\"middle\">\n<p style=\"background:#ffffff\"><span style=\"font-size:9pt;font-family:'Verdana';background:#ffffff;color:#000000\">310*150*180mm <\/span><\/p>\n<\/td>\n<\/tr>\n<\/tbody>\n<\/table>\n<p><span style=\"font-size:14px;color:#000080\"><em><strong>Exibi\u00e7\u00e3o de bombas de \u00e1gua submers\u00edveis para tanques de aqu\u00e1rio<\/strong><\/em><\/span><\/p>\n<p><span style=\"font-size:14px;color:#ff0000\"><em><strong><img decoding=\"async\" alt=\"Bomba submers\u00edvel para tanque de aqu\u00e1rio requintada 95W 8000L\/h YLB-5500A\" src=\"http:\/\/localhost\/media\/import\/detail\/562388993_987.jpg\"><img decoding=\"async\" alt=\"Bomba submers\u00edvel para tanque de aqu\u00e1rio requintada 95W 8000L\/h YLB-5500A\" src=\"http:\/\/localhost\/media\/import\/detail\/562388997_384.jpg\"><img decoding=\"async\" alt=\"Bomba submers\u00edvel para tanque de aqu\u00e1rio requintada 95W 8000L\/h YLB-5500A\" src=\"http:\/\/localhost\/media\/import\/detail\/562388999_063.jpg\"><img decoding=\"async\" alt=\"Bomba submers\u00edvel para tanque de aqu\u00e1rio requintada 95W 8000L\/h YLB-5500A\" src=\"http:\/\/localhost\/media\/import\/detail\/562389000_888.jpg\"><img decoding=\"async\" alt=\"Bomba submers\u00edvel para tanque de aqu\u00e1rio requintada 95W 8000L\/h YLB-5500A\" src=\"http:\/\/localhost\/media\/import\/detail\/562389002_777.jpg\"><\/strong><\/em><\/span><\/p>\n<p><span style=\"font-size:14px;color:#ff0000\"><img decoding=\"async\" alt=\"Bomba submers\u00edvel requintada para tanque de aqu\u00e1rio 95W 8000L\/h YLB-5500A\" src=\"http:\/\/localhost\/media\/import\/detail\/562389653_051.jpg\"> <\/span><span style=\"font-size:14px;color:#ff0000\"><em><strong> <\/strong><\/em><\/span><\/p>\n<p style=\"text-align:left\">\n<div id=\"ali-anchor-AliPostDhMb-z1zjw\" style=\"padding-top:8px\" data-section-title=\"Informa\u00e7\u00f5es da empresa\" data-section=\"AliPostDhMb-z1zjw\">\n<div id=\"ali-title-AliPostDhMb-z1zjw\" style=\"border-bottom:#ddd 1px solid;padding-bottom:8px;padding-top:8px;padding-left:0px;padding-right:0px\">\n<p><span style=\"color:#ff0000\"><em><strong><span style=\"font-size:18px\"><\/span><\/strong><\/em><\/span><\/p>\n<p><strong><span style=\"background-color:#dddddd;color:#333333\"><\/span><\/strong><\/div>\n<\/div>\n","protected":false},"excerpt":{"rendered":"<p>Bomba submers\u00edvel requintada para tanque de aqu\u00e1rio 95W 8000L\/h YLB-5500A<\/p>\n","protected":false},"featured_media":5433,"comment_status":"open","ping_status":"closed","template":"","meta":[],"product_brand":[],"product_cat":[1374],"product_tag":[],"class_list":{"0":"post-36712","1":"product","2":"type-product","3":"status-publish","4":"has-post-thumbnail","6":"product_cat-bombas-de-agua-e-cabecas-poderosas","8":"first","9":"instock","10":"shipping-taxable","11":"purchasable","12":"product-type-simple","13":"add-to-wishlist-after_add_to_cart"},"jetpack_sharing_enabled":true,"_links":{"self":[{"href":"https:\/\/www.reefshops.com\/pt-br\/wp-json\/wp\/v2\/product\/36712","targetHints":{"allow":["GET"]}}],"collection":[{"href":"https:\/\/www.reefshops.com\/pt-br\/wp-json\/wp\/v2\/product"}],"about":[{"href":"https:\/\/www.reefshops.com\/pt-br\/wp-json\/wp\/v2\/types\/product"}],"replies":[{"embeddable":true,"href":"https:\/\/www.reefshops.com\/pt-br\/wp-json\/wp\/v2\/comments?post=36712"}],"wp:featuredmedia":[{"embeddable":true,"href":"https:\/\/www.reefshops.com\/pt-br\/wp-json\/wp\/v2\/media\/5433"}],"wp:attachment":[{"href":"https:\/\/www.reefshops.com\/pt-br\/wp-json\/wp\/v2\/media?parent=36712"}],"wp:term":[{"taxonomy":"product_brand","embeddable":true,"href":"https:\/\/www.reefshops.com\/pt-br\/wp-json\/wp\/v2\/product_brand?post=36712"},{"taxonomy":"product_cat","embeddable":true,"href":"https:\/\/www.reefshops.com\/pt-br\/wp-json\/wp\/v2\/product_cat?post=36712"},{"taxonomy":"product_tag","embeddable":true,"href":"https:\/\/www.reefshops.com\/pt-br\/wp-json\/wp\/v2\/product_tag?post=36712"}],"curies":[{"name":"wp","href":"https:\/\/api.w.org\/{rel}","templated":true}]}}