{"id":36725,"date":"2016-09-25T23:28:28","date_gmt":"2016-09-25T23:28:28","guid":{"rendered":"https:\/\/www.reefshops.com\/product\/6500l-h-95w-bomba-de-agua-para-tanque-de-peixes-e-lago-de-jardim-hyl-6500\/"},"modified":"2025-03-16T08:44:10","modified_gmt":"2025-03-16T08:44:10","slug":"6500l-h-95w-bomba-de-agua-para-tanque-de-peixes-e-lago-de-jardim-hyl-6500","status":"publish","type":"product","link":"https:\/\/www.reefshops.com\/pt-br\/produto\/6500l-h-95w-bomba-de-agua-para-tanque-de-peixes-e-lago-de-jardim-hyl-6500\/","title":{"rendered":"6500L\/h 95W Bomba de \u00e1gua para tanque de peixes e lago de jardim HYL-6500"},"content":{"rendered":"<div style=\"clear:both\"><\/div>\n<p style=\"text-align:center\">\n<div id=\"ali-anchor-AliPostDhMb-97st0\" style=\"padding-top:8px\" data-section-title=\"name\" data-section=\"AliPostDhMb-97st0\">\n<div id=\"ali-title-AliPostDhMb-97st0\" style=\"border-bottom:#ddd 1px solid;padding-bottom:8px;padding-top:8px;padding-left:0px;padding-right:0px\"><span style=\"font-weight:bold;color:#333;padding-bottom:8px;padding-top:8px;padding-left:10px;line-height:12px;padding-right:10px;background-color:#ddd\">nome<\/span><\/div>\n<div style=\"padding-bottom:10px;padding-top:10px;padding-left:0px;padding-right:0px\">\n<p><img decoding=\"async\" alt=\"6500L\/h 95W Fish Tank Garden Pond Bomba de \u00e1gua HYL-6500\" src=\"http:\/\/localhost\/media\/import\/detail\/HTB11qiMJVXXXXXWXVXXq6xXFXXXQ.jpg\"><span> <\/span><\/p>\n<\/div>\n<\/div>\n<p style=\"text-align:center\"><span style=\"font-size:24px\"><strong><span style=\"color:#000000\"> <\/span><\/strong><\/span><\/p>\n<p style=\"text-align:center\"><span style=\"font-size:24px\"><strong><span style=\"color:#000000\">6500L\/h 95W Tanque de peixes Jardim Lagoa Bomba de \u00e1gua HYL-6500 <\/span><\/strong><\/span><\/p>\n<\/p>\n<div id=\"ali-anchor-AliPostDhMb-r2vz7\" style=\"padding-top:8px\" data-section-title=\"Descri\u00e7\u00e3o do produto\" data-section=\"AliPostDhMb-r2vz7\">\n<div id=\"ali-title-AliPostDhMb-r2vz7\" style=\"border-bottom:#ddd 1px solid;padding-bottom:8px;padding-top:8px;padding-left:0px;padding-right:0px\"><span style=\"font-weight:bold;color:#333;padding-bottom:8px;padding-top:8px;padding-left:10px;line-height:12px;padding-right:10px;background-color:#ddd\">Descri\u00e7\u00e3o do produto<\/span><\/div>\n<div style=\"padding-bottom:10px;padding-top:10px;padding-left:0px;padding-right:0px\">\n<p><strong>especifica\u00e7\u00f5es:<\/strong><\/p>\n<\/div>\n<\/div>\n<p style=\"font-size:14px\"><span style=\"font-size:12px\"><strong>1. o rotor \u00e9 feito de material especial, de f\u00e1cil partida e baixo consumo de energia;<\/strong><\/span><\/p>\n<p style=\"font-size:14px\"><span style=\"font-size:12px\"><strong>2. eixo cer\u00e2mico de alta qualidade e localizador de eixo, dur\u00e1vel e de baixo ru\u00eddo;<\/strong><\/span><\/p>\n<p style=\"font-size:14px\"><span style=\"font-size:12px\"><strong>3. motor completamente selado e \u00e0 prova de \u00e1gua, seguro e confi\u00e1vel;<\/strong><\/span><\/p>\n<p style=\"font-size:14px\">\n<p style=\"font-size:14px\"><span style=\"font-size:12px\"><strong>4. motor ass\u00edncrono padr\u00e3o de alto desempenho com novo design e economia de energia <\/strong><\/span><\/p>\n<p style=\"font-size:14px\"><span style=\"font-size:12px\"><strong>at\u00e9 50% do que antes;<\/strong><\/span><\/p>\n<p style=\"font-size:14px\"><span style=\"font-size:12px\"><strong>5. prote\u00e7\u00e3o do interruptor flutuante, uso mais seguro;<\/strong><\/span><\/p>\n<p style=\"font-size:14px\"><span style=\"font-size:12px\"><strong>6. jardim aqu\u00e1tico, circular \u00e1gua em jardins ornamentais, fornecer e descarregar \u00e1gua em piscinas.<\/strong><\/span><\/p>\n<p style=\"font-size:14px\"><strong> <span style=\"background-color:#ffff00\">Par\u00e2metros das bombas de \u00e1gua do lago do jardim do tanque de peixes<\/span><\/strong><\/p>\n<table class=\"aliDataTable\" style=\"width:80%\" border=\"5\">\n<tbody>\n<tr>\n<td> Modelo <\/td>\n<td>Tens\u00e3o<\/td>\n<td>Frequ\u00eancia<\/td>\n<td>Pot\u00eancia<\/td>\n<td>H-max <\/td>\n<td>Sa\u00edda<\/td>\n<td>Peso<\/td>\n<td> Dimens\u00f5es<\/td>\n<\/tr>\n<tr>\n<td style=\"text-align:center\">HYL-5500\/A<\/td>\n<td>110V\/240V<\/td>\n<td>50Hz\/60Hz<\/td>\n<td>150W<\/ td><\/p>\n<td>6,5m<\/td>\n<td>5500L\/h<\/td>\n<td>2,92kg\/3,12kg<\/td>\n<td>180*180*260mm<\/td>\n<\/tr>\n<tr>\n<td style=\"text-align:center\">HYL-6500\/A<\/td>\n<td>110V\/240V<\/td>\n<td>50Hz\/60Hz<\/td>\n<td>95W<\/ td><\/p>\n<td>5,5m<\/td>\n<td>6500L\/h<\/td>\n<td>2,61kg\/2,81kg<\/td>\n<td>180*180*260mm<\/td>\n<\/tr>\n<tr>\n<td style=\"text-align:center\">HYL-7500\/A<\/td>\n<td>110V\/240V<\/td>\n<td>50Hz\/60Hz<\/td>\n<td>150W<\/td>\n<td>6,5m<\/td>\n<td>7500L\/h<\/td>\n<td>2,92kg\/3,12kg<\/td>\n<td>180*180*260mm<\/td>\n<\/tr>\n<\/tbody>\n<\/table>\n<table class=\"aliDataTable\" border=\"5\">\n<tbody>\n<tr>\n<td> Modelo <\/td>\n<td>Tens\u00e3o<\/td>\n<td>Frequ\u00eancia<\/td>\n<td>Pot\u00eancia<\/td>\n<td>H-max <\/td>\n<td>Sa\u00edda<\/td>\n<td>Peso<\/td>\n<td> Dimens\u00f5es<\/td>\n<\/tr>\n<tr>\n<td style=\"text-align:center\">HQS-5000<\/td>\n<td>220V<\/td>\n<td>50Hz<\/td>\n<td>250W<\/td>\n<td>6m<\/td>\n<td>6000L\/h<\/td>\n<td>3,6kg<\/td>\n<td>200*200*350mm<\/td>\n<\/tr>\n<tr>\n<td style=\"text-align:center\">HQS-6000\/I<\/td>\n<td>220V<\/td>\n<td>50Hz<\/td>\n<td>300W<\/td>\n<td>8m<\/td>\n<td>8000L\/h<\/td>\n<td>5,5kg<\/td>\n<td>200*200*350mm<\/td>\n<\/tr>\n<tr>\n<td style=\"text-align:center\">HQS-7000\/I<\/td>\n<td>220V<\/td>\n<td>50Hz<\/td>\n<td>320W<\/p>\n<td>10m<\/td>\n<td>10000L\/h<\/td>\n<td>6,2kg<\/td>\n<td>200*200*350mm<\/td>\n<\/tr>\n<tr>\n<td style=\"text-align:center\">HQS-8000\/I<\/td>\n<td>220V<\/td>\n<td>50Hz<\/td>\n<td>350W<\/p>\n<td>11m<\/td>\n<td>13000L\/h<\/td>\n<td>5,7kg<\/td>\n<td>250*250*350mm<\/td>\n<\/tr>\n<tr>\n<td style=\"text-align:center\">HQS-9000<\/td>\n<td>220V<\/td>\n<td>50Hz<\/td>\n<td>380W<\/td>\n<td>12m<\/td>\n<td>14000L\/h<\/td>\n<td>6,0kg<\/td>\n<td>250*250*350mm<\/td>\n<\/tr>\n<tr>\n<td style=\"text-align:center\">HQS-10000<\/td>\n<td>220V<\/td>\n<td>50Hz<\/td>\n<td>420W<\/td>\n<td>13m<\/td>\n<td>15000L\/h<\/td>\n<td>6,5kg<\/td>\n<td>250*250*350mm<\/td>\n<\/tr>\n<tr>\n<td style=\"text-align:center\">HQS-1800<\/td>\n<td>110V\/220V\/240V<\/td>\n<td>50Hz\/60Hz<\/td>\n<td> 180 W<\/td>\n<td>7,0m<\/td>\n<td>8500L\/h<\/td>\n<td>5,5kg<\/td>\n<td>182*137*279mm<\/td>\n<\/tr>\n<tr>\n<td style=\"text-align:center\">HQS-4000<\/td>\n<td>220V\/240V<\/td>\n<td>50Hz<\/td>\n<td>100W<\/td>\n<td>4,0m<\/td>\n<td>4500L\/h<\/td>\n<td>2,8kg<\/td>\n<td>145*145*240mm<\/td>\n<\/tr>\n<tr>\n<td style=\"text-align:center\">HQS-4200<\/td>\n<td>220V\/240V<\/td>\n<td>50Hz<\/td>\n<td>100W<\/td>\n<p>4,2m<\/td>\n<td>4500L\/h<\/td>\n<td>3,2kg<\/td>\n<td>145*145*240mm<\/td>\n<\/tr>\n<\/tbody>\n<\/table>\n<table class=\"aliDataTable\" border=\"5\">\n<tbody>\n<tr>\n<td> Modelo <\/td>\n<td> Tens\u00e3o<\/td>\n<td>Frequ\u00eancia<\/td>\n<td>Pot\u00eancia<\/td>\n<td>H-max <\/td>\n<td>Sa\u00edda<\/td>\n<td>Peso<\/td>\n<td> Dimens\u00f5es<\/td>\n<\/tr>\n<tr>\n<td style=\"text-align:center\">HQB-2000<\/td>\n<td>110V\/220V\/240V<\/td>\n<td>50Hz\/60Hz<\/td>\n<td>24W<\/td>\n<td>1,8m<\/td>\n<td>1400L\/h<\/td>\n<td>0,8kg<\/td>\n<td>138*65*145mm<\/td>\n<\/tr>\n<tr>\n<td style=\"text-align:center\">HQB-2200<\/td>\n<td>110V\/220V\/240V<\/td>\n<td>50Hz\/60Hz<\/td>\n<td> 40W<\/td>\n<td>2,3m<\/td>\n<td>1900L\/h<\/td>\n<td>1,2kg<\/td>\n<td>135*105*115mm<\/td>\n<\/tr>\n<tr>\n<td style=\"text-align:center\">HQB-2500<\/td>\n<td>110V\/220V\/240V<\/td>\n<td>50Hz\/60Hz<\/td>\n<td> 55W<\/td>\n<td>2,5m<\/td>\n<td>2.000L\/h<\/td>\n<td>1,2kg<\/td>\n<td>153*105*135mm<\/td>\n<\/tr>\n<tr>\n<td style=\"text-align:center\">HQB-3000<\/td>\n<td>110V\/220V\/240V<\/td>\n<td>50Hz\/60Hz<\/td>\n<td> 60W<\/td>\n<td>3,0m<\/td>\n<td>2500L\/h<\/td>\n<td>1,6kg<\/td>\n<td>153*105*135mm<\/td>\n<\/tr>\n<tr>\n<td style=\"text-align:center\">HQB-3500<\/td>\n<td>110V\/220V\/240V<\/td>\n<td>50Hz\/60Hz<\/td>\n<td> 85W<\/td>\n<td>3,5m<\/td>\n<td>3000L\/h<\/td>\n<td>1,25kg<\/td>\n<td>153*105*135mm<\/td>\n<\/tr>\n<tr>\n<td style=\"text-align:center\">HQB-4500<\/td>\n<td>110V\/220V\/240V<\/td>\n<td>50Hz\/60Hz<\/td>\n<td> 100 W<\/td>\n<td>4,5m<\/td>\n<td>4500L\/h<\/td>\n<td>2,7kg<\/td>\n<td>175*112*133mm<\/td>\n<\/tr>\n<tr>\n<td style=\"text-align:center\">HQB-5000<\/td>\n<td>110V\/220V\/240V<\/td>\n<td>50Hz\/60Hz<\/td>\n<td> 150 W<\/td>\n<td>5,0m<\/td>\n<td>5500L\/h<\/td>\n<td>2,8kg<\/td>\n<td>175*112*133mm<\/td>\n<\/tr>\n<tr>\n<td style=\"text-align:center\">HQB-5500<\/td>\n<td>110V\/220V\/240V<\/td>\n<td>50Hz\/60Hz<\/td>\n<td>200W<\/td>\n<td>5,5m<\/td>\n<td>6800L\/h<\/td>\n<td>4,0kg<\/td>\n<td>200*140*160mm<\/td>\n<\/tr>\n<\/tbody>\n<\/table>\n<p><span style=\"font-size:14px\"><strong><span style=\"background-color:#ffff00\">Mostram bombas de \u00e1gua submers\u00edveis multifuncionais para lago de jardim <\/span><\/strong><\/span><\/p>\n<p><span style=\"font-size:12px\"><strong>Bombas submers\u00edveis para lago de jardim da s\u00e9rie HYL (um estilo com interruptor flutuante)<\/strong><\/span><\/p>\n<p><span style=\"font-size:12px\"><strong>HYL-6500\/A,HYL-7500\/A<\/strong><\/span><\/p>\n<p><span style=\"font-size:12px\"><strong><img decoding=\"async\" alt=\"6500L\/h 95W Tanque de peixes Jardim Lagoa Bomba de \u00e1gua HYL-6500\" src=\"http:\/\/localhost\/media\/import\/detail\/544389675_817.jpg\"><img decoding=\"async\" alt=\"6500L\/h 95W Tanque de peixes Jardim Lagoa Bomba de \u00e1gua HYL-6500\" src=\"http:\/\/localhost\/media\/import\/detail\/544389677_272.jpg\"><\/strong><\/span><\/p>\n<p><span style=\"font-size:12px\"><strong>HYL-5500,HYL-5500A<\/strong><\/span><\/p>\n<p><span style=\"font-size:12px\"><strong><img decoding=\"async\" alt=\"6500L\/h 95W Tanque de peixes Jardim Lagoa Bomba de \u00e1gua HYL-6500\" src=\"http:\/\/localhost\/media\/import\/detail\/544389679_126.jpg\"><img decoding=\"async\" alt=\"6500L\/h 95W Peixe Tanque Bomba de \u00e1gua para lago de jardim HYL-6500\" src=\"http:\/\/localhost\/media\/import\/detail\/544389685_589.jpg\"><\/strong><\/span><\/p>\n<p><span style=\"font-size:12px\"><strong>Exibi\u00e7\u00e3o de bombas de \u00e1gua multiuso submers\u00edveis da s\u00e9rie HQS (um estilo com flutuador switch)<\/strong><\/span><\/p>\n<p><span style=\"font-size:12px\"><strong><img decoding=\"async\" alt=\"6500L\/h 95W Tanque de peixes Jardim Lagoa Bomba de \u00e1gua HYL-6500\" src=\"http:\/\/localhost\/media\/import\/detail\/544403995_597.jpg\"><\/strong><\/span><\/p>\n<p><span style=\"font-size:12px\"><strong><img decoding=\"async\" alt=\"6500L\/h 95W Tanque de peixes Jardim Lagoa Bomba de \u00e1gua HYL-6500\" src=\"http:\/\/localhost\/media\/import\/detail\/544404274_170.jpg\"><\/strong><\/span><\/p>\n<\/p>\n<p><strong> <\/strong><\/p>\n<div id=\"ali-anchor-AliPostDhMb-0chdf\" style=\"padding-top:8px\" data-section-title=\"Informa\u00e7\u00f5es da empresa\" data-section=\"AliPostDhMb-0chdf\">\n<div id=\"ali-title-AliPostDhMb-0chdf\" style=\"border-bottom:#ddd 1px solid;padding-bottom:8px;padding-top:8px;padding-left:0px;padding-right:0px\"> <\/div>\n<\/div>\n<div style=\"clear:both\"><\/div>\n","protected":false},"excerpt":{"rendered":"<p>6500L\/h 95W Bomba de \u00e1gua para tanque de peixes e lago de jardim HYL-6500<\/p>\n","protected":false},"featured_media":5459,"comment_status":"open","ping_status":"closed","template":"","meta":[],"product_brand":[],"product_cat":[1374],"product_tag":[],"class_list":{"0":"post-36725","1":"product","2":"type-product","3":"status-publish","4":"has-post-thumbnail","6":"product_cat-bombas-de-agua-e-cabecas-poderosas","8":"first","9":"instock","10":"shipping-taxable","11":"purchasable","12":"product-type-simple","13":"add-to-wishlist-after_add_to_cart"},"jetpack_sharing_enabled":true,"_links":{"self":[{"href":"https:\/\/www.reefshops.com\/pt-br\/wp-json\/wp\/v2\/product\/36725","targetHints":{"allow":["GET"]}}],"collection":[{"href":"https:\/\/www.reefshops.com\/pt-br\/wp-json\/wp\/v2\/product"}],"about":[{"href":"https:\/\/www.reefshops.com\/pt-br\/wp-json\/wp\/v2\/types\/product"}],"replies":[{"embeddable":true,"href":"https:\/\/www.reefshops.com\/pt-br\/wp-json\/wp\/v2\/comments?post=36725"}],"wp:featuredmedia":[{"embeddable":true,"href":"https:\/\/www.reefshops.com\/pt-br\/wp-json\/wp\/v2\/media\/5459"}],"wp:attachment":[{"href":"https:\/\/www.reefshops.com\/pt-br\/wp-json\/wp\/v2\/media?parent=36725"}],"wp:term":[{"taxonomy":"product_brand","embeddable":true,"href":"https:\/\/www.reefshops.com\/pt-br\/wp-json\/wp\/v2\/product_brand?post=36725"},{"taxonomy":"product_cat","embeddable":true,"href":"https:\/\/www.reefshops.com\/pt-br\/wp-json\/wp\/v2\/product_cat?post=36725"},{"taxonomy":"product_tag","embeddable":true,"href":"https:\/\/www.reefshops.com\/pt-br\/wp-json\/wp\/v2\/product_tag?post=36725"}],"curies":[{"name":"wp","href":"https:\/\/api.w.org\/{rel}","templated":true}]}}