{"id":36739,"date":"2016-09-25T23:28:28","date_gmt":"2016-09-25T23:28:28","guid":{"rendered":"https:\/\/www.reefshops.com\/product\/bomba-de-aquario-led-jp-032\/"},"modified":"2025-03-16T08:44:14","modified_gmt":"2025-03-16T08:44:14","slug":"bomba-de-aquario-led-jp-032","status":"publish","type":"product","link":"https:\/\/www.reefshops.com\/pt-br\/produto\/bomba-de-aquario-led-jp-032\/","title":{"rendered":"Bomba de aqu\u00e1rio LED JP-032"},"content":{"rendered":"<div style=\"clear:both\"><\/div>\n<\/p>\n<\/p>\n<p><span style=\"font-size:10.5pt;font-family:'Times New Roman'\">Par\u00e2metro:<\/span><\/p>\n<\/p>\n<p><span style=\"font-size:10.5pt;font-family:'Times New Roman'\">&#8211; Tens\u00e3o (V): 110\/220\/240<\/span><span style=\"font-size:10.5pt;font-family:'Times New Roman'\"><br \/><\/span><span style=\"font-size:10.5pt;font-family:'Times New Roman'\">&#8211; Frequ\u00eancia (Hz): 50\/60<\/span><span style=\"font-size:10.5pt;font-family:'Times New Roman'\"><br \/><\/span><span style=\"font-size:10.5pt;font-family:'Times New Roman'\">&#8211; Pot\u00eancia (W): 13<\/span><span style=\"font-size:10.5pt;font-family:'Times New Roman'\"><br \/><\/span><span style=\"font-size:10.5pt;font-family:'Times New Roman'\">&#8211; H-Max (m): 0,6<\/span><span style=\"font-size:10.5pt;font-family:'Times New Roman'\"><br \/><\/span><span style=\"font-size:10.5pt;font-family:'Times New Roman'\">&#8211; Sa\u00edda (L\/H): 350<\/span><span style=\"font-size:10.5pt;font-family:'Times New Roman'\"><br \/><\/span><span style=\"font-size:10.5pt;font-family:'Times New Roman'\">&#8211; Peso (kg): 0,6<\/span><span style=\"font-size:10.5pt;font-family:'Times New Roman'\"><br \/><\/span><span style=\"font-size:10.5pt;font-family:'Times New Roman'\">&#8211; Dimens\u00f5es (L*B*H): 52*43*50mm<\/span><\/p>\n<\/p>\n<p><span style=\"font-size:10.5pt;font-family:'Times New Roman'\">Completamente submers\u00edvel, energ\u00e9tico motor econ\u00f4mico, dur\u00e1vel e silencioso, LED conectado, pode efetivamente absorver manchas de laser <\/span><span style=\"font-size:10.5pt\">assim como <\/span><\/p>\n<p><span style=\"font-size:10.5pt\">para <\/span><span style=\"font-size:10.5pt;font-family:'Times New Roman'\">manter a \u00e1gua limpa<\/span><span style=\"font-size:10.5pt\">, <\/span><span style=\"font-size:10.5pt;font-family:'Times New Roman'\">adequado para fresco ou se<\/span><span style=\"font-size:10.5pt\">uma \u00e1gua, <\/span><span style=\"font-size:10.5pt;font-family:'Times New Roman'\">adequado para aqu\u00e1rio<\/span><span style=\"font-size:10.5pt\">, aqu\u00e1rio, <\/span><span style=\"font-size:10.5pt;font-family:'Times New Roman'\">fontes<\/span><span style=\"font-size:10.5pt\">, jardim, lago <\/span><span style=\"font-size:10.5pt;font-family:'Times New Roman'\">etc todos os sistemas de recursos aqu\u00e1ticos<\/span><span style=\"font-size:10.5pt\"> <\/span><span style=\"font-size:10.5pt;font-family:'Times New Roman'\">e outros projetos decorativos<\/span><span style=\"font-size:10.5pt\">.<\/span><\/p>\n<\/p>\n<\/p>\n<p><span style=\"font-size:10.5pt;font-family:'Times New Roman'\">Nossas bombas t\u00eam esse recurso:<\/span><\/p>\n<\/p>\n<p><span style=\"font-size:10.5pt;font-family:'Times New Roman'\">1.Perfeito para uso interno ou externo.<\/span><\/p>\n<\/p>\n<p><span style=\"font-size:10.5pt;font-family:'Times New Roman'\">2.Design compacto, silencioso, seguro e duradouro.<\/span><\/p>\n<\/p>\n<p><span style=\"font-size:10.5pt;font-family:'Times New Roman'\">3.Alta economia de custos operacionais e economia de energia de at\u00e9 50% do que antes<\/span><\/p>\n<\/p>\n<\/p>\n<p><span style=\"font-size:10.5pt\"><img decoding=\"async\" alt=\"Led Aquarium Pump JP-032L\" src=\"http:\/\/localhost\/media\/import\/detail\/520968246_644.jpg\"><img decoding=\"async\" alt=\"Led Aquarium Pump JP-032L\" src=\"http:\/\/localhost\/media\/import\/detail\/520968632_111.jpg\"><\/span><\/p>\n<p><span style=\"font-size:10.5pt\"><\/span><\/p>\n<\/p>\n<\/p>\n<\/p>\n<div style=\"clear:both\"><\/div>\n","protected":false},"excerpt":{"rendered":"<p>Bomba de aqu\u00e1rio LED JP-032<\/p>\n","protected":false},"featured_media":5487,"comment_status":"open","ping_status":"closed","template":"","meta":[],"product_brand":[],"product_cat":[1374],"product_tag":[],"class_list":{"0":"post-36739","1":"product","2":"type-product","3":"status-publish","4":"has-post-thumbnail","6":"product_cat-bombas-de-agua-e-cabecas-poderosas","8":"first","9":"instock","10":"shipping-taxable","11":"purchasable","12":"product-type-simple","13":"add-to-wishlist-after_add_to_cart"},"jetpack_sharing_enabled":true,"_links":{"self":[{"href":"https:\/\/www.reefshops.com\/pt-br\/wp-json\/wp\/v2\/product\/36739","targetHints":{"allow":["GET"]}}],"collection":[{"href":"https:\/\/www.reefshops.com\/pt-br\/wp-json\/wp\/v2\/product"}],"about":[{"href":"https:\/\/www.reefshops.com\/pt-br\/wp-json\/wp\/v2\/types\/product"}],"replies":[{"embeddable":true,"href":"https:\/\/www.reefshops.com\/pt-br\/wp-json\/wp\/v2\/comments?post=36739"}],"wp:featuredmedia":[{"embeddable":true,"href":"https:\/\/www.reefshops.com\/pt-br\/wp-json\/wp\/v2\/media\/5487"}],"wp:attachment":[{"href":"https:\/\/www.reefshops.com\/pt-br\/wp-json\/wp\/v2\/media?parent=36739"}],"wp:term":[{"taxonomy":"product_brand","embeddable":true,"href":"https:\/\/www.reefshops.com\/pt-br\/wp-json\/wp\/v2\/product_brand?post=36739"},{"taxonomy":"product_cat","embeddable":true,"href":"https:\/\/www.reefshops.com\/pt-br\/wp-json\/wp\/v2\/product_cat?post=36739"},{"taxonomy":"product_tag","embeddable":true,"href":"https:\/\/www.reefshops.com\/pt-br\/wp-json\/wp\/v2\/product_tag?post=36739"}],"curies":[{"name":"wp","href":"https:\/\/api.w.org\/{rel}","templated":true}]}}